{"id":742,"date":"2018-01-30T10:56:20","date_gmt":"2018-01-30T10:56:20","guid":{"rendered":"http:\/\/disseny-test.uoc.edu\/materials\/prod-digital\/?page_id=742"},"modified":"2018-01-30T10:56:20","modified_gmt":"2018-01-30T10:56:20","slug":"5-2-5-mp3","status":"publish","type":"page","link":"http:\/\/disseny-test.uoc.edu\/materials\/prod-digital\/es\/5-2-5-mp3\/","title":{"rendered":"5.2.5. MP3"},"content":{"rendered":"<div class=\"featured featured-blue\"><p><a href=\"#_ftn1\" name=\"_ftnref1\"><\/a>\u00a0<a href=\"javascript:void(0);\" class=\"tooltip\" data-toggle=\"popover\" data-placement=\"bottom\" data-content=\"El nombre completo es MPEG-2 Audio Layer III. MPEG es la sigla de <em>Moving Picture Experts Group<\/em>, el equipo responsable de su desarrollo y de especificar sus est\u00e1ndares.\" data-placement=\"top\" data-html=\"true\" ><strong>MP3<\/strong><\/a> es un formato con p\u00e9rdida, es decir, que elimina una parte de la informaci\u00f3n para asegurarse de tener un fichero de audio ligero.<\/p>\n<\/div>\n<p>El algoritmo de compresi\u00f3n se supone que elimina frecuencias no audibles por humanos y comprime de manera eficiente el resto, de forma que la calidad del audio original no se perder\u00eda pero, como hemos comentado en la introducci\u00f3n, hay una disputa considerable sobre este tema.<\/p>\n<h4><strong>\u00bfCu\u00e1ndo hay que usar MP3?<\/strong><\/h4>\n<p>MP3 no es ni mucho menos el sistema de compresi\u00f3n y codificaci\u00f3n m\u00e1s eficiente, pero se trata sin duda del m\u00e1s extendido y m\u00e1s accesible para todo tipo de hardware o sistemas operativos, de forma que, ante la duda, es la opci\u00f3n m\u00e1s c\u00f3moda y funcional. Es un sistema propietario creado por Fraunhofer IIS, y su uso en proyectos comerciales implica el pago de c\u00e1nones.<\/p>\n<p>Los expertos, en general, recomiendan generar MP3 a 44,1 kHz y 128 kbps para distribuirlo en internet, puesto que ofrece una buena velocidad de descarga sin comprometer la calidad del audio.<\/p>\n<p>Muchos distribuidores de podcasts utilizan tambi\u00e9n MP3 como formato por defecto.<\/p>\n<p>MP3 funciona de manera nativa en HTML 5 con los navegadores Internet Explorer, Safari y Chrome.<\/p>\n<p>&nbsp;<\/p>\n","protected":false},"excerpt":{"rendered":"<p>El algoritmo de compresi\u00f3n se supone que elimina frecuencias no audibles por humanos y comprime de manera eficiente el resto, de forma que la calidad del audio original no se perder\u00eda pero, como hemos comentado en la introducci\u00f3n, hay una disputa considerable sobre este tema. \u00bfCu\u00e1ndo hay que usar MP3? MP3 no es ni mucho [&hellip;]<\/p>\n","protected":false},"author":1,"featured_media":0,"parent":0,"menu_order":0,"comment_status":"closed","ping_status":"closed","template":"","meta":{"inline_featured_image":false},"acf":[],"_links":{"self":[{"href":"http:\/\/disseny-test.uoc.edu\/materials\/prod-digital\/es\/wp-json\/wp\/v2\/pages\/742"}],"collection":[{"href":"http:\/\/disseny-test.uoc.edu\/materials\/prod-digital\/es\/wp-json\/wp\/v2\/pages"}],"about":[{"href":"http:\/\/disseny-test.uoc.edu\/materials\/prod-digital\/es\/wp-json\/wp\/v2\/types\/page"}],"author":[{"embeddable":true,"href":"http:\/\/disseny-test.uoc.edu\/materials\/prod-digital\/es\/wp-json\/wp\/v2\/users\/1"}],"replies":[{"embeddable":true,"href":"http:\/\/disseny-test.uoc.edu\/materials\/prod-digital\/es\/wp-json\/wp\/v2\/comments?post=742"}],"version-history":[{"count":1,"href":"http:\/\/disseny-test.uoc.edu\/materials\/prod-digital\/es\/wp-json\/wp\/v2\/pages\/742\/revisions"}],"predecessor-version":[{"id":743,"href":"http:\/\/disseny-test.uoc.edu\/materials\/prod-digital\/es\/wp-json\/wp\/v2\/pages\/742\/revisions\/743"}],"wp:attachment":[{"href":"http:\/\/disseny-test.uoc.edu\/materials\/prod-digital\/es\/wp-json\/wp\/v2\/media?parent=742"}],"curies":[{"name":"wp","href":"https:\/\/api.w.org\/{rel}","templated":true}]}}