{"id":744,"date":"2018-01-30T10:58:21","date_gmt":"2018-01-30T10:58:21","guid":{"rendered":"http:\/\/disseny-test.uoc.edu\/materials\/prod-digital\/?page_id=744"},"modified":"2018-01-30T10:58:21","modified_gmt":"2018-01-30T10:58:21","slug":"5-2-6-ogg-vorbis","status":"publish","type":"page","link":"http:\/\/disseny-test.uoc.edu\/materials\/prod-digital\/es\/5-2-6-ogg-vorbis\/","title":{"rendered":"5.2.6. Ogg Vorbis"},"content":{"rendered":"<div class=\"featured featured-blue\"><p><strong>Ogg<\/strong> es un formato de contenedor pensado para diferentes medios: audio, v\u00eddeo, texto.<\/p>\n<\/div>\n<p class=\"Normalesp\">Es desarrollado por la fundaci\u00f3n Xiph.org y busca ofrecer formatos digitales de diferentes medios sin ning\u00fan tipo de propiedad intelectual asociada, de forma que cualquier desarrollador pueda utilizarlo simplemente sin tener que pagar ning\u00fan tipo de canon.<\/p>\n<div class=\"featured featured-blue\"><p><a href=\"javascript:void(0);\" class=\"tooltip\" data-toggle=\"popover\" data-placement=\"bottom\" data-content=\"Vorbis no es ninguna sigla, sino una referencia a un personaje de una de las novelas de la serie Mundodisco, de Terry Pratchett\" data-placement=\"top\" data-html=\"true\" ><strong>Vorbis<\/strong><\/a> es el codificador concreto para comprimir audio siguiendo esquemas similares al MP3, es decir, eliminar las frecuencias que no son audibles por un humano y comprimir de la manera m\u00e1s eficiente posible el resto.<\/p>\n<\/div>\n<p>La fundaci\u00f3n Xiph.org decidi\u00f3 desarrollar este formato alternativo cuando Fraunhofer IIS \u2013la compa\u00f1\u00eda propietaria de MP3\u2013 acus\u00f3 de infracci\u00f3n a grupos de desarrolladores por usar su formato sin pagar licencia.<\/p>\n<p>La calidad es similar a la de un MP3 y su tama\u00f1o un poco menor, pero desgraciadamente no est\u00e1 tan extendido como su hom\u00f3logo propietario.<\/p>\n<h4><strong>\u00bfCu\u00e1ndo hay que usar Ogg Vorbis?<\/strong><\/h4>\n<p>B\u00e1sicamente, en contextos en los que se valore la independencia y distanciarse del software propietario y las patentes. Es el formato en el que un usuario de Linux se tendr\u00eda que sentir m\u00e1s c\u00f3modo.<\/p>\n<p>Afortunadamente, Ogg Vorbis est\u00e1 incluido en el est\u00e1ndar de HTML 5 y se puede usar directamente en los navegadores Chrome y Firefox. A\u00f1adiendo un <em>plug-in<\/em>, puede usarse tambi\u00e9n en Safari.<\/p>\n<p>&nbsp;<\/p>\n","protected":false},"excerpt":{"rendered":"<p>Es desarrollado por la fundaci\u00f3n Xiph.org y busca ofrecer formatos digitales de diferentes medios sin ning\u00fan tipo de propiedad intelectual asociada, de forma que cualquier desarrollador pueda utilizarlo simplemente sin tener que pagar ning\u00fan tipo de canon. La fundaci\u00f3n Xiph.org decidi\u00f3 desarrollar este formato alternativo cuando Fraunhofer IIS \u2013la compa\u00f1\u00eda propietaria de MP3\u2013 acus\u00f3 de [&hellip;]<\/p>\n","protected":false},"author":1,"featured_media":0,"parent":0,"menu_order":0,"comment_status":"closed","ping_status":"closed","template":"","meta":{"inline_featured_image":false},"acf":[],"_links":{"self":[{"href":"http:\/\/disseny-test.uoc.edu\/materials\/prod-digital\/es\/wp-json\/wp\/v2\/pages\/744"}],"collection":[{"href":"http:\/\/disseny-test.uoc.edu\/materials\/prod-digital\/es\/wp-json\/wp\/v2\/pages"}],"about":[{"href":"http:\/\/disseny-test.uoc.edu\/materials\/prod-digital\/es\/wp-json\/wp\/v2\/types\/page"}],"author":[{"embeddable":true,"href":"http:\/\/disseny-test.uoc.edu\/materials\/prod-digital\/es\/wp-json\/wp\/v2\/users\/1"}],"replies":[{"embeddable":true,"href":"http:\/\/disseny-test.uoc.edu\/materials\/prod-digital\/es\/wp-json\/wp\/v2\/comments?post=744"}],"version-history":[{"count":1,"href":"http:\/\/disseny-test.uoc.edu\/materials\/prod-digital\/es\/wp-json\/wp\/v2\/pages\/744\/revisions"}],"predecessor-version":[{"id":745,"href":"http:\/\/disseny-test.uoc.edu\/materials\/prod-digital\/es\/wp-json\/wp\/v2\/pages\/744\/revisions\/745"}],"wp:attachment":[{"href":"http:\/\/disseny-test.uoc.edu\/materials\/prod-digital\/es\/wp-json\/wp\/v2\/media?parent=744"}],"curies":[{"name":"wp","href":"https:\/\/api.w.org\/{rel}","templated":true}]}}