{"id":746,"date":"2018-01-30T11:00:36","date_gmt":"2018-01-30T11:00:36","guid":{"rendered":"http:\/\/disseny-test.uoc.edu\/materials\/prod-digital\/?page_id=746"},"modified":"2018-01-30T11:00:36","modified_gmt":"2018-01-30T11:00:36","slug":"5-2-7-aac","status":"publish","type":"page","link":"http:\/\/disseny-test.uoc.edu\/materials\/prod-digital\/es\/5-2-7-aac\/","title":{"rendered":"5.2.7. AAC"},"content":{"rendered":"<div class=\"featured featured-blue\"><p><a href=\"javascript:void(0);\" class=\"tooltip\" data-toggle=\"popover\" data-placement=\"bottom\" data-content=\"Es la sigla de <em>Advanced Audio Encoding<\/em>, o codificaci\u00f3n de audio avanzada.\" data-placement=\"top\" data-html=\"true\" ><strong>AAC<\/strong><\/a> es un formato con p\u00e9rdida como MP3, ofrece la misma calidad de un MP3 pero ocupa menos espacio por fichero, ya que dispone de un algoritmo de compresi\u00f3n mucho m\u00e1s avanzado (de aqu\u00ed la primera A de el nombre).<\/p>\n<\/div>\n<h4><strong>\u00bfCu\u00e1ndo hay que usar AAC?<\/strong><\/h4>\n<p>AAC es el formato por defecto en plataformas digitales como YouTube y en Android. Tambi\u00e9n se utiliza con mucha frecuencia en iOS y podemos encontrarlo en consolas de juego como PlayStation.<\/p>\n<p>&nbsp;<\/p>\n","protected":false},"excerpt":{"rendered":"<p>\u00bfCu\u00e1ndo hay que usar AAC? AAC es el formato por defecto en plataformas digitales como YouTube y en Android. Tambi\u00e9n se utiliza con mucha frecuencia en iOS y podemos encontrarlo en consolas de juego como PlayStation. &nbsp;<\/p>\n","protected":false},"author":1,"featured_media":0,"parent":0,"menu_order":0,"comment_status":"closed","ping_status":"closed","template":"","meta":{"inline_featured_image":false},"acf":[],"_links":{"self":[{"href":"http:\/\/disseny-test.uoc.edu\/materials\/prod-digital\/es\/wp-json\/wp\/v2\/pages\/746"}],"collection":[{"href":"http:\/\/disseny-test.uoc.edu\/materials\/prod-digital\/es\/wp-json\/wp\/v2\/pages"}],"about":[{"href":"http:\/\/disseny-test.uoc.edu\/materials\/prod-digital\/es\/wp-json\/wp\/v2\/types\/page"}],"author":[{"embeddable":true,"href":"http:\/\/disseny-test.uoc.edu\/materials\/prod-digital\/es\/wp-json\/wp\/v2\/users\/1"}],"replies":[{"embeddable":true,"href":"http:\/\/disseny-test.uoc.edu\/materials\/prod-digital\/es\/wp-json\/wp\/v2\/comments?post=746"}],"version-history":[{"count":1,"href":"http:\/\/disseny-test.uoc.edu\/materials\/prod-digital\/es\/wp-json\/wp\/v2\/pages\/746\/revisions"}],"predecessor-version":[{"id":747,"href":"http:\/\/disseny-test.uoc.edu\/materials\/prod-digital\/es\/wp-json\/wp\/v2\/pages\/746\/revisions\/747"}],"wp:attachment":[{"href":"http:\/\/disseny-test.uoc.edu\/materials\/prod-digital\/es\/wp-json\/wp\/v2\/media?parent=746"}],"curies":[{"name":"wp","href":"https:\/\/api.w.org\/{rel}","templated":true}]}}