{"id":750,"date":"2018-01-30T11:04:31","date_gmt":"2018-01-30T11:04:31","guid":{"rendered":"http:\/\/disseny-test.uoc.edu\/materials\/prod-digital\/?page_id=750"},"modified":"2018-01-30T18:57:33","modified_gmt":"2018-01-30T18:57:33","slug":"5-2-9-otros-formatos","status":"publish","type":"page","link":"http:\/\/disseny-test.uoc.edu\/materials\/prod-digital\/es\/5-2-9-otros-formatos\/","title":{"rendered":"5.2.9. Otros formatos"},"content":{"rendered":"<table>\n<tbody>\n<tr>\n<th width=\"20%\">AIFF<\/th>\n<td width=\"80%\">Es un formato equivalente a WAV, con las mismas caracter\u00edsticas, pero que es propiedad de Apple. Por defecto, un usuario de OS X se encontrar\u00e1 con ficheros AIFF cuando genere audios y uno de Windows, WAV, pero un ordenador con Windows puede abrir ficheros AIFF sin problemas.<\/td>\n<\/tr>\n<tr>\n<th><a href=\"javascript:void(0);\" class=\"tooltip\" data-toggle=\"popover\" data-placement=\"bottom\" data-content=\"Sigla de <em>Apple Losless Audio Code<\/em>, o codificador de audio de Apple sin p\u00e9rdida. Tambi\u00e9n lo podemos encontrar mencionado como <em>Apple Losless<\/em>.\" data-placement=\"top\" data-html=\"true\" >ALAC<\/a><\/th>\n<td>Es un formato similar a FLAC pero desarrollado por Apple, no es tan eficiente como FLAC, genera ficheros algo m\u00e1s pesados que el que nos dar\u00eda el codificador libre. Es el formato por defecto en iTunes e iOS.<\/td>\n<\/tr>\n<tr>\n<th><a href=\"javascript:void(0);\" class=\"tooltip\" data-toggle=\"popover\" data-placement=\"bottom\" data-content=\"Es decir, el \u00abaudio del mono\u00bb.\" data-placement=\"top\" data-html=\"true\" >Monkey\u2019s Audio<\/a><\/th>\n<td>Es un sistema de compresi\u00f3n sin p\u00e9rdida muy potente, es propietario y resulta dif\u00edcil hacerlo funcionar fuera del entorno Windows, con lo cual no es una opci\u00f3n muy recomendable.<\/td>\n<\/tr>\n<\/tbody>\n<\/table>\n","protected":false},"excerpt":{"rendered":"<p>AIFF Es un formato equivalente a WAV, con las mismas caracter\u00edsticas, pero que es propiedad de Apple. Por defecto, un usuario de OS X se encontrar\u00e1 con ficheros AIFF cuando genere audios y uno de Windows, WAV, pero un ordenador con Windows puede abrir ficheros AIFF sin problemas. Es un formato similar a FLAC pero [&hellip;]<\/p>\n","protected":false},"author":1,"featured_media":0,"parent":0,"menu_order":0,"comment_status":"closed","ping_status":"closed","template":"","meta":{"inline_featured_image":false},"acf":[],"_links":{"self":[{"href":"http:\/\/disseny-test.uoc.edu\/materials\/prod-digital\/es\/wp-json\/wp\/v2\/pages\/750"}],"collection":[{"href":"http:\/\/disseny-test.uoc.edu\/materials\/prod-digital\/es\/wp-json\/wp\/v2\/pages"}],"about":[{"href":"http:\/\/disseny-test.uoc.edu\/materials\/prod-digital\/es\/wp-json\/wp\/v2\/types\/page"}],"author":[{"embeddable":true,"href":"http:\/\/disseny-test.uoc.edu\/materials\/prod-digital\/es\/wp-json\/wp\/v2\/users\/1"}],"replies":[{"embeddable":true,"href":"http:\/\/disseny-test.uoc.edu\/materials\/prod-digital\/es\/wp-json\/wp\/v2\/comments?post=750"}],"version-history":[{"count":2,"href":"http:\/\/disseny-test.uoc.edu\/materials\/prod-digital\/es\/wp-json\/wp\/v2\/pages\/750\/revisions"}],"predecessor-version":[{"id":1111,"href":"http:\/\/disseny-test.uoc.edu\/materials\/prod-digital\/es\/wp-json\/wp\/v2\/pages\/750\/revisions\/1111"}],"wp:attachment":[{"href":"http:\/\/disseny-test.uoc.edu\/materials\/prod-digital\/es\/wp-json\/wp\/v2\/media?parent=750"}],"curies":[{"name":"wp","href":"https:\/\/api.w.org\/{rel}","templated":true}]}}