{"id":752,"date":"2018-01-30T11:05:02","date_gmt":"2018-01-30T11:05:02","guid":{"rendered":"http:\/\/disseny-test.uoc.edu\/materials\/prod-digital\/?page_id=752"},"modified":"2018-01-30T11:05:02","modified_gmt":"2018-01-30T11:05:02","slug":"5-2-10-estereo-o-mono","status":"publish","type":"page","link":"http:\/\/disseny-test.uoc.edu\/materials\/prod-digital\/es\/5-2-10-estereo-o-mono\/","title":{"rendered":"5.2.10. \u00bfEst\u00e9reo o mono?"},"content":{"rendered":"<p>Como dec\u00edamos en la introducci\u00f3n, el audio no ofrece la posibilidad de una paleta de frecuencias reducida, pero una opci\u00f3n sencilla que reduce de manera significativa el tama\u00f1o de un fichero de audio es grabarlo en mono. De hecho, cuando generamos un fichero de audio en est\u00e9reo estamos generando en realidad dos pistas del audio. Si convertimos el fichero en mono eliminamos una de estas pistas, y as\u00ed el audio se reduce al 50 %.<\/p>\n<p>Grabar en mono puede parecer una herej\u00eda o ganas de volver al pasado, pero si nuestro audio contiene b\u00e1sicamente voces (una entrevista, un podcast), procesarlo como est\u00e9reo no ofrece ninguna ventaja relevante y, por lo tanto, podemos exportar nuestro audio como mono sin problemas.<\/p>\n","protected":false},"excerpt":{"rendered":"<p>Como dec\u00edamos en la introducci\u00f3n, el audio no ofrece la posibilidad de una paleta de frecuencias reducida, pero una opci\u00f3n sencilla que reduce de manera significativa el tama\u00f1o de un fichero de audio es grabarlo en mono. De hecho, cuando generamos un fichero de audio en est\u00e9reo estamos generando en realidad dos pistas del audio. [&hellip;]<\/p>\n","protected":false},"author":1,"featured_media":0,"parent":0,"menu_order":0,"comment_status":"closed","ping_status":"closed","template":"","meta":{"inline_featured_image":false},"acf":[],"_links":{"self":[{"href":"http:\/\/disseny-test.uoc.edu\/materials\/prod-digital\/es\/wp-json\/wp\/v2\/pages\/752"}],"collection":[{"href":"http:\/\/disseny-test.uoc.edu\/materials\/prod-digital\/es\/wp-json\/wp\/v2\/pages"}],"about":[{"href":"http:\/\/disseny-test.uoc.edu\/materials\/prod-digital\/es\/wp-json\/wp\/v2\/types\/page"}],"author":[{"embeddable":true,"href":"http:\/\/disseny-test.uoc.edu\/materials\/prod-digital\/es\/wp-json\/wp\/v2\/users\/1"}],"replies":[{"embeddable":true,"href":"http:\/\/disseny-test.uoc.edu\/materials\/prod-digital\/es\/wp-json\/wp\/v2\/comments?post=752"}],"version-history":[{"count":1,"href":"http:\/\/disseny-test.uoc.edu\/materials\/prod-digital\/es\/wp-json\/wp\/v2\/pages\/752\/revisions"}],"predecessor-version":[{"id":753,"href":"http:\/\/disseny-test.uoc.edu\/materials\/prod-digital\/es\/wp-json\/wp\/v2\/pages\/752\/revisions\/753"}],"wp:attachment":[{"href":"http:\/\/disseny-test.uoc.edu\/materials\/prod-digital\/es\/wp-json\/wp\/v2\/media?parent=752"}],"curies":[{"name":"wp","href":"https:\/\/api.w.org\/{rel}","templated":true}]}}