{"id":754,"date":"2018-01-30T11:05:30","date_gmt":"2018-01-30T11:05:30","guid":{"rendered":"http:\/\/disseny-test.uoc.edu\/materials\/prod-digital\/?page_id=754"},"modified":"2018-01-30T11:05:30","modified_gmt":"2018-01-30T11:05:30","slug":"5-2-11-resum-quin-format-daudio-hauria-dusar","status":"publish","type":"page","link":"http:\/\/disseny-test.uoc.edu\/materials\/prod-digital\/es\/5-2-11-resum-quin-format-daudio-hauria-dusar\/","title":{"rendered":"5.2.11. Resum: quin format d&#8217;\u00e0udio hauria d&#8217;usar?"},"content":{"rendered":"<p>A la hora de capturar audio, lo mejor es trabajar siempre en un formato sin compresi\u00f3n, WAV o AIFF, en funci\u00f3n de la plataforma en la que estemos trabajando.<\/p>\n<p>Tal y como explic\u00e1bamos cuando habl\u00e1bamos de im\u00e1genes, la compresi\u00f3n hay que hacerla solo una vez, cuando hayamos acabado todos los retoques necesarios en nuestro proyecto. Cada vez que comprimimos un fichero, perderemos alg\u00fan dato por el camino.<\/p>\n<p>Si nuestro plan es distribuir el audio fuera de l\u00ednea, lo mejor es utilizar un formato de compresi\u00f3n sin p\u00e9rdida, como FLAC.<\/p>\n<p>Si nuestro audio estar\u00e1 en internet para ser descargado, nuestra primera recomendaci\u00f3n es intentar trabajar en un entorno que facilite el uso de Ogg Vorbis. Si esto no es posible, o queremos que nuestro fichero circule por todo tipo de plataformas posibles, lo mejor ser\u00e1 convertirlo a MP3.<\/p>\n","protected":false},"excerpt":{"rendered":"<p>A la hora de capturar audio, lo mejor es trabajar siempre en un formato sin compresi\u00f3n, WAV o AIFF, en funci\u00f3n de la plataforma en la que estemos trabajando. Tal y como explic\u00e1bamos cuando habl\u00e1bamos de im\u00e1genes, la compresi\u00f3n hay que hacerla solo una vez, cuando hayamos acabado todos los retoques necesarios en nuestro proyecto. [&hellip;]<\/p>\n","protected":false},"author":1,"featured_media":0,"parent":0,"menu_order":0,"comment_status":"closed","ping_status":"closed","template":"","meta":{"inline_featured_image":false},"acf":[],"_links":{"self":[{"href":"http:\/\/disseny-test.uoc.edu\/materials\/prod-digital\/es\/wp-json\/wp\/v2\/pages\/754"}],"collection":[{"href":"http:\/\/disseny-test.uoc.edu\/materials\/prod-digital\/es\/wp-json\/wp\/v2\/pages"}],"about":[{"href":"http:\/\/disseny-test.uoc.edu\/materials\/prod-digital\/es\/wp-json\/wp\/v2\/types\/page"}],"author":[{"embeddable":true,"href":"http:\/\/disseny-test.uoc.edu\/materials\/prod-digital\/es\/wp-json\/wp\/v2\/users\/1"}],"replies":[{"embeddable":true,"href":"http:\/\/disseny-test.uoc.edu\/materials\/prod-digital\/es\/wp-json\/wp\/v2\/comments?post=754"}],"version-history":[{"count":1,"href":"http:\/\/disseny-test.uoc.edu\/materials\/prod-digital\/es\/wp-json\/wp\/v2\/pages\/754\/revisions"}],"predecessor-version":[{"id":755,"href":"http:\/\/disseny-test.uoc.edu\/materials\/prod-digital\/es\/wp-json\/wp\/v2\/pages\/754\/revisions\/755"}],"wp:attachment":[{"href":"http:\/\/disseny-test.uoc.edu\/materials\/prod-digital\/es\/wp-json\/wp\/v2\/media?parent=754"}],"curies":[{"name":"wp","href":"https:\/\/api.w.org\/{rel}","templated":true}]}}