{"id":756,"date":"2018-01-30T11:06:41","date_gmt":"2018-01-30T11:06:41","guid":{"rendered":"http:\/\/disseny-test.uoc.edu\/materials\/prod-digital\/?page_id=756"},"modified":"2018-01-30T11:06:41","modified_gmt":"2018-01-30T11:06:41","slug":"5-3-1-recursos-sobre-grabacion-y-edicion-digital","status":"publish","type":"page","link":"http:\/\/disseny-test.uoc.edu\/materials\/prod-digital\/es\/5-3-1-recursos-sobre-grabacion-y-edicion-digital\/","title":{"rendered":"5.3.1. Recursos sobre grabaci\u00f3n y edici\u00f3n digital"},"content":{"rendered":"<p>Grabar una canci\u00f3n o conseguir una representaci\u00f3n realista de sonidos de la naturaleza es una tarea profesional que requiere una buena dosis de pr\u00e1ctica y est\u00e1 fuera de los objetivos de este curso. Esto no significa que no pod\u00e1is generar vuestro propio audio con objetivos concretos, y hay excelentes recursos en la web.<\/p>\n<p>Nuestra recomendaci\u00f3n es el programa <a href=\"http:\/\/audacity.es\/\" target=\"_blank\" rel=\"noopener\"><strong>Audacity<\/strong><\/a>, que permite tanto grabar como editar audio. Es gratuito, muy f\u00e1cil de usar e intuitivo, y funciona en todas las plataformas.<\/p>\n<p>Hay una multitud de tutoriales para utilizar Audacity. Aqu\u00ed os hemos seleccionado un par:<\/p>\n<ul>\n<li><a href=\"http:\/\/mosaic.uoc.edu\/2010\/03\/04\/guia-de-aprendizaje-de-audacity\/\" target=\"_blank\" rel=\"noopener\"><strong>Tutorial Audacity en pdf<\/strong><\/a>. Este tutorial de Carles Ca\u00f1o permite conocer las caracter\u00edsticas principales de Audacity a trav\u00e9s de un conjunto de actividades cortas especificadas en formato pdf.<\/li>\n<li><a href=\"https:\/\/www.lifestylealcuadrado.com\/tutorial-de-audacity-en-espanol-el-programa-edicion-audio\/\" target=\"_blank\" rel=\"noopener\"><strong>Tutorial Audacity<\/strong><\/a><strong>.<\/strong> Este tutorial de Frank Scipion (en espa\u00f1ol) explica de manera sencilla, pero muy pr\u00e1ctica, c\u00f3mo utilizar Audacity para crear nuestro propio podcast.<\/li>\n<li><a href=\"https:\/\/www.youtube.com\/watch?v=iltsahkg0s8\" target=\"_blank\" rel=\"noopener\"><strong>Tutorial Audacity en v\u00eddeo. Curso intensivo de edici\u00f3n en audio<\/strong><\/a><strong>.<\/strong> Este tutorial en l\u00ednea combina varias lecciones del profesor Saafigueroa, en las que explica con detalle todos los pasos de la edici\u00f3n en audio utilizando el programa Audacity.<\/li>\n<li><a href=\"https:\/\/www.thepodcasthost.com\/academy\/courses\/\" target=\"_blank\" rel=\"noopener\"><strong>Podcast Host Academy<\/strong><\/a><strong>.<\/strong> En esta web (en ingl\u00e9s) encontrar\u00e9is una serie de tutoriales muy detallados sobre c\u00f3mo grabar podcasts utilizando Audacity. Detalla tambi\u00e9n c\u00f3mo combinarlo con diferentes tipos de hardware, incluye una gu\u00eda sobre c\u00f3mo hacer una entrevista, etc.<\/li>\n<li><a href=\"https:\/\/www.youtube.com\/playlist?list=ply3kijohvdl1epxruzeqqjqu1v9szwqnl\" target=\"_blank\" rel=\"noopener\"><strong>Using Audacity to create amazing podcasts &amp; audio recordings<\/strong><\/a><strong>.<\/strong> Este canal de YouTube ofrece siete v\u00eddeos detallados con todo el proceso de grabar y editar audio con Audacity. Est\u00e1 orientado al desarrollo de podcasts, pero sirve tambi\u00e9n para cualquier otro tipo de proyecto de audio.<\/li>\n<\/ul>\n","protected":false},"excerpt":{"rendered":"<p>Grabar una canci\u00f3n o conseguir una representaci\u00f3n realista de sonidos de la naturaleza es una tarea profesional que requiere una buena dosis de pr\u00e1ctica y est\u00e1 fuera de los objetivos de este curso. Esto no significa que no pod\u00e1is generar vuestro propio audio con objetivos concretos, y hay excelentes recursos en la web. Nuestra recomendaci\u00f3n [&hellip;]<\/p>\n","protected":false},"author":1,"featured_media":0,"parent":0,"menu_order":0,"comment_status":"closed","ping_status":"closed","template":"","meta":{"inline_featured_image":false},"acf":[],"_links":{"self":[{"href":"http:\/\/disseny-test.uoc.edu\/materials\/prod-digital\/es\/wp-json\/wp\/v2\/pages\/756"}],"collection":[{"href":"http:\/\/disseny-test.uoc.edu\/materials\/prod-digital\/es\/wp-json\/wp\/v2\/pages"}],"about":[{"href":"http:\/\/disseny-test.uoc.edu\/materials\/prod-digital\/es\/wp-json\/wp\/v2\/types\/page"}],"author":[{"embeddable":true,"href":"http:\/\/disseny-test.uoc.edu\/materials\/prod-digital\/es\/wp-json\/wp\/v2\/users\/1"}],"replies":[{"embeddable":true,"href":"http:\/\/disseny-test.uoc.edu\/materials\/prod-digital\/es\/wp-json\/wp\/v2\/comments?post=756"}],"version-history":[{"count":1,"href":"http:\/\/disseny-test.uoc.edu\/materials\/prod-digital\/es\/wp-json\/wp\/v2\/pages\/756\/revisions"}],"predecessor-version":[{"id":757,"href":"http:\/\/disseny-test.uoc.edu\/materials\/prod-digital\/es\/wp-json\/wp\/v2\/pages\/756\/revisions\/757"}],"wp:attachment":[{"href":"http:\/\/disseny-test.uoc.edu\/materials\/prod-digital\/es\/wp-json\/wp\/v2\/media?parent=756"}],"curies":[{"name":"wp","href":"https:\/\/api.w.org\/{rel}","templated":true}]}}