{"id":758,"date":"2018-01-30T11:07:43","date_gmt":"2018-01-30T11:07:43","guid":{"rendered":"http:\/\/disseny-test.uoc.edu\/materials\/prod-digital\/?page_id=758"},"modified":"2018-01-30T11:07:43","modified_gmt":"2018-01-30T11:07:43","slug":"5-3-2-sintesis-electronica-de-sonidos","status":"publish","type":"page","link":"http:\/\/disseny-test.uoc.edu\/materials\/prod-digital\/es\/5-3-2-sintesis-electronica-de-sonidos\/","title":{"rendered":"5.3.2. S\u00edntesis electr\u00f3nica de sonidos"},"content":{"rendered":"<div class=\"featured featured-blue\"><p>Aunque lo asociamos exclusivamente a la m\u00fasica, un <strong>sintetizador<\/strong> es una herramienta para crear sonidos de manera artificial.<\/p>\n<\/div>\n<p>El mundo de los sintetizadores es enorme: aparatos anal\u00f3gicos y digitales, simuladores en software de sintetizadores f\u00edsicos, lenguajes de programaci\u00f3n que permiten la s\u00edntesis autom\u00e1tica de sonidos. Dejamos el mundo del hardware, que se escapa de los objetivos de este curso, y os comentamos algunos recursos digitales:<\/p>\n<ul>\n<li><strong>Pro Tools.<\/strong> Es una impresionante herramienta profesional que ofrece todo lo que necesit\u00e1is para generar y editar sonidos. Es un software mucho m\u00e1s complejo y sofisticado que Audacity, y de hecho es toda una estaci\u00f3n de trabajo de audio digital que puede funcionar como un estudio de grabaci\u00f3n profesional. Su sistema de s\u00edntesis de sonido es especialmente reconocido, y se trata de la manera m\u00e1s profesional de generar sonidos. Est\u00e1 disponible tanto en Windows como en Apple.<\/li>\n<li><strong>Ableton Live.<\/strong> Este programa es la alternativa a Pro Tools y ofrece niveles similares de posibilidades y profesionalidad. Tambi\u00e9n ofrece un excelente sistema de s\u00edntesis de sonidos. Est\u00e1 disponible para los sistemas de Microsoft y Apple.<\/li>\n<\/ul>\n<p>Pro Tools y Ableton son los programas profesionales, pero si lo que quer\u00e9is es simplemente jugar un poco con un sintetizador y generar sonidos curiosos para a\u00f1adir a vuestro podcast u otro proyecto transmedia, es mucho m\u00e1s divertido y sencillo conseguir un sintetizador virtual y jugar con \u00e9l un rato.<\/p>\n<p>Una buena parte \u2013los mejores\u2013 de los sintetizadores virtuales actuales son conectores asociados a la tecnolog\u00eda digital <strong>Virtual Studio Technology<\/strong>, normalmente referenciada por la sigla VST. Ableton puede leer estos conectores sin problemas, pero tambi\u00e9n hay software libre. Un buen candidato es <a href=\"http:\/\/ardour.org\/\" target=\"_blank\" rel=\"noopener\"><strong>Ardour<\/strong>,<\/a> disponible en las tres plataformas. Para quienes saben programar, es posible tambi\u00e9n bajarse el c\u00f3digo fuente.<\/p>\n<p>Tambi\u00e9n hay, en formato Windows y Mac, <a href=\"http:\/\/www.niallmoody.com\/apps\/pedalboard2\" target=\"_blank\" rel=\"noopener\"><strong>Pedalboard 2<\/strong><\/a>, un sistema visual de programaci\u00f3n para usar la tecnolog\u00eda VST.<\/p>\n<p>Una vez que teng\u00e1is alg\u00fan programa VST capaz de leer los conectores de sintetizadores, en el art\u00edculo \u00ab<a href=\"http:\/\/www.futuremusic-es.com\/los-25-mejores-sintes-virtuales-gratis-vst-y-audio-units-para-pc-y-mac\/\" target=\"_blank\" rel=\"noopener\">Los 25 mejores sintes virtuales gratis VST y Audio Units para PC y Mac<\/a>\u00bb de la revista <em>Future Music<\/em> encontrar\u00e9is la lista de los mejores sintetizadores virtuales.<\/p>\n<p>Si os da pereza tanta instalaci\u00f3n o solo quer\u00e9is explorar un poco, una alternativa m\u00e1s sencilla es <a href=\"https:\/\/chrome.google.com\/webstore\/detail\/audiotool\/bkgoccjhfjgjedhkiefaclppgbmoobnk\" target=\"_blank\" rel=\"noopener\"><strong>AudioTools<\/strong><\/a>, un conector para Chrome que se instala en un clic y permite disponer de una estaci\u00f3n de audio digital con muchas posibilidades de s\u00edntesis de sonido en vuestro navegador.<\/p>\n","protected":false},"excerpt":{"rendered":"<p>El mundo de los sintetizadores es enorme: aparatos anal\u00f3gicos y digitales, simuladores en software de sintetizadores f\u00edsicos, lenguajes de programaci\u00f3n que permiten la s\u00edntesis autom\u00e1tica de sonidos. Dejamos el mundo del hardware, que se escapa de los objetivos de este curso, y os comentamos algunos recursos digitales: Pro Tools. Es una impresionante herramienta profesional que [&hellip;]<\/p>\n","protected":false},"author":1,"featured_media":0,"parent":0,"menu_order":0,"comment_status":"closed","ping_status":"closed","template":"","meta":{"inline_featured_image":false},"acf":[],"_links":{"self":[{"href":"http:\/\/disseny-test.uoc.edu\/materials\/prod-digital\/es\/wp-json\/wp\/v2\/pages\/758"}],"collection":[{"href":"http:\/\/disseny-test.uoc.edu\/materials\/prod-digital\/es\/wp-json\/wp\/v2\/pages"}],"about":[{"href":"http:\/\/disseny-test.uoc.edu\/materials\/prod-digital\/es\/wp-json\/wp\/v2\/types\/page"}],"author":[{"embeddable":true,"href":"http:\/\/disseny-test.uoc.edu\/materials\/prod-digital\/es\/wp-json\/wp\/v2\/users\/1"}],"replies":[{"embeddable":true,"href":"http:\/\/disseny-test.uoc.edu\/materials\/prod-digital\/es\/wp-json\/wp\/v2\/comments?post=758"}],"version-history":[{"count":1,"href":"http:\/\/disseny-test.uoc.edu\/materials\/prod-digital\/es\/wp-json\/wp\/v2\/pages\/758\/revisions"}],"predecessor-version":[{"id":759,"href":"http:\/\/disseny-test.uoc.edu\/materials\/prod-digital\/es\/wp-json\/wp\/v2\/pages\/758\/revisions\/759"}],"wp:attachment":[{"href":"http:\/\/disseny-test.uoc.edu\/materials\/prod-digital\/es\/wp-json\/wp\/v2\/media?parent=758"}],"curies":[{"name":"wp","href":"https:\/\/api.w.org\/{rel}","templated":true}]}}