{"id":762,"date":"2018-01-30T11:09:12","date_gmt":"2018-01-30T11:09:12","guid":{"rendered":"http:\/\/disseny-test.uoc.edu\/materials\/prod-digital\/?page_id=762"},"modified":"2018-01-30T11:09:12","modified_gmt":"2018-01-30T11:09:12","slug":"5-3-4-transduccion","status":"publish","type":"page","link":"http:\/\/disseny-test.uoc.edu\/materials\/prod-digital\/es\/5-3-4-transduccion\/","title":{"rendered":"5.3.4. Transducci\u00f3n"},"content":{"rendered":"<div class=\"featured featured-blue\"><p><strong>Transducci\u00f3n<\/strong> es el proceso, f\u00edsico-matem\u00e1tico, primero, y digital, despu\u00e9s, de convertir en audio informaci\u00f3n que originalmente no era sonido.<\/p>\n<\/div>\n<p>Por ejemplo, podemos asociar una frecuencia de sonido a un color (el rojo es un do, el verde es un fa, etc.) y escuchar una foto. Originalmente, el t\u00e9rmino ten\u00eda un significado m\u00e1s t\u00e9cnico que se refer\u00eda a la cuesti\u00f3n de ingenier\u00eda de c\u00f3mo convertir datos \u2013en una cinta magn\u00e9tica, en un disco de vinilo, etc.\u2013 en cambios en un campo electromagn\u00e9tico que hagan vibrar unos altavoces y podamos escuchar el sonido.<\/p>\n<p>Aqu\u00ed lo utilizamos en el sentido m\u00e1s art\u00edstico e infogr\u00e1fico de buscar alguna informaci\u00f3n sencilla que cambie de manera gradual en el tiempo, y convertirla en sonido para, as\u00ed, percibirla de otro modo. De este modo, podemos convertir en sonido las \u00f3rbitas de los planetas, la evoluci\u00f3n del IBEX 35, la reducci\u00f3n de los casquetes polares y cualquier otra magnitud que tenga sentido convertir en sonido, de forma que no se convierta el audio en un simple ruido blanco.<\/p>\n<p>Hacer una buena transducci\u00f3n es una tarea complicada, que implicar\u00e1 conocer en detalle la tem\u00e1tica que queremos transducir \u2013ser\u00eda absurdo intentar convertir en sonido datos de la bolsa si no tenemos idea sobre c\u00f3mo funciona y qu\u00e9 significan los cambios\u2013 y un poco de programaci\u00f3n.<\/p>\n<p>Si quer\u00e9is explorar el mundo de la transducci\u00f3n, la mejor opci\u00f3n ahora mismo es <a href=\"http:\/\/supercollider.github.io\/\" target=\"_blank\" rel=\"noopener\"><strong>SuperCollider<\/strong><\/a>, un entorno de programaci\u00f3n pensado espec\u00edficamente para el arte sonoro con el que una buena parte de las funciones necesarias para crear transducciones ya est\u00e1n automatizadas.<\/p>\n<p>En <a href=\"http:\/\/swiki.hfbk-hamburg.de:8888\/MusicTechnology\/6\" target=\"_blank\" rel=\"noopener\">SuperCollider Swiki<\/a> ten\u00e9is un tutorial oficial sobre c\u00f3mo funciona el entorno de programaci\u00f3n, y en <a href=\"http:\/\/doc.sccode.org\/\" target=\"_blank\" rel=\"noopener\">SuperCollider 3.9dev<\/a>, la documentaci\u00f3n detallada.<\/p>\n","protected":false},"excerpt":{"rendered":"<p>Por ejemplo, podemos asociar una frecuencia de sonido a un color (el rojo es un do, el verde es un fa, etc.) y escuchar una foto. Originalmente, el t\u00e9rmino ten\u00eda un significado m\u00e1s t\u00e9cnico que se refer\u00eda a la cuesti\u00f3n de ingenier\u00eda de c\u00f3mo convertir datos \u2013en una cinta magn\u00e9tica, en un disco de vinilo, [&hellip;]<\/p>\n","protected":false},"author":1,"featured_media":0,"parent":0,"menu_order":0,"comment_status":"closed","ping_status":"closed","template":"","meta":{"inline_featured_image":false},"acf":[],"_links":{"self":[{"href":"http:\/\/disseny-test.uoc.edu\/materials\/prod-digital\/es\/wp-json\/wp\/v2\/pages\/762"}],"collection":[{"href":"http:\/\/disseny-test.uoc.edu\/materials\/prod-digital\/es\/wp-json\/wp\/v2\/pages"}],"about":[{"href":"http:\/\/disseny-test.uoc.edu\/materials\/prod-digital\/es\/wp-json\/wp\/v2\/types\/page"}],"author":[{"embeddable":true,"href":"http:\/\/disseny-test.uoc.edu\/materials\/prod-digital\/es\/wp-json\/wp\/v2\/users\/1"}],"replies":[{"embeddable":true,"href":"http:\/\/disseny-test.uoc.edu\/materials\/prod-digital\/es\/wp-json\/wp\/v2\/comments?post=762"}],"version-history":[{"count":1,"href":"http:\/\/disseny-test.uoc.edu\/materials\/prod-digital\/es\/wp-json\/wp\/v2\/pages\/762\/revisions"}],"predecessor-version":[{"id":763,"href":"http:\/\/disseny-test.uoc.edu\/materials\/prod-digital\/es\/wp-json\/wp\/v2\/pages\/762\/revisions\/763"}],"wp:attachment":[{"href":"http:\/\/disseny-test.uoc.edu\/materials\/prod-digital\/es\/wp-json\/wp\/v2\/media?parent=762"}],"curies":[{"name":"wp","href":"https:\/\/api.w.org\/{rel}","templated":true}]}}