{"id":764,"date":"2018-01-30T11:10:03","date_gmt":"2018-01-30T11:10:03","guid":{"rendered":"http:\/\/disseny-test.uoc.edu\/materials\/prod-digital\/?page_id=764"},"modified":"2018-01-30T11:10:03","modified_gmt":"2018-01-30T11:10:03","slug":"5-3-5-sonificacion","status":"publish","type":"page","link":"http:\/\/disseny-test.uoc.edu\/materials\/prod-digital\/es\/5-3-5-sonificacion\/","title":{"rendered":"5.3.5. Sonificaci\u00f3n"},"content":{"rendered":"<div class=\"featured featured-blue\"><\/p>\n<p>En la<strong> sonificaci\u00f3n<\/strong>, lo que hacemos es tomar ondas que no son audibles para los humanos y transformarlas para que puedan ser escuchadas por una persona.<\/p>\n<p>\n<\/div>\n<p>Es un proceso b\u00e1sicamente matem\u00e1tico de cambiar frecuencias y\/o amplitud de ondas para, as\u00ed, poder escuchar el radar de un murci\u00e9lago o las olas de un terremoto. Observad que no decimos escuchar los efectos de un terremoto, cosa que conseguir\u00edamos simplemente grabando con un micr\u00f3fono los ruidos provocados por el terremoto, sino escuchar las ondas del terremoto, es decir, convertir las ondas que capta un sism\u00f3grafo en sonido que podamos o\u00edr.<\/p>\n<p>Al igual que la transducci\u00f3n, no es un proceso que se pueda generar autom\u00e1ticamente, sino que se necesita conocer la materia que hay que sonificar y un poco de programaci\u00f3n.<\/p>\n<p><strong>SuperCollider<\/strong> ofrece funciones espec\u00edficas que hacen la tarea de sonificaci\u00f3n relativamente sencilla si se tienen nociones de programaci\u00f3n.<\/p>\n<p>Si no os quer\u00e9is complicar la vida con un entorno de programaci\u00f3n, una alternativa sencilla es <a href=\"http:\/\/musicalgorithms.ewu.edu\/algorithms.html\" target=\"_blank\" rel=\"noopener\"><strong>Musical Algorithms<\/strong><\/a>, una web interactiva que ofrece la posibilidad de convertir varios n\u00fameros y datos en m\u00fasica. Una de sus opciones os permite subir los n\u00fameros que quer\u00e1is y, con unos pocos clics, convertirlos en m\u00fasica.<\/p>\n","protected":false},"excerpt":{"rendered":"<p>Es un proceso b\u00e1sicamente matem\u00e1tico de cambiar frecuencias y\/o amplitud de ondas para, as\u00ed, poder escuchar el radar de un murci\u00e9lago o las olas de un terremoto. Observad que no decimos escuchar los efectos de un terremoto, cosa que conseguir\u00edamos simplemente grabando con un micr\u00f3fono los ruidos provocados por el terremoto, sino escuchar las ondas [&hellip;]<\/p>\n","protected":false},"author":1,"featured_media":0,"parent":0,"menu_order":0,"comment_status":"closed","ping_status":"closed","template":"","meta":{"inline_featured_image":false},"acf":[],"_links":{"self":[{"href":"http:\/\/disseny-test.uoc.edu\/materials\/prod-digital\/es\/wp-json\/wp\/v2\/pages\/764"}],"collection":[{"href":"http:\/\/disseny-test.uoc.edu\/materials\/prod-digital\/es\/wp-json\/wp\/v2\/pages"}],"about":[{"href":"http:\/\/disseny-test.uoc.edu\/materials\/prod-digital\/es\/wp-json\/wp\/v2\/types\/page"}],"author":[{"embeddable":true,"href":"http:\/\/disseny-test.uoc.edu\/materials\/prod-digital\/es\/wp-json\/wp\/v2\/users\/1"}],"replies":[{"embeddable":true,"href":"http:\/\/disseny-test.uoc.edu\/materials\/prod-digital\/es\/wp-json\/wp\/v2\/comments?post=764"}],"version-history":[{"count":1,"href":"http:\/\/disseny-test.uoc.edu\/materials\/prod-digital\/es\/wp-json\/wp\/v2\/pages\/764\/revisions"}],"predecessor-version":[{"id":765,"href":"http:\/\/disseny-test.uoc.edu\/materials\/prod-digital\/es\/wp-json\/wp\/v2\/pages\/764\/revisions\/765"}],"wp:attachment":[{"href":"http:\/\/disseny-test.uoc.edu\/materials\/prod-digital\/es\/wp-json\/wp\/v2\/media?parent=764"}],"curies":[{"name":"wp","href":"https:\/\/api.w.org\/{rel}","templated":true}]}}