{"id":766,"date":"2018-01-30T11:13:18","date_gmt":"2018-01-30T11:13:18","guid":{"rendered":"http:\/\/disseny-test.uoc.edu\/materials\/prod-digital\/?page_id=766"},"modified":"2018-01-30T18:59:45","modified_gmt":"2018-01-30T18:59:45","slug":"5-4-1-repositorios","status":"publish","type":"page","link":"http:\/\/disseny-test.uoc.edu\/materials\/prod-digital\/es\/5-4-1-repositorios\/","title":{"rendered":"5.4.1. Repositorios"},"content":{"rendered":"<table>\n<tbody>\n<tr>\n<th width=\"20%\"><a href=\"https:\/\/soundcloud.com\/search\/sounds?q%5Bcc_licensed%5D=true\" target=\"_blank\" rel=\"noopener\"><strong>Buscador de SoundCloud<\/strong><\/a><\/th>\n<td width=\"80%\">SoundCloud es, en el momento de escribir estas l\u00edneas, la base de datos m\u00e1s relevante de audio. M\u00fasicos, podcasters, coleccionistas de sonidos, cient\u00edficos y agencias gubernamentales usan SoundCloud para almacenar y distribuir sus sonidos. Decimos \u00aben el momento de escribir estas l\u00edneas\u00bb, puesto que en verano del 2017 hubo rumores insistentes de que podr\u00eda cerrar por falta de financiaci\u00f3n, y nada indica que no pueda volver a pasar otra vez.<\/p>\n<p>SoundCloud incluye un buscador que os facilita la tarea de localizar el sonido que busqu\u00e9is y os permite tambi\u00e9n localizar material libre de derechos para que os evit\u00e9is violaciones de propiedad intelectual.<\/td>\n<\/tr>\n<tr>\n<th><a href=\"http:\/\/freesound.org\/browse\/\" target=\"_blank\" rel=\"noopener\"><strong>Freesound<\/strong><\/a><\/th>\n<td>Freesound es una fascinante base de datos con sonidos de todo tipo. Es el resultado de un proyecto colaborativo en el que los usuarios suben sus audios y los etiquetan en un sistema de folksonom\u00eda con el que pod\u00e9is encontrar sonidos muy espec\u00edficos, desde sonidos de la naturaleza como g\u00e9iseres o grillos hasta la sirena de una ambulancia o de un helic\u00f3ptero que se eleva.<\/td>\n<\/tr>\n<tr>\n<th>\u00a0<strong><a href=\"http:\/\/mccoyproductions.net\/free-music-for-videos\/\" target=\"_blank\" rel=\"noopener\">McCoy<\/a>, buscador de m\u00fasica libre para nuestros proyectos <\/strong><\/th>\n<td>McCoy Productions lista m\u00e1s de treinta recursos en los que uno puede descargarse de manera gratuita m\u00fasica para acompa\u00f1ar nuestro proyecto transmedia, efectos de sonido, etc. Tambi\u00e9n incluye una descripci\u00f3n sistem\u00e1tica de los diferentes tipos de licencias que nos podemos encontrar a la hora de descargar sonidos.<\/td>\n<\/tr>\n<tr>\n<th>\u00a0<a href=\"https:\/\/www.jamendo.com\/explore\" target=\"_blank\" rel=\"noopener\"><strong>Jamendo<\/strong><\/a><\/th>\n<td>Jamendo es una muy amplia biblioteca de m\u00fasica libre, organizada por estilos musicales.<\/td>\n<\/tr>\n<tr>\n<th>\u00a0<a href=\"https:\/\/www.dvidshub.net\/search?filter%5Btype%5D=\u00e0udio\" target=\"_blank\" rel=\"noopener\"><strong>Base de datos del Departamento<br \/>\nde Defensa de Estados Unidos<br \/>\n<\/strong><\/a><\/th>\n<td>Una cantidad impresionante de sonidos, incluidos los de la NASA, por si alg\u00fan d\u00eda quer\u00e9is incluir la cuenta atr\u00e1s del Apolo XI en vuestro proyecto.<\/td>\n<\/tr>\n<\/tbody>\n<\/table>\n","protected":false},"excerpt":{"rendered":"<p>Buscador de SoundCloud SoundCloud es, en el momento de escribir estas l\u00edneas, la base de datos m\u00e1s relevante de audio. M\u00fasicos, podcasters, coleccionistas de sonidos, cient\u00edficos y agencias gubernamentales usan SoundCloud para almacenar y distribuir sus sonidos. Decimos \u00aben el momento de escribir estas l\u00edneas\u00bb, puesto que en verano del 2017 hubo rumores insistentes de [&hellip;]<\/p>\n","protected":false},"author":1,"featured_media":0,"parent":0,"menu_order":0,"comment_status":"closed","ping_status":"closed","template":"","meta":{"inline_featured_image":false},"acf":[],"_links":{"self":[{"href":"http:\/\/disseny-test.uoc.edu\/materials\/prod-digital\/es\/wp-json\/wp\/v2\/pages\/766"}],"collection":[{"href":"http:\/\/disseny-test.uoc.edu\/materials\/prod-digital\/es\/wp-json\/wp\/v2\/pages"}],"about":[{"href":"http:\/\/disseny-test.uoc.edu\/materials\/prod-digital\/es\/wp-json\/wp\/v2\/types\/page"}],"author":[{"embeddable":true,"href":"http:\/\/disseny-test.uoc.edu\/materials\/prod-digital\/es\/wp-json\/wp\/v2\/users\/1"}],"replies":[{"embeddable":true,"href":"http:\/\/disseny-test.uoc.edu\/materials\/prod-digital\/es\/wp-json\/wp\/v2\/comments?post=766"}],"version-history":[{"count":2,"href":"http:\/\/disseny-test.uoc.edu\/materials\/prod-digital\/es\/wp-json\/wp\/v2\/pages\/766\/revisions"}],"predecessor-version":[{"id":1115,"href":"http:\/\/disseny-test.uoc.edu\/materials\/prod-digital\/es\/wp-json\/wp\/v2\/pages\/766\/revisions\/1115"}],"wp:attachment":[{"href":"http:\/\/disseny-test.uoc.edu\/materials\/prod-digital\/es\/wp-json\/wp\/v2\/media?parent=766"}],"curies":[{"name":"wp","href":"https:\/\/api.w.org\/{rel}","templated":true}]}}