{"id":768,"date":"2018-01-30T11:14:29","date_gmt":"2018-01-30T11:14:29","guid":{"rendered":"http:\/\/disseny-test.uoc.edu\/materials\/prod-digital\/?page_id=768"},"modified":"2018-01-30T19:00:27","modified_gmt":"2018-01-30T19:00:27","slug":"5-4-2-redes-sociales","status":"publish","type":"page","link":"http:\/\/disseny-test.uoc.edu\/materials\/prod-digital\/es\/5-4-2-redes-sociales\/","title":{"rendered":"5.4.2. Redes sociales"},"content":{"rendered":"<table>\n<tbody>\n<tr>\n<th width=\"20%\"><a href=\"http:\/\/www.soundcloud.com\" target=\"_blank\" rel=\"noopener\"><strong>SoundCloud<\/strong><\/a><\/th>\n<td width=\"80%\">Tal y como hemos visto en el apartado anterior, SoundCloud es un impresionante buscador de sonidos y m\u00fasica para nuestros proyectos, pero tambi\u00e9n puede ser una red social dedicada al sonido, en la que podemos subir nuestros proyectos, seguir a personas con sonidos y m\u00fasica que nos resulte interesante, etc.<\/td>\n<\/tr>\n<tr>\n<th><strong><a href=\"http:\/\/www.heyheyapp.com\/\" target=\"_blank\" rel=\"noopener\">HeyHey<\/a><a href=\"#_ftn1\" name=\"_ftnref1\"><br \/>\n<\/a><\/strong><\/th>\n<td>Esta red social, con una aplicaci\u00f3n para m\u00f3viles asociada, permite crear tablas de audio de unos quince segundos para compartir entre nuestros seguidores.<\/td>\n<\/tr>\n<tr>\n<th><a href=\"http:\/\/feelinghello.com\/\" target=\"_blank\" rel=\"noopener\"><strong>Hello<\/strong><\/a><\/th>\n<td>Otra red social para compartir audio, pensada para empezar conversaciones de unos dos minutos como m\u00e1ximo y despu\u00e9s seguir si se considera que la conversaci\u00f3n vale la pena. Es dif\u00edcil determinar si esta idea general de redes sociales de audio es realmente sostenible o simplemente ser\u00e1 una moda pasajera.<\/p>\n<p>Por ejemplo, Pundit, una red social que el a\u00f1o pasado se anunciaba basada en audio, se ha desplazado a los contenidos multimedia y es b\u00e1sicamente una alternativa a WhatsApp.<\/td>\n<\/tr>\n<tr>\n<th>\u00a0<strong>Audiogram Generator<\/strong><\/th>\n<td>En las redes sociales es dif\u00edcil distribuir solo audio, puesto que tienden a aceptar \u00fanicamente v\u00eddeo por defecto. Para evitar este problema, est\u00e1 Audiogram Generator, un proyecto de la radio p\u00fablica de Nueva York WNYC que permite \u00abconvertir\u00bb el audio en v\u00eddeo, y compartirlo m\u00e1s f\u00e1cilmente en las redes sociales. La radio de la BBC usa un sistema similar. En la entrada \u00ab<a href=\"https:\/\/medium.com\/@WNYC\/socialaudio-i648i8a5f2i9#.xry6x73hv\" target=\"_blank\" rel=\"noopener\">The future of social audio is here: presenting the Audiogram Generator<\/a>\u00bb de <em>Medium<\/em>, en ingl\u00e9s, se explica el concepto con m\u00e1s detalle.<\/td>\n<\/tr>\n<\/tbody>\n<\/table>\n","protected":false},"excerpt":{"rendered":"<p>SoundCloud Tal y como hemos visto en el apartado anterior, SoundCloud es un impresionante buscador de sonidos y m\u00fasica para nuestros proyectos, pero tambi\u00e9n puede ser una red social dedicada al sonido, en la que podemos subir nuestros proyectos, seguir a personas con sonidos y m\u00fasica que nos resulte interesante, etc. HeyHey Esta red social, [&hellip;]<\/p>\n","protected":false},"author":1,"featured_media":0,"parent":0,"menu_order":0,"comment_status":"closed","ping_status":"closed","template":"","meta":{"inline_featured_image":false},"acf":[],"_links":{"self":[{"href":"http:\/\/disseny-test.uoc.edu\/materials\/prod-digital\/es\/wp-json\/wp\/v2\/pages\/768"}],"collection":[{"href":"http:\/\/disseny-test.uoc.edu\/materials\/prod-digital\/es\/wp-json\/wp\/v2\/pages"}],"about":[{"href":"http:\/\/disseny-test.uoc.edu\/materials\/prod-digital\/es\/wp-json\/wp\/v2\/types\/page"}],"author":[{"embeddable":true,"href":"http:\/\/disseny-test.uoc.edu\/materials\/prod-digital\/es\/wp-json\/wp\/v2\/users\/1"}],"replies":[{"embeddable":true,"href":"http:\/\/disseny-test.uoc.edu\/materials\/prod-digital\/es\/wp-json\/wp\/v2\/comments?post=768"}],"version-history":[{"count":2,"href":"http:\/\/disseny-test.uoc.edu\/materials\/prod-digital\/es\/wp-json\/wp\/v2\/pages\/768\/revisions"}],"predecessor-version":[{"id":1117,"href":"http:\/\/disseny-test.uoc.edu\/materials\/prod-digital\/es\/wp-json\/wp\/v2\/pages\/768\/revisions\/1117"}],"wp:attachment":[{"href":"http:\/\/disseny-test.uoc.edu\/materials\/prod-digital\/es\/wp-json\/wp\/v2\/media?parent=768"}],"curies":[{"name":"wp","href":"https:\/\/api.w.org\/{rel}","templated":true}]}}