{"id":770,"date":"2018-01-30T11:15:16","date_gmt":"2018-01-30T11:15:16","guid":{"rendered":"http:\/\/disseny-test.uoc.edu\/materials\/prod-digital\/?page_id=770"},"modified":"2018-01-30T11:15:16","modified_gmt":"2018-01-30T11:15:16","slug":"5-4-3-podcasts","status":"publish","type":"page","link":"http:\/\/disseny-test.uoc.edu\/materials\/prod-digital\/es\/5-4-3-podcasts\/","title":{"rendered":"5.4.3. Podcasts"},"content":{"rendered":"<div class=\"featured featured-blue\"><p>El <strong>podcast<\/strong> es una de las maneras m\u00e1s sencillas e interactivas de distribuir audio en internet.<\/p>\n<\/div>\n<p>Hay podcasts de todo tipo: literarios, para aprender idiomas, con selecciones musicales, debates pol\u00edticos, historias de ficci\u00f3n, entrevistas, religiosos, etc. Sobre cualquier tema del que se pueda hablar, seguro que hay un podcast.<\/p>\n<p>Como usuarios, lo m\u00e1s sencillo es descargarnos un cliente de podcast, ir a los directorios que nos ofrezca y suscribirnos a los contenidos que nos resulten m\u00e1s interesantes. Hay clientes de podcast (conocidos normalmente como podcasters) en todas las plataformas y hardwares posibles.<\/p>\n<p>En el entorno Mac, la aplicaci\u00f3n de referencia es <strong>iTunes<\/strong>, que tambi\u00e9n funciona como directorio de podcasts. Sin embargo, si quer\u00e9is una aplicaci\u00f3n algo m\u00e1s \u00e1gil y con mejores prestaciones, <strong>Overcast<\/strong> es la aplicaci\u00f3n de referencia. Funciona para iPhone, iPad y Apple Watch.<\/p>\n<p>Para Android tambi\u00e9n hay varias opciones. Una aplicaci\u00f3n reconocida por sus funcionalidades es <strong>BeyondPod<\/strong>.<\/p>\n<p>Sin embargo, lo que nos interesa aqu\u00ed es c\u00f3mo distribuimos nuestro podcast.<\/p>\n<p>El paso m\u00e1s obvio, pero no por eso menos importante, es darlo a conocer en iTunes. Pensad que cerca del 70 % de las escuchas de podcasts tienen lugar aqu\u00ed.<\/p>\n<p>Por esta misma raz\u00f3n, iTunes est\u00e1 lleno de podcasts, de modo que os interesa hacer que destaque. Os ten\u00e9is que asegurar de que dais una descripci\u00f3n lo m\u00e1s completa posible de lo que ofrec\u00e9is, cread fragmentos breves divertidos, impactantes y originales para que puedan distribuirse por las redes sociales, a\u00f1adid una car\u00e1tula llamativa al podcast.<\/p>\n<p>La creaci\u00f3n de fragmentos breves es una herramienta central para mover nuestro podcast por las redes sociales. Ya sabemos c\u00f3mo funcionan. Nadie se pondr\u00e1 a escuchar una entrevista de tres cuartos de hora en Facebook. Pero si podemos hacer que un fragmento de menos de un minuto sea curioso, intrigante y llamativo, mucha gente se sentir\u00e1 interesada y, lo que es mejor, informar\u00e1 a sus amigos de que le resulta interesante.<\/p>\n<p>En paralelo, usad las redes sociales para anunciar cu\u00e1ndo saldr\u00e1 el pr\u00f3ximo podcast, pedir <em>feedback<\/em> de qu\u00e9 le ha parecido a la gente, preguntar a los suscriptores qu\u00e9 temas les interesar\u00eda que trataseis, etc.<\/p>\n<p>Si no os apetece trabajar en iTunes, o simplemente quer\u00e9is utilizar m\u00e1s de una plataforma, SoundCloud es tambi\u00e9n una buena herramienta para crear podcasts. Pod\u00e9is poner enlaces directamente desde vuestra web y hacer que vuestro p\u00fablico los escuche directamente. Redes sociales como Twitter tienen funcionalidades espec\u00edficas para poder escuchar el podcast directamente, sin tener que pasar por SoundCloud ni tener una cuenta abierta en este servicio web.<\/p>\n<p>Otra estrategia interesante que recomiendan los expertos en podcasting es que, cuando empecemos, ya tengamos tres episodios como m\u00ednimo. La raz\u00f3n es que entrar y ver que ya hay tres episodios da una idea de continuidad, de que habr\u00e1 m\u00e1s en el futuro y de que vale la pena suscribirse. En cambio, si vemos solo uno, podemos pensar que ser\u00e1 algo ef\u00edmero.<\/p>\n<p>Adem\u00e1s de iTunes, merece la pena que deis de alta vuestro podcast en otros directorios \u2013que en el argot de marketing se conocen como <em>podcatchers<\/em>. <a href=\"https:\/\/overcast.fm\/\" target=\"_blank\" rel=\"noopener\"><strong>Overcast<\/strong><\/a> tiene una red de podcasts muy potente, y tambi\u00e9n <a href=\"https:\/\/www.stitcher.com\/content-providers.php\" target=\"_blank\" rel=\"noopener\"><strong>Sticher<\/strong><\/a>.<\/p>\n<p>Tal y como pasa en el mundo de los blogs, es muy com\u00fan la figura del <strong>podcaster invitado<\/strong>. Invitad a creadores digitales con un buen n\u00famero de seguidores a hacerle una entrevista en vuestro programa, e intentad convencerle de tener alg\u00fan episodio invitado en el suyo. Esto os har\u00e1 m\u00e1s conocidos y facilitar\u00e1 la distribuci\u00f3n. Tambi\u00e9n os servir\u00e1 para conectar con otros creadores y aprender de ellos.<\/p>\n","protected":false},"excerpt":{"rendered":"<p>Hay podcasts de todo tipo: literarios, para aprender idiomas, con selecciones musicales, debates pol\u00edticos, historias de ficci\u00f3n, entrevistas, religiosos, etc. Sobre cualquier tema del que se pueda hablar, seguro que hay un podcast. Como usuarios, lo m\u00e1s sencillo es descargarnos un cliente de podcast, ir a los directorios que nos ofrezca y suscribirnos a los [&hellip;]<\/p>\n","protected":false},"author":1,"featured_media":0,"parent":0,"menu_order":0,"comment_status":"closed","ping_status":"closed","template":"","meta":{"inline_featured_image":false},"acf":[],"_links":{"self":[{"href":"http:\/\/disseny-test.uoc.edu\/materials\/prod-digital\/es\/wp-json\/wp\/v2\/pages\/770"}],"collection":[{"href":"http:\/\/disseny-test.uoc.edu\/materials\/prod-digital\/es\/wp-json\/wp\/v2\/pages"}],"about":[{"href":"http:\/\/disseny-test.uoc.edu\/materials\/prod-digital\/es\/wp-json\/wp\/v2\/types\/page"}],"author":[{"embeddable":true,"href":"http:\/\/disseny-test.uoc.edu\/materials\/prod-digital\/es\/wp-json\/wp\/v2\/users\/1"}],"replies":[{"embeddable":true,"href":"http:\/\/disseny-test.uoc.edu\/materials\/prod-digital\/es\/wp-json\/wp\/v2\/comments?post=770"}],"version-history":[{"count":1,"href":"http:\/\/disseny-test.uoc.edu\/materials\/prod-digital\/es\/wp-json\/wp\/v2\/pages\/770\/revisions"}],"predecessor-version":[{"id":771,"href":"http:\/\/disseny-test.uoc.edu\/materials\/prod-digital\/es\/wp-json\/wp\/v2\/pages\/770\/revisions\/771"}],"wp:attachment":[{"href":"http:\/\/disseny-test.uoc.edu\/materials\/prod-digital\/es\/wp-json\/wp\/v2\/media?parent=770"}],"curies":[{"name":"wp","href":"https:\/\/api.w.org\/{rel}","templated":true}]}}