{"id":772,"date":"2018-01-30T11:15:46","date_gmt":"2018-01-30T11:15:46","guid":{"rendered":"http:\/\/disseny-test.uoc.edu\/materials\/prod-digital\/?page_id=772"},"modified":"2018-01-30T11:15:46","modified_gmt":"2018-01-30T11:15:46","slug":"5-5-1-introduccion","status":"publish","type":"page","link":"http:\/\/disseny-test.uoc.edu\/materials\/prod-digital\/es\/5-5-1-introduccion\/","title":{"rendered":"5.5.1. Introducci\u00f3n"},"content":{"rendered":"<p>Como dec\u00edamos en la introducci\u00f3n, hay que recordar que un sonido es siempre mucho m\u00e1s invasor que una imagen. En general, es una p\u00e9sima idea \u00abrecibir\u00bb a un visitante de una p\u00e1gina web con m\u00fasica o sonido. En primer lugar, es algo que uno no espera por defecto y, en segundo lugar, podr\u00eda ocurrir que la persona que visita est\u00e9 en un entorno donde hay que mantener silencio y puede resultar molesto.<\/p>\n<p>La manera m\u00e1s com\u00fan en la que una pista de audio aparece en un proyecto transmedia es o bien acompa\u00f1ando un v\u00eddeo o como podcast. Dado que el v\u00eddeo lo trataremos en el pr\u00f3ximo apartado, pasaremos a presentar algunas nociones de c\u00f3mo hacer que nuestro podcast sea m\u00e1s interesante y atractivo para nuestra audiencia.<\/p>\n","protected":false},"excerpt":{"rendered":"<p>Como dec\u00edamos en la introducci\u00f3n, hay que recordar que un sonido es siempre mucho m\u00e1s invasor que una imagen. En general, es una p\u00e9sima idea \u00abrecibir\u00bb a un visitante de una p\u00e1gina web con m\u00fasica o sonido. En primer lugar, es algo que uno no espera por defecto y, en segundo lugar, podr\u00eda ocurrir que [&hellip;]<\/p>\n","protected":false},"author":1,"featured_media":0,"parent":0,"menu_order":0,"comment_status":"closed","ping_status":"closed","template":"","meta":{"inline_featured_image":false},"acf":[],"_links":{"self":[{"href":"http:\/\/disseny-test.uoc.edu\/materials\/prod-digital\/es\/wp-json\/wp\/v2\/pages\/772"}],"collection":[{"href":"http:\/\/disseny-test.uoc.edu\/materials\/prod-digital\/es\/wp-json\/wp\/v2\/pages"}],"about":[{"href":"http:\/\/disseny-test.uoc.edu\/materials\/prod-digital\/es\/wp-json\/wp\/v2\/types\/page"}],"author":[{"embeddable":true,"href":"http:\/\/disseny-test.uoc.edu\/materials\/prod-digital\/es\/wp-json\/wp\/v2\/users\/1"}],"replies":[{"embeddable":true,"href":"http:\/\/disseny-test.uoc.edu\/materials\/prod-digital\/es\/wp-json\/wp\/v2\/comments?post=772"}],"version-history":[{"count":1,"href":"http:\/\/disseny-test.uoc.edu\/materials\/prod-digital\/es\/wp-json\/wp\/v2\/pages\/772\/revisions"}],"predecessor-version":[{"id":773,"href":"http:\/\/disseny-test.uoc.edu\/materials\/prod-digital\/es\/wp-json\/wp\/v2\/pages\/772\/revisions\/773"}],"wp:attachment":[{"href":"http:\/\/disseny-test.uoc.edu\/materials\/prod-digital\/es\/wp-json\/wp\/v2\/media?parent=772"}],"curies":[{"name":"wp","href":"https:\/\/api.w.org\/{rel}","templated":true}]}}