{"id":774,"date":"2018-01-30T11:16:29","date_gmt":"2018-01-30T11:16:29","guid":{"rendered":"http:\/\/disseny-test.uoc.edu\/materials\/prod-digital\/?page_id=774"},"modified":"2018-01-30T11:16:29","modified_gmt":"2018-01-30T11:16:29","slug":"5-5-2-de-que-deberia-tratar-mi-podcast","status":"publish","type":"page","link":"http:\/\/disseny-test.uoc.edu\/materials\/prod-digital\/es\/5-5-2-de-que-deberia-tratar-mi-podcast\/","title":{"rendered":"5.5.2. \u00bfDe qu\u00e9 deber\u00eda tratar mi podcast?"},"content":{"rendered":"<h4><strong>Entrevista<\/strong><\/h4>\n<p>Es seguramente la opci\u00f3n m\u00e1s extendida y m\u00e1s agradecida. Al no ofrecer im\u00e1genes, sino solo voz, poder cambiar del entrevistador al entrevistado permite hacer un ejercicio m\u00e1s \u00e1gil que hablar simplemente una sola persona. Entrevistar a una persona diferente en cada episodio tambi\u00e9n nos ofrece m\u00e1s variedad en voces, y finalmente nos descarga un poco de trabajo, puesto que el entrevistado generar\u00e1 una parte del contenido.<\/p>\n<h4><strong>Mon\u00f3logo<\/strong><\/h4>\n<p>Tomemos toda la iniciativa y expliquemos algo a nuestra audiencia: damos nuestra opini\u00f3n, leemos en voz alta un poema, argumentamos una posici\u00f3n pol\u00edtica\u2026 Es dif\u00edcil no sentirse un poco rid\u00edculo hablando solo \u2013en este sentido, la entrevista presenta ventaja\u2013 o no obsesionarse por el micr\u00f3fono. Una manera de hacer el mon\u00f3logo es imaginarse que est\u00e1is hablando a una persona en particular y dejar caer el discurso, que saldr\u00e1 de manera m\u00e1s sencilla. Tambi\u00e9n pod\u00e9is empezar simplemente calentando y hablando de otras cosas y, cuando ya os hay\u00e1is olvidado de la grabaci\u00f3n, empezar con el programa. Despu\u00e9s edit\u00e1is la parte que no sirve, y a otra cosa.<\/p>\n<h4><strong>Copresentaci\u00f3n<\/strong><\/h4>\n<p>Una manera muy \u00fatil de evitar el v\u00e9rtigo del mon\u00f3logo es tener un compa\u00f1ero con quien compartir el programa. As\u00ed, en lugar de hablar solo, hay otra persona a quien dirigirnos, y tambi\u00e9n algo m\u00e1s de variedad en las voces. A cambio, requiere mucha coordinaci\u00f3n y compenetraci\u00f3n para no pisarse el uno al otro o generar silencios largos porque no est\u00e9 claro a qui\u00e9n le toca hablar.<\/p>\n","protected":false},"excerpt":{"rendered":"<p>Entrevista Es seguramente la opci\u00f3n m\u00e1s extendida y m\u00e1s agradecida. Al no ofrecer im\u00e1genes, sino solo voz, poder cambiar del entrevistador al entrevistado permite hacer un ejercicio m\u00e1s \u00e1gil que hablar simplemente una sola persona. Entrevistar a una persona diferente en cada episodio tambi\u00e9n nos ofrece m\u00e1s variedad en voces, y finalmente nos descarga un [&hellip;]<\/p>\n","protected":false},"author":1,"featured_media":0,"parent":0,"menu_order":0,"comment_status":"closed","ping_status":"closed","template":"","meta":{"inline_featured_image":false},"acf":[],"_links":{"self":[{"href":"http:\/\/disseny-test.uoc.edu\/materials\/prod-digital\/es\/wp-json\/wp\/v2\/pages\/774"}],"collection":[{"href":"http:\/\/disseny-test.uoc.edu\/materials\/prod-digital\/es\/wp-json\/wp\/v2\/pages"}],"about":[{"href":"http:\/\/disseny-test.uoc.edu\/materials\/prod-digital\/es\/wp-json\/wp\/v2\/types\/page"}],"author":[{"embeddable":true,"href":"http:\/\/disseny-test.uoc.edu\/materials\/prod-digital\/es\/wp-json\/wp\/v2\/users\/1"}],"replies":[{"embeddable":true,"href":"http:\/\/disseny-test.uoc.edu\/materials\/prod-digital\/es\/wp-json\/wp\/v2\/comments?post=774"}],"version-history":[{"count":1,"href":"http:\/\/disseny-test.uoc.edu\/materials\/prod-digital\/es\/wp-json\/wp\/v2\/pages\/774\/revisions"}],"predecessor-version":[{"id":775,"href":"http:\/\/disseny-test.uoc.edu\/materials\/prod-digital\/es\/wp-json\/wp\/v2\/pages\/774\/revisions\/775"}],"wp:attachment":[{"href":"http:\/\/disseny-test.uoc.edu\/materials\/prod-digital\/es\/wp-json\/wp\/v2\/media?parent=774"}],"curies":[{"name":"wp","href":"https:\/\/api.w.org\/{rel}","templated":true}]}}