{"id":776,"date":"2018-01-30T11:16:57","date_gmt":"2018-01-30T11:16:57","guid":{"rendered":"http:\/\/disseny-test.uoc.edu\/materials\/prod-digital\/?page_id=776"},"modified":"2018-01-30T11:16:57","modified_gmt":"2018-01-30T11:16:57","slug":"5-5-3-grabar-la-voz-para-un-podcast","status":"publish","type":"page","link":"http:\/\/disseny-test.uoc.edu\/materials\/prod-digital\/es\/5-5-3-grabar-la-voz-para-un-podcast\/","title":{"rendered":"5.5.3. Grabar la voz para un podcast"},"content":{"rendered":"<p>A la hora de grabar, asegur\u00e9monos de disponer de una grabadora con suficiente bater\u00eda y memoria. No hay nada peor que tener que parar una entrevista fant\u00e1stica porque la grabadora est\u00e1 llena o sin corriente.<\/p>\n<p>Tambi\u00e9n es importante disponer de un buen micr\u00f3fono que capte bien el sonido, con matices. Si entrevistamos a una persona o hacemos una presentaci\u00f3n oral, es una buena idea disponer de un micr\u00f3fono que podamos pegar con un clip a nuestra ropa. En caso contrario, el sonido se desvanecer\u00e1 o aumentar\u00e1 a medida que nos movemos. Los locutores no profesionales tienden a moverse, girar la cabeza y generar este tipo de distorsiones, que despu\u00e9s son muy molestas al escuchar el podcast.<\/p>\n<p>Una vez grabado, es una buena idea editar nuestro podcast. Estamos en el mundo de la velocidad, y nuestro posible p\u00fablico est\u00e1 acostumbrado a escuchar entrevistas y programas de radio de calidad. Si dejamos nuestro audio tal y como sali\u00f3 originalmente, lleno de \u00abuh\u00bb, \u00abah\u00bb, \u00abotra cosa\u2026\u00bb y silencios, lo m\u00e1s probable es que lo abandonen desesperados al cabo de pocos minutos de iniciar la audici\u00f3n.<\/p>\n<p>Sin embargo, tambi\u00e9n existe el peligro contrario de eliminar todo lo que es informativo y crear una experiencia falsificada, en la que la ausencia completa de pausas o tos har\u00e1 que el oyente piense que todo es muy artificial.<\/p>\n<p>Aqu\u00ed nuestro objetivo deber\u00eda ser que la edici\u00f3n no se notara, que el flujo de la discusi\u00f3n no se cortara. Si para eliminar un \u00abbuenooo\u2026\u00bb hay que hacer un corte que provoque que la persona que habla est\u00e9 ametrallando las palabras, es mejor dejarlo.<\/p>\n<p>Grabar una entrevista o un mon\u00f3logo en audio es algo m\u00e1s dif\u00edcil de lo que parece. Un problema importante es el ruido. Inevitablemente, vuestro micr\u00f3fono captar\u00e1 sonidos de ambiente, y seg\u00fan de d\u00f3nde vengan y d\u00f3nde est\u00e9 el micr\u00f3fono, pueden llegar a ser muy molestos.<\/p>\n<p>Programas como Audacity ofrecen filtros de reducci\u00f3n de ruido, pero hay que utilizarlos de manera cuidadosa. Si nos excedemos, el resultado volver\u00e1 a parecer artificial, como si lo hubi\u00e9ramos grabado en la Estaci\u00f3n Espacial Internacional, mientras que lo que buscamos es que sea natural.<\/p>\n<p>Lo mejor es asegurarse de minimizar los ruidos de fondo, haciendo una serie de pruebas primero y, si queda un ruido m\u00ednimo, no agobiarse y dejarlo. Este helic\u00f3ptero o sirena de bomberos que aparecen de repente eliminadlos solo si no mutilan el ritmo natural de la conversaci\u00f3n o de vuestra presentaci\u00f3n oral.<\/p>\n<p>Y, antes de subir vuestro flamante podcast, ten\u00e9is que escucharlo entero y estar seguros de que todo funciona seg\u00fan lo que hab\u00e9is previsto. No hay nada peor que descubrir cinco minutos de silencio, unos murmullos que no se entienden o c\u00f3mo se os escapa una expresi\u00f3n poco afortunada. Os ten\u00e9is que asegurar de que funciona bien tanto con altavoces como con auriculares, e intentad escucharlo desde el ordenador y desde un dispositivo m\u00f3vil, para ver si el sonido es siempre aceptable.<\/p>\n","protected":false},"excerpt":{"rendered":"<p>A la hora de grabar, asegur\u00e9monos de disponer de una grabadora con suficiente bater\u00eda y memoria. No hay nada peor que tener que parar una entrevista fant\u00e1stica porque la grabadora est\u00e1 llena o sin corriente. Tambi\u00e9n es importante disponer de un buen micr\u00f3fono que capte bien el sonido, con matices. Si entrevistamos a una persona [&hellip;]<\/p>\n","protected":false},"author":1,"featured_media":0,"parent":0,"menu_order":0,"comment_status":"closed","ping_status":"closed","template":"","meta":{"inline_featured_image":false},"acf":[],"_links":{"self":[{"href":"http:\/\/disseny-test.uoc.edu\/materials\/prod-digital\/es\/wp-json\/wp\/v2\/pages\/776"}],"collection":[{"href":"http:\/\/disseny-test.uoc.edu\/materials\/prod-digital\/es\/wp-json\/wp\/v2\/pages"}],"about":[{"href":"http:\/\/disseny-test.uoc.edu\/materials\/prod-digital\/es\/wp-json\/wp\/v2\/types\/page"}],"author":[{"embeddable":true,"href":"http:\/\/disseny-test.uoc.edu\/materials\/prod-digital\/es\/wp-json\/wp\/v2\/users\/1"}],"replies":[{"embeddable":true,"href":"http:\/\/disseny-test.uoc.edu\/materials\/prod-digital\/es\/wp-json\/wp\/v2\/comments?post=776"}],"version-history":[{"count":1,"href":"http:\/\/disseny-test.uoc.edu\/materials\/prod-digital\/es\/wp-json\/wp\/v2\/pages\/776\/revisions"}],"predecessor-version":[{"id":777,"href":"http:\/\/disseny-test.uoc.edu\/materials\/prod-digital\/es\/wp-json\/wp\/v2\/pages\/776\/revisions\/777"}],"wp:attachment":[{"href":"http:\/\/disseny-test.uoc.edu\/materials\/prod-digital\/es\/wp-json\/wp\/v2\/media?parent=776"}],"curies":[{"name":"wp","href":"https:\/\/api.w.org\/{rel}","templated":true}]}}