{"id":778,"date":"2018-01-30T11:17:27","date_gmt":"2018-01-30T11:17:27","guid":{"rendered":"http:\/\/disseny-test.uoc.edu\/materials\/prod-digital\/?page_id=778"},"modified":"2018-01-30T11:17:27","modified_gmt":"2018-01-30T11:17:27","slug":"5-5-4-incluir-musica-en-un-podcast","status":"publish","type":"page","link":"http:\/\/disseny-test.uoc.edu\/materials\/prod-digital\/es\/5-5-4-incluir-musica-en-un-podcast\/","title":{"rendered":"5.5.4. Incluir m\u00fasica en un podcast"},"content":{"rendered":"<p>Introducir momentos musicales concretos en nuestro podcast es en general una buena idea. Como introducci\u00f3n, servir\u00e1 para dar una marca personal a nuestro podcast y para que sea reconocido antes de entrar de repente con nuestra entrevista o presentaci\u00f3n. Si el programa es largo, la inclusi\u00f3n de peque\u00f1as cu\u00f1as musicales funcionar\u00e1 como reposo cognitivo que ayudar\u00e1 a seguir mejor las ideas presentadas en el podcast.<\/p>\n<p>Hay que ser cuidadoso con los vol\u00famenes. Si mir\u00e1is los indicadores de Audacity o vuestro editor de audio preferido, podr\u00e9is ver que un fragmento musical aparece con el mismo volumen que vuestra voz. Sin embargo, tendr\u00edais que a\u00f1adir m\u00fasica en vuestro podcast a volumen menor que el de vuestra voz. La raz\u00f3n es que el volumen no es simplemente una magnitud f\u00edsica, sino tambi\u00e9n psicol\u00f3gica. En una m\u00fasica suceden m\u00e1s cosas que en una voz, y por lo tanto, a pesar de que tenga los mismos decibelios, nuestro p\u00fablico percibir\u00e1 la m\u00fasica m\u00e1s ruidosa que la voz.<\/p>\n","protected":false},"excerpt":{"rendered":"<p>Introducir momentos musicales concretos en nuestro podcast es en general una buena idea. Como introducci\u00f3n, servir\u00e1 para dar una marca personal a nuestro podcast y para que sea reconocido antes de entrar de repente con nuestra entrevista o presentaci\u00f3n. Si el programa es largo, la inclusi\u00f3n de peque\u00f1as cu\u00f1as musicales funcionar\u00e1 como reposo cognitivo que [&hellip;]<\/p>\n","protected":false},"author":1,"featured_media":0,"parent":0,"menu_order":0,"comment_status":"closed","ping_status":"closed","template":"","meta":{"inline_featured_image":false},"acf":[],"_links":{"self":[{"href":"http:\/\/disseny-test.uoc.edu\/materials\/prod-digital\/es\/wp-json\/wp\/v2\/pages\/778"}],"collection":[{"href":"http:\/\/disseny-test.uoc.edu\/materials\/prod-digital\/es\/wp-json\/wp\/v2\/pages"}],"about":[{"href":"http:\/\/disseny-test.uoc.edu\/materials\/prod-digital\/es\/wp-json\/wp\/v2\/types\/page"}],"author":[{"embeddable":true,"href":"http:\/\/disseny-test.uoc.edu\/materials\/prod-digital\/es\/wp-json\/wp\/v2\/users\/1"}],"replies":[{"embeddable":true,"href":"http:\/\/disseny-test.uoc.edu\/materials\/prod-digital\/es\/wp-json\/wp\/v2\/comments?post=778"}],"version-history":[{"count":1,"href":"http:\/\/disseny-test.uoc.edu\/materials\/prod-digital\/es\/wp-json\/wp\/v2\/pages\/778\/revisions"}],"predecessor-version":[{"id":779,"href":"http:\/\/disseny-test.uoc.edu\/materials\/prod-digital\/es\/wp-json\/wp\/v2\/pages\/778\/revisions\/779"}],"wp:attachment":[{"href":"http:\/\/disseny-test.uoc.edu\/materials\/prod-digital\/es\/wp-json\/wp\/v2\/media?parent=778"}],"curies":[{"name":"wp","href":"https:\/\/api.w.org\/{rel}","templated":true}]}}