{"id":780,"date":"2018-01-30T11:18:12","date_gmt":"2018-01-30T11:18:12","guid":{"rendered":"http:\/\/disseny-test.uoc.edu\/materials\/prod-digital\/?page_id=780"},"modified":"2018-01-30T11:18:12","modified_gmt":"2018-01-30T11:18:12","slug":"5-5-5-poner-nombres","status":"publish","type":"page","link":"http:\/\/disseny-test.uoc.edu\/materials\/prod-digital\/es\/5-5-5-poner-nombres\/","title":{"rendered":"5.5.5. Poner nombres"},"content":{"rendered":"<p>Poner nombre a nuestro podcast es importante. Necesitamos que destaque en el mar de t\u00edtulos de iTunes o Comcast. Si se es famoso, es f\u00e1cil: <em>The Tim Ferris Show<\/em> no necesita a\u00f1adir nada m\u00e1s al t\u00edtulo, y los fans de este autor de <em>best-sellers<\/em> sobre productividad se suscribir\u00e1n inmediatamente. Sin embargo, si este no es el caso, lo m\u00e1s recomendable es ponerle un t\u00edtulo descriptivo para que nuestra posible audiencia sepa de qu\u00e9 hablaremos y lo distinga de otros productos similares. Si adem\u00e1s conseguimos que sea un nombre divertido, chocante o impactante, tendremos el nombre perfecto.<\/p>\n<div class=\"featured featured-grey\"><p><em>Game Over<\/em> es un podcast sobre videojuegos en espa\u00f1ol muy popular, cuyo nombre apunta tambi\u00e9n al car\u00e1cter ir\u00f3nico del show. <em>Al filo de la realidad<\/em> es un t\u00edtulo inquietante, perfecto para este podcast sobre fen\u00f3menos paranormales, hecho en Argentina. <em>Histocast<\/em> no es tan sugerente, pero captura muy bien la idea de un podcast sobre historia.<\/p>\n<\/div>\n<p>Tambi\u00e9n es una buena idea dedicar unos minutos a pensar el nombre de cada episodio. Lo peor que pod\u00e9is hacer, evidentemente, es llamarlos \u00abEpisodio 1\u00bb, \u00abEpisodio 2\u00bb, etc. Si la persona que lo encuentra no conoce vuestro podcast, la idea de escuchar el \u00abEpisodio 7\u00bb probablemente no le resultar\u00e1 muy estimulante. Pero incluso a un suscriptor le puede ser dif\u00edcil recordar si ya escuch\u00f3 el \u00abEpisodio 6\u00bb o todav\u00eda no lo ha hecho.<\/p>\n<p>El t\u00edtulo del episodio tambi\u00e9n tendr\u00eda que ser descriptivo y crearnos inter\u00e9s para descargarlo. Captamos el porqu\u00e9 de nuestro episodio, qu\u00e9 estamos ofreciendo. Si en nuestro podcast explicaremos c\u00f3mo eliminar el ruido de fondo de una pista de audio con Audacity, no llamaremos a nuestro episodio simplemente \u00abSegundo tutorial avanzado de Audacity\u00bb, sino \u00abC\u00f3mo usar Audacity para eliminar el ruido de fondo de una grabaci\u00f3n\u00bb. Un recurso f\u00e1cil son las listas del tipo \u00abCinco maneras de mejorar una grabaci\u00f3n en la naturaleza\u00bb, pero intentemos evitar los cebos con cosas como \u00abLos cinco alimentos que no tendr\u00edas que probar\u00bb o \u00abC\u00f3mo se las arregla esta mujer para llegar a final de mes con quince hijos\u00bb.<\/p>\n","protected":false},"excerpt":{"rendered":"<p>Poner nombre a nuestro podcast es importante. Necesitamos que destaque en el mar de t\u00edtulos de iTunes o Comcast. Si se es famoso, es f\u00e1cil: The Tim Ferris Show no necesita a\u00f1adir nada m\u00e1s al t\u00edtulo, y los fans de este autor de best-sellers sobre productividad se suscribir\u00e1n inmediatamente. Sin embargo, si este no es [&hellip;]<\/p>\n","protected":false},"author":1,"featured_media":0,"parent":0,"menu_order":0,"comment_status":"closed","ping_status":"closed","template":"","meta":{"inline_featured_image":false},"acf":[],"_links":{"self":[{"href":"http:\/\/disseny-test.uoc.edu\/materials\/prod-digital\/es\/wp-json\/wp\/v2\/pages\/780"}],"collection":[{"href":"http:\/\/disseny-test.uoc.edu\/materials\/prod-digital\/es\/wp-json\/wp\/v2\/pages"}],"about":[{"href":"http:\/\/disseny-test.uoc.edu\/materials\/prod-digital\/es\/wp-json\/wp\/v2\/types\/page"}],"author":[{"embeddable":true,"href":"http:\/\/disseny-test.uoc.edu\/materials\/prod-digital\/es\/wp-json\/wp\/v2\/users\/1"}],"replies":[{"embeddable":true,"href":"http:\/\/disseny-test.uoc.edu\/materials\/prod-digital\/es\/wp-json\/wp\/v2\/comments?post=780"}],"version-history":[{"count":1,"href":"http:\/\/disseny-test.uoc.edu\/materials\/prod-digital\/es\/wp-json\/wp\/v2\/pages\/780\/revisions"}],"predecessor-version":[{"id":781,"href":"http:\/\/disseny-test.uoc.edu\/materials\/prod-digital\/es\/wp-json\/wp\/v2\/pages\/780\/revisions\/781"}],"wp:attachment":[{"href":"http:\/\/disseny-test.uoc.edu\/materials\/prod-digital\/es\/wp-json\/wp\/v2\/media?parent=780"}],"curies":[{"name":"wp","href":"https:\/\/api.w.org\/{rel}","templated":true}]}}