{"id":782,"date":"2018-01-30T11:19:01","date_gmt":"2018-01-30T11:19:01","guid":{"rendered":"http:\/\/disseny-test.uoc.edu\/materials\/prod-digital\/?page_id=782"},"modified":"2018-01-30T11:19:01","modified_gmt":"2018-01-30T11:19:01","slug":"5-5-6-cuanto-tendria-que-durar-un-podcast","status":"publish","type":"page","link":"http:\/\/disseny-test.uoc.edu\/materials\/prod-digital\/es\/5-5-6-cuanto-tendria-que-durar-un-podcast\/","title":{"rendered":"5.5.6. \u00bfCu\u00e1nto tendr\u00eda que durar un podcast?"},"content":{"rendered":"<p>Evidentemente, no hay reglas matem\u00e1ticas para calcular la duraci\u00f3n de un podcast, pero encontramos algunas recomendaciones que merece la pena tener en cuenta.<\/p>\n<p>Escuchar un podcast es una acci\u00f3n deliberada, diferente del <em>scroll<\/em> enfermizo que se hace en Facebook y Twitter para buscar algo \u00abnuevo\u00bb. Uno decide escuchar un podcast porque tiene tiempo o porque est\u00e1 en un periodo de actividad forzosa \u2013conduciendo o en transporte p\u00fablico, o estirado en la playa sin ganas de ba\u00f1arse\u2013 y ha decidido dedicar este tiempo a escuchar vuestro podcast.<\/p>\n<p>De este modo, no tiene sentido generar podcasts de dos minutos. Los podcasts que se anuncian como \u00abcortos\u00bb no duran normalmente menos de quince minutos, y una buena parte de los podcasts de \u00e9xito que se encuentran en iTunes pueden durar una hora.<\/p>\n<div class=\"featured featured-blue\"><p>Los expertos dicen que, en general, una duraci\u00f3n de entre 20 y 45 minutos es ideal para un podcast pero, como siempre, tendr\u00e9is que pensar qu\u00e9 quer\u00e9is transmitir, cu\u00e1l es vuestro p\u00fablico y en qu\u00e9 medio os mover\u00e9is.<\/p>\n<\/div>\n<p>Puesto que hablamos de tiempo, otra cuesti\u00f3n t\u00edpica es cada cu\u00e1nto se tendr\u00eda que publicar un episodio. Si examinamos con detalle el mundo de los podcasts, veremos que la norma es una actualizaci\u00f3n semanal. Si publicamos un podcast cada d\u00eda, nos arriesgamos a saturar a nuestra audiencia \u2013recordemos lo que hemos dicho antes, que escuchar un podcast es una acci\u00f3n deliberada, no un acto compulsivo como ver v\u00eddeos de gatos en YouTube. Si solo publicamos un podcast al mes, lo m\u00e1s f\u00e1cil es que nuestra audiencia se olvide de nosotros y se dirija a otras propuestas m\u00e1s estables.<\/p>\n<p>Sin embargo, una propuesta que est\u00e1 ganando popularidad \u00faltimamente y que funciona como alternativa al podcast semanal es la de la <strong>temporada<\/strong>. Seg\u00fan este concepto, lo que hacemos es pensar 4, 6, 10 podcasts sobre un tema com\u00fan y subirlos a la vez o en intervalos muy seguidos, como si fueran una temporada de una serie de Netflix o HBO. Despu\u00e9s podemos descansar un par de meses para que nuestra audiencia vaya escuchando los podcasts a su ritmo y, pasados estos dos meses, publicamos una nueva temporada. Elegir entre una mec\u00e1nica y otra depender\u00e1 del tipo de contenido que quer\u00e1is generar \u2013ciertas tem\u00e1ticas son m\u00e1s \u00abserializables\u00bb que otras\u2013 y vuestra disponibilidad.<\/p>\n","protected":false},"excerpt":{"rendered":"<p>Evidentemente, no hay reglas matem\u00e1ticas para calcular la duraci\u00f3n de un podcast, pero encontramos algunas recomendaciones que merece la pena tener en cuenta. Escuchar un podcast es una acci\u00f3n deliberada, diferente del scroll enfermizo que se hace en Facebook y Twitter para buscar algo \u00abnuevo\u00bb. Uno decide escuchar un podcast porque tiene tiempo o porque [&hellip;]<\/p>\n","protected":false},"author":1,"featured_media":0,"parent":0,"menu_order":0,"comment_status":"closed","ping_status":"closed","template":"","meta":{"inline_featured_image":false},"acf":[],"_links":{"self":[{"href":"http:\/\/disseny-test.uoc.edu\/materials\/prod-digital\/es\/wp-json\/wp\/v2\/pages\/782"}],"collection":[{"href":"http:\/\/disseny-test.uoc.edu\/materials\/prod-digital\/es\/wp-json\/wp\/v2\/pages"}],"about":[{"href":"http:\/\/disseny-test.uoc.edu\/materials\/prod-digital\/es\/wp-json\/wp\/v2\/types\/page"}],"author":[{"embeddable":true,"href":"http:\/\/disseny-test.uoc.edu\/materials\/prod-digital\/es\/wp-json\/wp\/v2\/users\/1"}],"replies":[{"embeddable":true,"href":"http:\/\/disseny-test.uoc.edu\/materials\/prod-digital\/es\/wp-json\/wp\/v2\/comments?post=782"}],"version-history":[{"count":1,"href":"http:\/\/disseny-test.uoc.edu\/materials\/prod-digital\/es\/wp-json\/wp\/v2\/pages\/782\/revisions"}],"predecessor-version":[{"id":783,"href":"http:\/\/disseny-test.uoc.edu\/materials\/prod-digital\/es\/wp-json\/wp\/v2\/pages\/782\/revisions\/783"}],"wp:attachment":[{"href":"http:\/\/disseny-test.uoc.edu\/materials\/prod-digital\/es\/wp-json\/wp\/v2\/media?parent=782"}],"curies":[{"name":"wp","href":"https:\/\/api.w.org\/{rel}","templated":true}]}}