{"id":784,"date":"2018-01-30T11:19:23","date_gmt":"2018-01-30T11:19:23","guid":{"rendered":"http:\/\/disseny-test.uoc.edu\/materials\/prod-digital\/?page_id=784"},"modified":"2018-01-30T19:02:31","modified_gmt":"2018-01-30T19:02:31","slug":"5-6-conclusion","status":"publish","type":"page","link":"http:\/\/disseny-test.uoc.edu\/materials\/prod-digital\/es\/5-6-conclusion\/","title":{"rendered":"5.6. Conclusi\u00f3n"},"content":{"rendered":"<p>Si quer\u00e9is trabajar en un proyecto focalizado en audio, la mejor opci\u00f3n es la de un podcast. Hay un espl\u00e9ndido ecosistema de creaci\u00f3n y distribuci\u00f3n, y es un formato deliberado, que anima a reflexionar, a dedicar un tiempo a escuchar estos contenidos que quer\u00e9is transmitir, y por eso se convierte en un medio especialmente agradecido.<\/p>\n<p>Pero hacer un podcast no es, ni mucho menos, grabar. Hace falta, por un lado, un gran esfuerzo de dise\u00f1o y planificaci\u00f3n para saber que tenemos un producto realmente interesante y, por el otro, una buena campa\u00f1a de difusi\u00f3n para asegurarnos de que nuestro podcast es escuchado por todas las personas a las que queremos llegar.<\/p>\n<p>Tambi\u00e9n es posible que vuestro inter\u00e9s por el audio sea secundario y lo busqu\u00e9is como apoyo a un proyecto de v\u00eddeo. Igualmente, los consejos que os damos aqu\u00ed se aplican a la hora de crear una pista de audio para un v\u00eddeo, adem\u00e1s de los otros comentarios del apartado dedicado a crear y editar v\u00eddeo.<\/p>\n","protected":false},"excerpt":{"rendered":"<p>Si quer\u00e9is trabajar en un proyecto focalizado en audio, la mejor opci\u00f3n es la de un podcast. Hay un espl\u00e9ndido ecosistema de creaci\u00f3n y distribuci\u00f3n, y es un formato deliberado, que anima a reflexionar, a dedicar un tiempo a escuchar estos contenidos que quer\u00e9is transmitir, y por eso se convierte en un medio especialmente agradecido. [&hellip;]<\/p>\n","protected":false},"author":1,"featured_media":0,"parent":0,"menu_order":0,"comment_status":"closed","ping_status":"closed","template":"","meta":{"inline_featured_image":false},"acf":[],"_links":{"self":[{"href":"http:\/\/disseny-test.uoc.edu\/materials\/prod-digital\/es\/wp-json\/wp\/v2\/pages\/784"}],"collection":[{"href":"http:\/\/disseny-test.uoc.edu\/materials\/prod-digital\/es\/wp-json\/wp\/v2\/pages"}],"about":[{"href":"http:\/\/disseny-test.uoc.edu\/materials\/prod-digital\/es\/wp-json\/wp\/v2\/types\/page"}],"author":[{"embeddable":true,"href":"http:\/\/disseny-test.uoc.edu\/materials\/prod-digital\/es\/wp-json\/wp\/v2\/users\/1"}],"replies":[{"embeddable":true,"href":"http:\/\/disseny-test.uoc.edu\/materials\/prod-digital\/es\/wp-json\/wp\/v2\/comments?post=784"}],"version-history":[{"count":2,"href":"http:\/\/disseny-test.uoc.edu\/materials\/prod-digital\/es\/wp-json\/wp\/v2\/pages\/784\/revisions"}],"predecessor-version":[{"id":1119,"href":"http:\/\/disseny-test.uoc.edu\/materials\/prod-digital\/es\/wp-json\/wp\/v2\/pages\/784\/revisions\/1119"}],"wp:attachment":[{"href":"http:\/\/disseny-test.uoc.edu\/materials\/prod-digital\/es\/wp-json\/wp\/v2\/media?parent=784"}],"curies":[{"name":"wp","href":"https:\/\/api.w.org\/{rel}","templated":true}]}}