{"id":786,"date":"2018-01-30T11:19:49","date_gmt":"2018-01-30T11:19:49","guid":{"rendered":"http:\/\/disseny-test.uoc.edu\/materials\/prod-digital\/?page_id=786"},"modified":"2018-01-30T11:19:49","modified_gmt":"2018-01-30T11:19:49","slug":"6-1-introduccion-al-ecosistema-del-video-en-un-entorno-digital","status":"publish","type":"page","link":"http:\/\/disseny-test.uoc.edu\/materials\/prod-digital\/es\/6-1-introduccion-al-ecosistema-del-video-en-un-entorno-digital\/","title":{"rendered":"6.1. Introducci\u00f3n al ecosistema del v\u00eddeo en un entorno digital"},"content":{"rendered":"<p>Hace solo un par de d\u00e9cadas, el v\u00eddeo era como un lujo en las comunicaciones en l\u00ednea. El software que permit\u00eda acceder al mismo era complejo de encontrar, y el v\u00eddeo resultaba dif\u00edcil de subir, muy lento de cargar y casi una curiosidad en la Red. Actualmente, cada vez m\u00e1s informaci\u00f3n nos llega en v\u00eddeo, y es el medio de comunicaci\u00f3n preferido por una mayor\u00eda de usuarios.<\/p>\n<p>Esto no quiere decir que hacer un v\u00eddeo sea la soluci\u00f3n a nuestros problemas de comunicaci\u00f3n. Al contrario, ya hay muchos v\u00eddeos, y hechos de manera muy profesional, de forma que un v\u00eddeo mal planteado puede ser un obst\u00e1culo m\u00e1s que una fortaleza en nuestras comunicaciones. Igual que con la imagen y el audio, necesitamos establecer qu\u00e9 mensaje queremos transmitir, qu\u00e9 p\u00fablico es el nuestro, de qu\u00e9 manera les llegar\u00e1 el v\u00eddeo y qu\u00e9 modelo de negocio tenemos en mente.<\/p>\n<p>En el caso del v\u00eddeo, es mucho m\u00e1s dif\u00edcil encontrar est\u00e1ndares claros que en el caso de la imagen y el sonido, por lo cual hemos dedicado algo m\u00e1s de espacio a discutir las diferentes alternativas tecnol\u00f3gicas que est\u00e1n ofreciendo y cu\u00e1l ser\u00e1 mejor en funci\u00f3n de nuestro proyecto.<\/p>\n<p>El mismo problema tenemos a la hora de elegir un programa de edici\u00f3n: encontramos muchas alternativas, de diferentes precios, y realmente no hay ninguna que sea la opci\u00f3n definitiva. Esto tambi\u00e9n depender\u00e1 mucho del hardware que utilicemos.<\/p>\n<p>El objetivo de este apartado no es exactamente entender c\u00f3mo hacer buenos v\u00eddeos, sino c\u00f3mo integrarlos en un dispositivo transmedia, por lo cual dedicaremos un apartado a explicar c\u00f3mo incrustar v\u00eddeo en nuestros proyectos de comunicaci\u00f3n, combin\u00e1ndolos con sonido e imagen f\u00edsica.<\/p>\n<p>Tal y como hemos hecho en los otros m\u00f3dulos, hablaremos tambi\u00e9n de cuestiones argumentativas, ret\u00f3ricas y est\u00e9ticas, e igualmente discutiremos cuestiones de propiedad intelectual.<\/p>\n","protected":false},"excerpt":{"rendered":"<p>Hace solo un par de d\u00e9cadas, el v\u00eddeo era como un lujo en las comunicaciones en l\u00ednea. El software que permit\u00eda acceder al mismo era complejo de encontrar, y el v\u00eddeo resultaba dif\u00edcil de subir, muy lento de cargar y casi una curiosidad en la Red. Actualmente, cada vez m\u00e1s informaci\u00f3n nos llega en v\u00eddeo, [&hellip;]<\/p>\n","protected":false},"author":1,"featured_media":0,"parent":0,"menu_order":0,"comment_status":"closed","ping_status":"closed","template":"","meta":{"inline_featured_image":false},"acf":[],"_links":{"self":[{"href":"http:\/\/disseny-test.uoc.edu\/materials\/prod-digital\/es\/wp-json\/wp\/v2\/pages\/786"}],"collection":[{"href":"http:\/\/disseny-test.uoc.edu\/materials\/prod-digital\/es\/wp-json\/wp\/v2\/pages"}],"about":[{"href":"http:\/\/disseny-test.uoc.edu\/materials\/prod-digital\/es\/wp-json\/wp\/v2\/types\/page"}],"author":[{"embeddable":true,"href":"http:\/\/disseny-test.uoc.edu\/materials\/prod-digital\/es\/wp-json\/wp\/v2\/users\/1"}],"replies":[{"embeddable":true,"href":"http:\/\/disseny-test.uoc.edu\/materials\/prod-digital\/es\/wp-json\/wp\/v2\/comments?post=786"}],"version-history":[{"count":1,"href":"http:\/\/disseny-test.uoc.edu\/materials\/prod-digital\/es\/wp-json\/wp\/v2\/pages\/786\/revisions"}],"predecessor-version":[{"id":787,"href":"http:\/\/disseny-test.uoc.edu\/materials\/prod-digital\/es\/wp-json\/wp\/v2\/pages\/786\/revisions\/787"}],"wp:attachment":[{"href":"http:\/\/disseny-test.uoc.edu\/materials\/prod-digital\/es\/wp-json\/wp\/v2\/media?parent=786"}],"curies":[{"name":"wp","href":"https:\/\/api.w.org\/{rel}","templated":true}]}}