{"id":788,"date":"2018-01-30T11:21:02","date_gmt":"2018-01-30T11:21:02","guid":{"rendered":"http:\/\/disseny-test.uoc.edu\/materials\/prod-digital\/?page_id=788"},"modified":"2018-01-30T11:21:02","modified_gmt":"2018-01-30T11:21:02","slug":"6-2-1-introduccion","status":"publish","type":"page","link":"http:\/\/disseny-test.uoc.edu\/materials\/prod-digital\/es\/6-2-1-introduccion\/","title":{"rendered":"6.2.1. Introducci\u00f3n"},"content":{"rendered":"<p>En el apartado\u00a0\u00a0<a href=\"http:\/\/disseny-test.uoc.edu\/materials\/prod-digital\/es\/4-2-4-quin-model-de-negoci-hi-ha-darrere-daquests-continguts\/\" target=\"_blank\" rel=\"noopener\">4.2.4 \u00ab\u00bb\u00bfQu\u00e9 modelo de negocio hay tras estos contenidos?\u00bb<\/a>, hablamos de la importancia de desarrollar un modelo de negocio. Una manera especialmente interesante y asequible de conseguir rendimiento econ\u00f3mico de nuestro proyecto transmedia es la financiaci\u00f3n colectiva, que explicaremos ahora con cierto detalle.<\/p>\n<div class=\"featured featured-blue\"><p><strong><em>Crowdfunding<\/em><\/strong> es un t\u00e9rmino ingl\u00e9s formado por <em>crowd<\/em> (\u2018multitud\u2019) y <em>funding<\/em> (\u2018financiaci\u00f3n\u2019), y quiere decir \u2018obtener financiaci\u00f3n de un grupo indiferenciado de personas\u2019.<\/p>\n<\/div>\n<p class=\"Normalesp\">La financiaci\u00f3n colectiva no es un invento de internet. Desde siempre ha habido pr\u00e1cticas como recibir una subvenci\u00f3n p\u00fablica o convencer a la familia y los amigos para que nos presten dinero para comprar una grabadora multipistas que nos ayudar\u00e1 a convertirnos en una estrella del rock. Sin embargo, no es menos cierto que la capacidad de internet de acercar a personas con intereses similares, aunque est\u00e9n muy lejos f\u00edsicamente entre ellas, ha facilitado mucho el desarrollo de este tipo de plataformas.<\/p>\n","protected":false},"excerpt":{"rendered":"<p>En el apartado\u00a0\u00a04.2.4 \u00ab\u00bb\u00bfQu\u00e9 modelo de negocio hay tras estos contenidos?\u00bb, hablamos de la importancia de desarrollar un modelo de negocio. Una manera especialmente interesante y asequible de conseguir rendimiento econ\u00f3mico de nuestro proyecto transmedia es la financiaci\u00f3n colectiva, que explicaremos ahora con cierto detalle. La financiaci\u00f3n colectiva no es un invento de internet. Desde [&hellip;]<\/p>\n","protected":false},"author":1,"featured_media":0,"parent":0,"menu_order":0,"comment_status":"closed","ping_status":"closed","template":"","meta":{"inline_featured_image":false},"acf":[],"_links":{"self":[{"href":"http:\/\/disseny-test.uoc.edu\/materials\/prod-digital\/es\/wp-json\/wp\/v2\/pages\/788"}],"collection":[{"href":"http:\/\/disseny-test.uoc.edu\/materials\/prod-digital\/es\/wp-json\/wp\/v2\/pages"}],"about":[{"href":"http:\/\/disseny-test.uoc.edu\/materials\/prod-digital\/es\/wp-json\/wp\/v2\/types\/page"}],"author":[{"embeddable":true,"href":"http:\/\/disseny-test.uoc.edu\/materials\/prod-digital\/es\/wp-json\/wp\/v2\/users\/1"}],"replies":[{"embeddable":true,"href":"http:\/\/disseny-test.uoc.edu\/materials\/prod-digital\/es\/wp-json\/wp\/v2\/comments?post=788"}],"version-history":[{"count":1,"href":"http:\/\/disseny-test.uoc.edu\/materials\/prod-digital\/es\/wp-json\/wp\/v2\/pages\/788\/revisions"}],"predecessor-version":[{"id":789,"href":"http:\/\/disseny-test.uoc.edu\/materials\/prod-digital\/es\/wp-json\/wp\/v2\/pages\/788\/revisions\/789"}],"wp:attachment":[{"href":"http:\/\/disseny-test.uoc.edu\/materials\/prod-digital\/es\/wp-json\/wp\/v2\/media?parent=788"}],"curies":[{"name":"wp","href":"https:\/\/api.w.org\/{rel}","templated":true}]}}