{"id":790,"date":"2018-01-30T11:21:40","date_gmt":"2018-01-30T11:21:40","guid":{"rendered":"http:\/\/disseny-test.uoc.edu\/materials\/prod-digital\/?page_id=790"},"modified":"2018-01-30T11:21:40","modified_gmt":"2018-01-30T11:21:40","slug":"6-2-2-que-me-aporta-un-proyecto-de-financiacion-colectiva","status":"publish","type":"page","link":"http:\/\/disseny-test.uoc.edu\/materials\/prod-digital\/es\/6-2-2-que-me-aporta-un-proyecto-de-financiacion-colectiva\/","title":{"rendered":"6.2.2. \u00bfQu\u00e9 me aporta un proyecto de financiaci\u00f3n colectiva?"},"content":{"rendered":"<div class=\"featured featured-blue\"><p>Sin lugar a dudas, la caracter\u00edstica m\u00e1s relevante de un proyecto de financiaci\u00f3n colectiva es la capacidad de testar el valor de mercado de nuestra idea.<\/p>\n<\/div>\n<p>Si nuestro proyecto no atrae a suficientes inversores en la financiaci\u00f3n colectiva, es una primera indicaci\u00f3n de que quiz\u00e1 no fuese tan interesante o innovador como nos imagin\u00e1bamos. Y siempre es mejor una campa\u00f1a de financiaci\u00f3n colectiva fallida que invertir una cantidad de dinero en un proyecto para descubrir despu\u00e9s que no genera suficiente inter\u00e9s y que el producto no se vende.<\/p>\n<p>Pero, adem\u00e1s, la financiaci\u00f3n colectiva nos ofrece tambi\u00e9n <strong>acceso directo a una comunidad interesada en nuestro producto<\/strong>. Disponemos de los correos electr\u00f3nicos, quiz\u00e1 incluso las direcciones f\u00edsicas y los n\u00fameros de tel\u00e9fono de nuestros clientes, y podemos obtener <em>feedback<\/em> directo de c\u00f3mo perciben nuestro proyecto, qu\u00e9 cambiar\u00edan o a\u00f1adir\u00edan, c\u00f3mo les gustar\u00eda que fuese una pr\u00f3xima versi\u00f3n, etc. Esto es muy complejo de conseguir en un proceso de comercializaci\u00f3n tradicional.<\/p>\n<p>La financiaci\u00f3n colectiva <strong>democratiza el concepto de obtener financiaci\u00f3n<\/strong>. Hasta la extensi\u00f3n de las plataformas de financiaci\u00f3n colectiva, conseguir una inyecci\u00f3n de dinero para un proyecto transmedia se limitaba a obtener becas o premios asociados a organismos p\u00fablicos o fundaciones, de modo que ten\u00edan acceso a inversores privados solo grandes proyectos comerciales y empresariales. Ahora, gracias a la financiaci\u00f3n colectiva, cualquiera de nosotros puede conseguir el capital suficiente para poner en marcha un proyecto ambicioso sin necesidad de que se adapte a unas directivas pol\u00edticas o empresariales concretas.<\/p>\n<p>Tampoco hay que olvidar que la financiaci\u00f3n colectiva permite <strong>reducir costes<\/strong>, desde intermediarios hasta complejas campa\u00f1as publicitarias, puesto que los mismos clientes, si est\u00e1n satisfechos, se encargar\u00e1n de informar a sus amigos y conocidos de las posibilidades de vuestro producto.<\/p>\n<p>Al mismo tiempo que bajamos costes, tambi\u00e9n <strong>reducimos el tiempo necesario<\/strong>. En una financiaci\u00f3n colectiva, podemos tener control de todas las etapas del proyecto y, por lo tanto, podemos acelerar muchos pasos. Y el resultado final se asemejar\u00e1 mucho m\u00e1s a lo que ten\u00edamos en la cabeza que si interfieren una serie de intermediarios.<\/p>\n","protected":false},"excerpt":{"rendered":"<p>Si nuestro proyecto no atrae a suficientes inversores en la financiaci\u00f3n colectiva, es una primera indicaci\u00f3n de que quiz\u00e1 no fuese tan interesante o innovador como nos imagin\u00e1bamos. Y siempre es mejor una campa\u00f1a de financiaci\u00f3n colectiva fallida que invertir una cantidad de dinero en un proyecto para descubrir despu\u00e9s que no genera suficiente inter\u00e9s [&hellip;]<\/p>\n","protected":false},"author":1,"featured_media":0,"parent":0,"menu_order":0,"comment_status":"closed","ping_status":"closed","template":"","meta":{"inline_featured_image":false},"acf":[],"_links":{"self":[{"href":"http:\/\/disseny-test.uoc.edu\/materials\/prod-digital\/es\/wp-json\/wp\/v2\/pages\/790"}],"collection":[{"href":"http:\/\/disseny-test.uoc.edu\/materials\/prod-digital\/es\/wp-json\/wp\/v2\/pages"}],"about":[{"href":"http:\/\/disseny-test.uoc.edu\/materials\/prod-digital\/es\/wp-json\/wp\/v2\/types\/page"}],"author":[{"embeddable":true,"href":"http:\/\/disseny-test.uoc.edu\/materials\/prod-digital\/es\/wp-json\/wp\/v2\/users\/1"}],"replies":[{"embeddable":true,"href":"http:\/\/disseny-test.uoc.edu\/materials\/prod-digital\/es\/wp-json\/wp\/v2\/comments?post=790"}],"version-history":[{"count":1,"href":"http:\/\/disseny-test.uoc.edu\/materials\/prod-digital\/es\/wp-json\/wp\/v2\/pages\/790\/revisions"}],"predecessor-version":[{"id":791,"href":"http:\/\/disseny-test.uoc.edu\/materials\/prod-digital\/es\/wp-json\/wp\/v2\/pages\/790\/revisions\/791"}],"wp:attachment":[{"href":"http:\/\/disseny-test.uoc.edu\/materials\/prod-digital\/es\/wp-json\/wp\/v2\/media?parent=790"}],"curies":[{"name":"wp","href":"https:\/\/api.w.org\/{rel}","templated":true}]}}