{"id":792,"date":"2018-01-30T11:22:16","date_gmt":"2018-01-30T11:22:16","guid":{"rendered":"http:\/\/disseny-test.uoc.edu\/materials\/prod-digital\/?page_id=792"},"modified":"2018-01-30T11:22:16","modified_gmt":"2018-01-30T11:22:16","slug":"6-2-3-cuando-tiene-sentido-llevar-a-cabo-una-financiacion-colectiva","status":"publish","type":"page","link":"http:\/\/disseny-test.uoc.edu\/materials\/prod-digital\/es\/6-2-3-cuando-tiene-sentido-llevar-a-cabo-una-financiacion-colectiva\/","title":{"rendered":"6.2.3. \u00bfCu\u00e1ndo tiene sentido llevar a cabo  una financiaci\u00f3n colectiva?"},"content":{"rendered":"<p>A pesar de todas las ventajas que acabamos de enumerar, una financiaci\u00f3n colectiva no es siempre una buena idea. De manera general, aqu\u00ed enumeramos algunos de los aspectos que hay que tener en cuenta, aunque, como siempre, la palabra final la ten\u00e9is vosotros.<\/p>\n<ul>\n<li>Salvo que ya se\u00e1is unos creadores conocidos, al arrancar una campa\u00f1a de financiaci\u00f3n colectiva es una buena idea <strong>disponer de alg\u00fan tipo de prototipo<\/strong>, tr\u00e1iler o versi\u00f3n que el posible p\u00fablico interesado pueda examinar antes de decidirse a invertir en vuestro proyecto. Tener en proyecto algo os servir\u00e1 como prueba de que realmente podr\u00e9is llevarlo a cabo. No hay nada peor que comprometerse a hacer una cosa a partir de cero y descubrir a medio camino que ciertos aspectos del proyecto no son resolubles a tiempo.<\/li>\n<li>Siguiendo por esta l\u00ednea, si es un proyecto en el que son necesarias diferentes habilidades, debemos asegurarnos de que o bien tenemos los<strong> recursos y conocimientos suficientes<\/strong> para llevarlo a cabo, o bien disponemos de un equipo de personas con estas habilidades y que est\u00e1n tambi\u00e9n interesadas en el proyecto.<\/li>\n<li>Es importante tambi\u00e9n asegurarse de que habr\u00e1 alg\u00fan tipo de <strong>comunidad<\/strong> <strong>interesada en vuestro proyecto<\/strong>. No hace falta que sea una comunidad masiva. Puede ser una comunidad nicho, pero es importante saber que hay un grupo de personas a las cuales podemos enviar nuestra propuesta y que la recibir\u00e1n con inter\u00e9s.<\/li>\n<li>La <strong>comunicaci\u00f3n<\/strong> <strong>v\u00eda redes sociales<\/strong> es vital en un proyecto de financiaci\u00f3n colectiva. Nos tenemos que asegurar de que entre todos los responsables del proyecto disponemos de suficientes contactos\/amigos\/seguidores para conseguir una masa cr\u00edtica que d\u00e9 a conocer nuestro proyecto a suficientes personas.<\/li>\n<li>Finalmente, nuestro proyecto debe tener <strong>algo destacado, diferente, innovador, cuidado, que lo convierta en especial<\/strong> y haga que los miembros de la comunidad a la que nos dirigimos quiera difundirlo. Quiz\u00e1 es la manera en la que present\u00e1is el material, o unos audios exclusivos, o la implicaci\u00f3n de alguien respetado por la comunidad objetivo. No es necesario hacer un proyecto tan innovador que os asegure ganar la pr\u00f3xima edici\u00f3n del Ars Electronica, pero s\u00ed es importante incluir alg\u00fan punto diferenciador.<\/li>\n<\/ul>\n","protected":false},"excerpt":{"rendered":"<p>A pesar de todas las ventajas que acabamos de enumerar, una financiaci\u00f3n colectiva no es siempre una buena idea. De manera general, aqu\u00ed enumeramos algunos de los aspectos que hay que tener en cuenta, aunque, como siempre, la palabra final la ten\u00e9is vosotros. Salvo que ya se\u00e1is unos creadores conocidos, al arrancar una campa\u00f1a de [&hellip;]<\/p>\n","protected":false},"author":1,"featured_media":0,"parent":0,"menu_order":0,"comment_status":"closed","ping_status":"closed","template":"","meta":{"inline_featured_image":false},"acf":[],"_links":{"self":[{"href":"http:\/\/disseny-test.uoc.edu\/materials\/prod-digital\/es\/wp-json\/wp\/v2\/pages\/792"}],"collection":[{"href":"http:\/\/disseny-test.uoc.edu\/materials\/prod-digital\/es\/wp-json\/wp\/v2\/pages"}],"about":[{"href":"http:\/\/disseny-test.uoc.edu\/materials\/prod-digital\/es\/wp-json\/wp\/v2\/types\/page"}],"author":[{"embeddable":true,"href":"http:\/\/disseny-test.uoc.edu\/materials\/prod-digital\/es\/wp-json\/wp\/v2\/users\/1"}],"replies":[{"embeddable":true,"href":"http:\/\/disseny-test.uoc.edu\/materials\/prod-digital\/es\/wp-json\/wp\/v2\/comments?post=792"}],"version-history":[{"count":1,"href":"http:\/\/disseny-test.uoc.edu\/materials\/prod-digital\/es\/wp-json\/wp\/v2\/pages\/792\/revisions"}],"predecessor-version":[{"id":793,"href":"http:\/\/disseny-test.uoc.edu\/materials\/prod-digital\/es\/wp-json\/wp\/v2\/pages\/792\/revisions\/793"}],"wp:attachment":[{"href":"http:\/\/disseny-test.uoc.edu\/materials\/prod-digital\/es\/wp-json\/wp\/v2\/media?parent=792"}],"curies":[{"name":"wp","href":"https:\/\/api.w.org\/{rel}","templated":true}]}}