{"id":794,"date":"2018-01-30T11:25:11","date_gmt":"2018-01-30T11:25:11","guid":{"rendered":"http:\/\/disseny-test.uoc.edu\/materials\/prod-digital\/?page_id=794"},"modified":"2018-01-30T19:04:17","modified_gmt":"2018-01-30T19:04:17","slug":"6-2-4-la-financiacion-colectiva-paso-a-paso","status":"publish","type":"page","link":"http:\/\/disseny-test.uoc.edu\/materials\/prod-digital\/es\/6-2-4-la-financiacion-colectiva-paso-a-paso\/","title":{"rendered":"6.2.4. La financiaci\u00f3n colectiva paso a paso"},"content":{"rendered":"<p>En primer lugar, tenemos que llevar a cabo un cuidadoso proceso de planificaci\u00f3n. Debemos pensar bien en el tipo de proyecto transmedia que queremos llevar a cabo, revisando todos los aspectos que hemos mencionado en el apartado anterior: asegurarnos de que el equipo seleccionado dispone de todos los conocimientos y recursos necesarios, decidir a qu\u00e9 comunidad nos dirigiremos, etc.<\/p>\n<div class=\"featured featured-blue\"><p>A la hora de elegir nuestro proyecto, b\u00e1sicamente necesitamos encontrar una intersecci\u00f3n entre nosotros y la comunidad a la que nos dirigimos.<\/p>\n<\/div>\n<p>Por un lado, tenemos que <strong>encontrar un tema, cuesti\u00f3n, problema que apasione a una comunidad determinada<\/strong>. Si no hay un p\u00fablico interesado, nuestro proyecto de financiaci\u00f3n colectiva fracasar\u00e1. Sin embargo, salvo que se\u00e1is unos profesionales altamente disciplinados, es importante que elij\u00e1is un proyecto que os ilusione, que os haga gracia. En caso contrario, lo acabar\u00e9is abandonando.<\/p>\n<div class=\"featured featured-grey\"><p>Podemos descubrir una comunidad de locos por las orqu\u00eddeas, dispuestos a pagar una buena cantidad por un interactivo sobre diferentes especies de orqu\u00eddeas, el tiempo de floraci\u00f3n, etc. Sin embargo, si las orqu\u00eddeas aburren mortalmente a esta persona, lo m\u00e1s normal es que abandone el proyecto despu\u00e9s de la fotograf\u00eda n\u00famero 23.<\/p>\n<\/div>\n<p>A continuaci\u00f3n, pasamos a definir las caracter\u00edsticas de nuestra financiaci\u00f3n colectiva: b\u00e1sicamente, \u00bfcu\u00e1nto dinero queremos conseguir? \u00bfCu\u00e1nto tiempo estar\u00e1 activa la campa\u00f1a? \u00bfY qu\u00e9 incentivos ofreceremos a nuestro p\u00fablico?<\/p>\n<h4><strong>\u00bfCu\u00e1nto dinero queremos conseguir?<\/strong><\/h4>\n<p>Esta pregunta es diferente de cu\u00e1nto dinero necesitamos, aunque sin duda est\u00e1n relacionadas. Tenemos que hacer una primera estimaci\u00f3n de los aspectos siguientes:<\/p>\n<ul>\n<li>A qui\u00e9n nos dirigimos.<\/li>\n<li>Cu\u00e1l es el inter\u00e9s que generar\u00e1 nuestro proyecto.<\/li>\n<li>Cu\u00e1nto estar\u00edan dispuestos a pagar, en principio, por nuestro proyecto.<\/li>\n<li>A cu\u00e1ntas personas podr\u00eda interesar.<\/li>\n<\/ul>\n<div class=\"featured featured-blue\"><p>No olvid\u00e9is incluir todos los costes del proyecto.<\/p>\n<\/div>\n<p>Una buena manera de asegurarse de que no aparece un gasto sorpresa es planificar hacia atr\u00e1s. Es decir, os ten\u00e9is que situar en el momento final del proyecto, en el cual el usuario, encantado, os env\u00eda un correo en el que os felicita, y reconstruir. \u00bfQu\u00e9 pas\u00f3 antes? El cliente recibi\u00f3 el proyecto. \u00bfC\u00f3mo lo recibi\u00f3? Le deb\u00eda de haber llegado un paquete. \u00a1Ooops! Me olvid\u00e9 de incluir los gastos de env\u00edo\u2026 Seguid as\u00ed, reconstruyendo el proceso hacia atr\u00e1s hasta llegar a la fase actual. As\u00ed podr\u00e9is ver todos los pasos que todav\u00eda os faltan, y cu\u00e1les tienen un coste asociado.<\/p>\n<p>E insistimos, no planifiqu\u00e9is el proyecto pensando que cubrir\u00e9is todos los costes. Considerad vuestra campa\u00f1a de financiaci\u00f3n colectiva como una subvenci\u00f3n parcial para conseguir el proyecto que quer\u00e9is. Si acaba siendo un buen proyecto que inspira a la gente, recuperar\u00e9is con creces vuestra inversi\u00f3n.<\/p>\n<p>En su libro <em>Bold<\/em>, Peter Diamandis y Steven Kotler proponen la f\u00f3rmula siguiente para calcular el objetivo financiero de nuestra campa\u00f1a de financiaci\u00f3n colectiva:<\/p>\n<blockquote>\n<p class=\"DestacadoUOC\"><span lang=\"CA\">El m\u00ednimo de dinero necesario para poner en marcha el proyecto +<\/span><\/p>\n<p class=\"DestacadoUOC\"><span lang=\"CA\">un margen del 10 % para cubrir costes de plataforma y tarifas para uso de tarjetas de cr\u00e9dito +<\/span><\/p>\n<p class=\"DestacadoUOC\"><span lang=\"CA\">el coste de todos los incentivos que producir\u00e9is para premiar a los contribuyentes de la campa\u00f1a.<\/span><\/p>\n<\/blockquote>\n<div class=\"blockquote-author\"><p>Peter Diamandis y Steven Kotler.<em> Bold<\/em><\/p>\n<\/div>\n<p>Y esto os da una primera estimaci\u00f3n b\u00e1sica del m\u00ednimo necesario para empezar el proyecto.<\/p>\n<h4><strong>\u00bfCu\u00e1nto tiempo estar\u00e1 activa la campa\u00f1a?<\/strong><\/h4>\n<div class=\"featured featured-blue\"><p>El tiempo t\u00edpico de una campa\u00f1a oscila entre 30 y 120 d\u00edas.<\/p>\n<\/div>\n<p>Seg\u00fan la plataforma de financiaci\u00f3n colectiva Indiegogo, las campa\u00f1as con m\u00e1s \u00e9xito est\u00e1n en la franja de 30-40 d\u00edas, pero tampoco se trata de convertir este tema en matem\u00e1tica: fijemos un tiempo razonable que nos permita acabar nuestro proyecto con \u00e9xito y recaudar el dinero necesario y que, al mismo tiempo, sea lo bastante breve como para que el p\u00fablico interesado no se aburra esperando. Esta es otra de las razones por las cuales tener un poco avanzado un proyecto de financiaci\u00f3n colectiva es tan importante.<\/p>\n<h4><strong>\u00bfQu\u00e9 incentivos ofreceremos a nuestro p\u00fablico?<\/strong><\/h4>\n<p>Salvo que nuestro objetivo sea gorronear a la familia y a los amigos para que financien nuestro proyecto, el cliente tiene que obtener algo a cambio, y debe ser algo que le interese lo suficiente como para animarse a pagar por adelantado. Aqu\u00ed es donde los incentivos tienen importancia.<\/p>\n<div class=\"featured featured-blue\"><p>Generad varios incentivos con precios distintos, e intentad crear objetos y experiencias diferenciadas, que hagan sentir especial a vuestro cliente.<\/p>\n<\/div>\n<p>Generad alg\u00fan tipo de jerarqu\u00eda y haced que las diferencias de precio se correspondan con verdaderos valores a\u00f1adidos y no con un simple \u00aba ver si pican\u00bb. Tenemos que ofrecer algo aut\u00e9ntico, exclusivo, \u00fanico.<\/p>\n<p>Recordad que a la gente, en general, le cuesta pagar mucho por algo puramente digital, as\u00ed que ten\u00e9is que estar seguros de que las mayores peticiones de financiaci\u00f3n incluyan tambi\u00e9n alg\u00fan objeto f\u00edsico o experiencia exclusiva que la haga sentir especial.<\/p>\n<p>Si ten\u00e9is conocimientos valiosos para ofrecer, una alternativa interesante es incluir en los incentivos encuentros personalizados en los que ofrecer\u00e9is este conocimiento experto y contestar\u00e9is las preguntas concretas de quien ha solicitado este incentivo.<\/p>\n<p>De este modo, podemos organizar nuestra lista de incentivos de manera progresiva, y en un extremo tendremos unos incentivos puramente digitales, que podamos producir de modo sencillo y sin costes de producci\u00f3n asociados, por los cuales podamos pedir muy poco, simplemente para atraer a gente a nuestra comunidad y que den a conocer el proyecto. Kickstarter permite contribuciones de incluso 1 $.<\/p>\n<p>En el otro extremo, pondremos aquello que llame m\u00e1s la atenci\u00f3n, algo realmente especial, algo que sepamos que para los verdaderos fans sea especial. Un incentivo que funciona muy bien es una edici\u00f3n limitada de nuestro producto en forma f\u00edsica. La gradaci\u00f3n de precios ha de tener sentido: seg\u00fan vamos subiendo, ofreceremos cosas m\u00e1s interesantes y la subida de precios tendr\u00eda que ir asociada a aumentar el inter\u00e9s, aunque, claro est\u00e1, es algo muy subjetivo.<\/p>\n<p>Es importante que los incentivos m\u00e1s valiosos est\u00e9n presentes en un n\u00famero limitado. Si vamos a pedir 500 \u20ac por un \u00edtem, debe haber muy pocos \u00edtems como este. Hay que crear la sensaci\u00f3n de escasez: hay muy pocos \u00edtems tan especiales como este, y si os despist\u00e1is, quiz\u00e1 lo adquirir\u00e1 alguien antes que vosotros.<\/p>\n<p>Finalmente, nada impide que a\u00f1ad\u00e1is nuevas recompensas seg\u00fan se van acabando las que hab\u00edais ofrecido al principio.<\/p>\n","protected":false},"excerpt":{"rendered":"<p>En primer lugar, tenemos que llevar a cabo un cuidadoso proceso de planificaci\u00f3n. Debemos pensar bien en el tipo de proyecto transmedia que queremos llevar a cabo, revisando todos los aspectos que hemos mencionado en el apartado anterior: asegurarnos de que el equipo seleccionado dispone de todos los conocimientos y recursos necesarios, decidir a qu\u00e9 [&hellip;]<\/p>\n","protected":false},"author":1,"featured_media":0,"parent":0,"menu_order":0,"comment_status":"closed","ping_status":"closed","template":"","meta":{"inline_featured_image":false},"acf":[],"_links":{"self":[{"href":"http:\/\/disseny-test.uoc.edu\/materials\/prod-digital\/es\/wp-json\/wp\/v2\/pages\/794"}],"collection":[{"href":"http:\/\/disseny-test.uoc.edu\/materials\/prod-digital\/es\/wp-json\/wp\/v2\/pages"}],"about":[{"href":"http:\/\/disseny-test.uoc.edu\/materials\/prod-digital\/es\/wp-json\/wp\/v2\/types\/page"}],"author":[{"embeddable":true,"href":"http:\/\/disseny-test.uoc.edu\/materials\/prod-digital\/es\/wp-json\/wp\/v2\/users\/1"}],"replies":[{"embeddable":true,"href":"http:\/\/disseny-test.uoc.edu\/materials\/prod-digital\/es\/wp-json\/wp\/v2\/comments?post=794"}],"version-history":[{"count":2,"href":"http:\/\/disseny-test.uoc.edu\/materials\/prod-digital\/es\/wp-json\/wp\/v2\/pages\/794\/revisions"}],"predecessor-version":[{"id":1120,"href":"http:\/\/disseny-test.uoc.edu\/materials\/prod-digital\/es\/wp-json\/wp\/v2\/pages\/794\/revisions\/1120"}],"wp:attachment":[{"href":"http:\/\/disseny-test.uoc.edu\/materials\/prod-digital\/es\/wp-json\/wp\/v2\/media?parent=794"}],"curies":[{"name":"wp","href":"https:\/\/api.w.org\/{rel}","templated":true}]}}