{"id":796,"date":"2018-01-30T11:25:50","date_gmt":"2018-01-30T11:25:50","guid":{"rendered":"http:\/\/disseny-test.uoc.edu\/materials\/prod-digital\/?page_id=796"},"modified":"2018-01-30T11:25:50","modified_gmt":"2018-01-30T11:25:50","slug":"6-2-5-roles-en-una-campana-de-financiacion-colectiva","status":"publish","type":"page","link":"http:\/\/disseny-test.uoc.edu\/materials\/prod-digital\/es\/6-2-5-roles-en-una-campana-de-financiacion-colectiva\/","title":{"rendered":"6.2.5. Roles en una campa\u00f1a de financiaci\u00f3n colectiva"},"content":{"rendered":"<p>Ya sea creando un peque\u00f1o equipo o asumiendo el vuestro toda la gesti\u00f3n, es importante considerar los roles siguientes:<\/p>\n<ul>\n<li>Organizar una campa\u00f1a de financiaci\u00f3n colectiva es enga\u00f1osamente f\u00e1cil: sub\u00eds la informaci\u00f3n y venga, a esperar. Si os limit\u00e1is a esto, estar\u00e9is compitiendo con decenas de miles de personas que piensan exactamente lo mismo y est\u00e1n esperando tambi\u00e9n aqu\u00ed. Necesit\u00e1is mover vuestra campa\u00f1a: darla a conocer en las redes sociales, hablar de ella en blogs, implicar a vuestros amigos presenciales, contactar con la prensa. Si lo hac\u00e9is a lo loco, sin una estrategia clara, puede acabar teniendo tambi\u00e9n muy poco efecto. Es mejor estudiar bien cu\u00e1les son vuestras fortalezas de comunicaci\u00f3n y explorarlas de la mejor manera posible.<\/li>\n<li><strong>Dise\u00f1o y comunicaci\u00f3n.<\/strong> Comunicar bien requiere un buen ejercicio de las im\u00e1genes y los v\u00eddeos, para ser lo m\u00e1s viral posible y llegar a un mayor n\u00famero de interesados. Lo que explicamos en el apartado dedicado a las im\u00e1genes os resultar\u00e1 \u00fatil sin duda, pero es necesario desarrollarlo m\u00e1s. Es aqu\u00ed donde pod\u00e9is aplicar vuestros conocimientos y destrezas en el \u00e1mbito del dise\u00f1o.<\/li>\n<li><strong>Tecnolog\u00eda digital.<\/strong> Necesitar\u00e9is tambi\u00e9n gestionar vuestra presencia en la plataforma de financiaci\u00f3n colectiva, gestionar pagos en l\u00ednea. Seguramente, necesitar\u00e9is tambi\u00e9n un sitio web propio.<\/li>\n<\/ul>\n","protected":false},"excerpt":{"rendered":"<p>Ya sea creando un peque\u00f1o equipo o asumiendo el vuestro toda la gesti\u00f3n, es importante considerar los roles siguientes: Organizar una campa\u00f1a de financiaci\u00f3n colectiva es enga\u00f1osamente f\u00e1cil: sub\u00eds la informaci\u00f3n y venga, a esperar. Si os limit\u00e1is a esto, estar\u00e9is compitiendo con decenas de miles de personas que piensan exactamente lo mismo y est\u00e1n [&hellip;]<\/p>\n","protected":false},"author":1,"featured_media":0,"parent":0,"menu_order":0,"comment_status":"closed","ping_status":"closed","template":"","meta":{"inline_featured_image":false},"acf":[],"_links":{"self":[{"href":"http:\/\/disseny-test.uoc.edu\/materials\/prod-digital\/es\/wp-json\/wp\/v2\/pages\/796"}],"collection":[{"href":"http:\/\/disseny-test.uoc.edu\/materials\/prod-digital\/es\/wp-json\/wp\/v2\/pages"}],"about":[{"href":"http:\/\/disseny-test.uoc.edu\/materials\/prod-digital\/es\/wp-json\/wp\/v2\/types\/page"}],"author":[{"embeddable":true,"href":"http:\/\/disseny-test.uoc.edu\/materials\/prod-digital\/es\/wp-json\/wp\/v2\/users\/1"}],"replies":[{"embeddable":true,"href":"http:\/\/disseny-test.uoc.edu\/materials\/prod-digital\/es\/wp-json\/wp\/v2\/comments?post=796"}],"version-history":[{"count":1,"href":"http:\/\/disseny-test.uoc.edu\/materials\/prod-digital\/es\/wp-json\/wp\/v2\/pages\/796\/revisions"}],"predecessor-version":[{"id":797,"href":"http:\/\/disseny-test.uoc.edu\/materials\/prod-digital\/es\/wp-json\/wp\/v2\/pages\/796\/revisions\/797"}],"wp:attachment":[{"href":"http:\/\/disseny-test.uoc.edu\/materials\/prod-digital\/es\/wp-json\/wp\/v2\/media?parent=796"}],"curies":[{"name":"wp","href":"https:\/\/api.w.org\/{rel}","templated":true}]}}