{"id":798,"date":"2018-01-30T11:37:07","date_gmt":"2018-01-30T11:37:07","guid":{"rendered":"http:\/\/disseny-test.uoc.edu\/materials\/prod-digital\/?page_id=798"},"modified":"2018-01-30T11:37:07","modified_gmt":"2018-01-30T11:37:07","slug":"6-2-6-plataformas-de-financiacion-colectiva","status":"publish","type":"page","link":"http:\/\/disseny-test.uoc.edu\/materials\/prod-digital\/es\/6-2-6-plataformas-de-financiacion-colectiva\/","title":{"rendered":"6.2.6. Plataformas de financiaci\u00f3n colectiva"},"content":{"rendered":"<p>Sin ninguna intenci\u00f3n de ser exhaustivos, aqu\u00ed hay un listado de las plataformas de financiaci\u00f3n colectiva m\u00e1s conocidas y utilizadas.<\/p>\n<h4><strong><a href=\"https:\/\/www.kickstarter.com\/\" target=\"_blank\" rel=\"noopener\">Kickstarter<\/a><\/strong><\/h4>\n<div class=\"featured featured-blue\"><p>Kickstarter es la primera plataforma de financiaci\u00f3n colectiva que se hizo famosa y, en el momento de escribir estas l\u00edneas, hab\u00eda lanzado m\u00e1s de 250.000 proyectos.<\/p>\n<\/div>\n<p>Tiene la sede en Estados Unidos y se focaliza en proyectos creativos en un sentido amplio: m\u00fasica, pel\u00edculas, c\u00f3mics, ilustraci\u00f3n, gastronom\u00eda, moda, fotograf\u00eda, juegos de mesa, videojuegos, arte performativo, etc.<\/p>\n<p>Como en la mayor\u00eda de las plataformas de financiaci\u00f3n colectiva, si no se llega al m\u00ednimo solicitado por el autor, el proyecto se cancela y el dinero se devuelve a quienes hab\u00edan contribuido.<\/p>\n<p>Kickstarter se queda cerca del 8 % del dinero recaudado (el 5 % directamente y el 3 % con los gastos de su sistema de pago), pero no solicita ning\u00fan tipo de propiedad intelectual del resultado del proyecto, que est\u00e1 totalmente en manos del autor.<\/p>\n<p>Seg\u00fan Kickstarter, el \u00e9xito de los proyectos en su plataforma es de cerca del 40 %.<\/p>\n<p>En su p\u00e1gina inicial, mantiene una secci\u00f3n de productos que est\u00e1n cerca de conseguir el objetivo y los proyectos que les son especialmente interesantes.<\/p>\n<h4><strong><a href=\"https:\/\/www.indiegogo.com\/\" target=\"_blank\" rel=\"noopener\">Indiegogo<\/a><\/strong><a href=\"#_ftn1\" name=\"_ftnref1\"><\/a><\/h4>\n<div class=\"featured featured-blue\"><p>Indiegogo es una plataforma abierta a proyectos creativos, pero tambi\u00e9n a proyectos empresariales o de caridad o ayuda internacional.<\/p>\n<\/div>\n<p>Disponen de un proyecto espec\u00edfico llamado <a href=\"http:\/\/www.generosity.com\" target=\"_blank\" rel=\"noopener\"><em>Generosity<\/em><\/a> para recaudar dinero r\u00e1pidamente para causas sociales, tanto en caso de emergencias y desastres como de celebraciones.<\/p>\n<p>Indiegogo recauda el 5 % del total. En caso de que el proyecto finalmente no reciba suficiente financiaci\u00f3n, ofrece al autor la posibilidad de elegir entre devolver el dinero a los contribuyentes o seguir con el proyecto y, en este caso, Indiegogo se queda el 9 % del total.<\/p>\n<div class=\"featured featured-blue\"><p>Con Kickstarter e Indiegogo, cubriremos la mayor\u00eda de los proyectos de financiaci\u00f3n colectiva que podemos encontrar a escala global.<\/p>\n<\/div>\n<h4><strong><a href=\"http:\/\/www.goteo.org\" target=\"_blank\" rel=\"noopener\">Goteo<\/a><\/strong><\/h4>\n<div class=\"featured featured-blue\"><p>Este proyecto, gestionado por el colectivo Platoniq, es una plataforma de financiaci\u00f3n colectiva c\u00edvica en espa\u00f1ol para proyectos de car\u00e1cter social y reivindicativo.<\/p>\n<\/div>\n<p>A diferencia de Indiegogo y Kickstarter, que son empresas, Goteo es una asociaci\u00f3n sin \u00e1nimo de lucro que crea tambi\u00e9n herramientas y servicios de cocreaci\u00f3n.<\/p>\n<p>Funciona mediante dos rondas de financiaci\u00f3n, de cuarenta d\u00edas cada una. Adem\u00e1s de posibles recompensas e incentivos materiales, muestra que la persona que financia est\u00e1 ayudando a mejorar una problem\u00e1tica social.<\/p>\n<p>Dispone de r\u00e9plicas y asociados en otros pa\u00edses, y tiene un \u00e9xito de financiaci\u00f3n de cerca del 70 %.<\/p>\n<h4><strong><a href=\"http:\/\/www.verkami.com\" target=\"_blank\" rel=\"noopener\">Verkami<\/a><\/strong><\/h4>\n<div class=\"featured featured-blue\"><p>Verkami, como Kickstarter, est\u00e1 centrado en financiaci\u00f3n colectiva de proyectos creativos, pero en espa\u00f1ol.<\/p>\n<\/div>\n<p>De hecho, fue una iniciativa pionera de financiaci\u00f3n colectiva en Europa, puesta en marcha en el 2010.<\/p>\n<p>Verkami es un neologismo en esperanto que significa \u2018amigo de la creaci\u00f3n\u2019, resultado de combinar las palabras <em>verki<\/em> (verbo que significa \u2018crear arte o ciencia\u2019) y <em>ami<\/em> (\u2018querer\u2019, \u2018gustar\u2019).<\/p>\n","protected":false},"excerpt":{"rendered":"<p>Sin ninguna intenci\u00f3n de ser exhaustivos, aqu\u00ed hay un listado de las plataformas de financiaci\u00f3n colectiva m\u00e1s conocidas y utilizadas. Kickstarter Tiene la sede en Estados Unidos y se focaliza en proyectos creativos en un sentido amplio: m\u00fasica, pel\u00edculas, c\u00f3mics, ilustraci\u00f3n, gastronom\u00eda, moda, fotograf\u00eda, juegos de mesa, videojuegos, arte performativo, etc. Como en la mayor\u00eda [&hellip;]<\/p>\n","protected":false},"author":1,"featured_media":0,"parent":0,"menu_order":0,"comment_status":"closed","ping_status":"closed","template":"","meta":{"inline_featured_image":false},"acf":[],"_links":{"self":[{"href":"http:\/\/disseny-test.uoc.edu\/materials\/prod-digital\/es\/wp-json\/wp\/v2\/pages\/798"}],"collection":[{"href":"http:\/\/disseny-test.uoc.edu\/materials\/prod-digital\/es\/wp-json\/wp\/v2\/pages"}],"about":[{"href":"http:\/\/disseny-test.uoc.edu\/materials\/prod-digital\/es\/wp-json\/wp\/v2\/types\/page"}],"author":[{"embeddable":true,"href":"http:\/\/disseny-test.uoc.edu\/materials\/prod-digital\/es\/wp-json\/wp\/v2\/users\/1"}],"replies":[{"embeddable":true,"href":"http:\/\/disseny-test.uoc.edu\/materials\/prod-digital\/es\/wp-json\/wp\/v2\/comments?post=798"}],"version-history":[{"count":1,"href":"http:\/\/disseny-test.uoc.edu\/materials\/prod-digital\/es\/wp-json\/wp\/v2\/pages\/798\/revisions"}],"predecessor-version":[{"id":799,"href":"http:\/\/disseny-test.uoc.edu\/materials\/prod-digital\/es\/wp-json\/wp\/v2\/pages\/798\/revisions\/799"}],"wp:attachment":[{"href":"http:\/\/disseny-test.uoc.edu\/materials\/prod-digital\/es\/wp-json\/wp\/v2\/media?parent=798"}],"curies":[{"name":"wp","href":"https:\/\/api.w.org\/{rel}","templated":true}]}}