{"id":800,"date":"2018-01-30T11:38:48","date_gmt":"2018-01-30T11:38:48","guid":{"rendered":"http:\/\/disseny-test.uoc.edu\/materials\/prod-digital\/?page_id=800"},"modified":"2018-01-30T11:38:48","modified_gmt":"2018-01-30T11:38:48","slug":"6-3-1-que-son-los-formatos-de-video-la-cuestion-de-la-compresion","status":"publish","type":"page","link":"http:\/\/disseny-test.uoc.edu\/materials\/prod-digital\/es\/6-3-1-que-son-los-formatos-de-video-la-cuestion-de-la-compresion\/","title":{"rendered":"6.3.1. \u00bfQu\u00e9 son los formatos de v\u00eddeo?  La cuesti\u00f3n de la compresi\u00f3n"},"content":{"rendered":"<div class=\"featured featured-blue\"><p>Aunque nos referimos a los mismos con extensiones como .avi, .mp4, etc., los formatos de v\u00eddeo no son realmente formayos. Son m\u00e1s bien <strong>contenedores<\/strong>, es decir, como unos paquetes de ficheros que incluyen las im\u00e1genes del v\u00eddeo, el sonido, indicaciones de c\u00f3mo descomprimir y sincronizar, en los que puede haber tambi\u00e9n, por ejemplo, subt\u00edtulos.<\/p>\n<\/div>\n<p>Como m\u00ednimo, un contenedor de v\u00eddeo contiene un codificador de v\u00eddeo y uno de audio. Un <em>container<\/em> os permite elegir el codificador de v\u00eddeo y el de audio que quer\u00e1is. De este modo, pod\u00e9is usar una compresi\u00f3n de alta calidad para la imagen \u2013puesto que consider\u00e1is que es importante en vuestro proyecto transmedia\u2013, pero usar MP3 para comprimir el audio porque es secundario.<\/p>\n<p>Para poder ver v\u00eddeo en vuestro ordenador, necesit\u00e1is codificadores. Algunos codificadores, como DivX, ya vienen directamente con el sistema operativo; otros quedar\u00e1n instalados al incluir un programa para ver v\u00eddeos, y otros tendr\u00e9is que descargarlos de la web. Normalmente, cuando se necesita un codificador nuevo para ver el v\u00eddeo, el programa que est\u00e1 intentando leerlo avisar\u00e1 del nuevo codificador que se necesita. Muchas veces, os ofrecer\u00e1 el enlace para descargarlo.<\/p>\n<p>Para hacer la tarea m\u00e1s sencilla, encontramos los <strong>paquetes de codificadores<\/strong>: software que ya incluye varios codificadores a la vez, y por lo tanto no los ten\u00e9is que ir buscando uno por uno. Desgraciadamente, muchos de estos paquetes tienden a crear conflictos con otros programas que teng\u00e1is instalados y algunos han sido utilizados para instalar molestos programas de inclusi\u00f3n de anuncios (<em>adware<\/em>) e incluso software malicioso, y por lo tanto es mejor instalar el codificador concreto que necesitemos. Y, de hecho, con visores de medios como VLC, que ya vienen preparados con una gran cantidad de codificadores, lo m\u00e1s f\u00e1cil es que no teng\u00e1is necesidad de ello.<\/p>\n<p>Las im\u00e1genes de v\u00eddeo que vienen directamente de una c\u00e1mara (el formato <em>raw<\/em>) ocupan una gran cantidad de espacio. De aqu\u00ed la necesidad de comprimirlo y la existencia de puntos de codificador. El contenedor incluir\u00e1, de este modo, audio y v\u00eddeo ya comprimidos. El audio estar\u00e1 comprimido en alguno de los formatos que hemos explicado en el apartado\u00a0<a href=\"http:\/\/disseny-test.uoc.edu\/materials\/prod-digital\/es\/5-1-ecosistema-de-laudio-en-un-entorn-digital\/\" target=\"_blank\" rel=\"noopener\"> 5 \u00abFormatos de audio y su uso\u00bb.<\/a><\/p>\n<p>&nbsp;<\/p>\n","protected":false},"excerpt":{"rendered":"<p>Como m\u00ednimo, un contenedor de v\u00eddeo contiene un codificador de v\u00eddeo y uno de audio. Un container os permite elegir el codificador de v\u00eddeo y el de audio que quer\u00e1is. De este modo, pod\u00e9is usar una compresi\u00f3n de alta calidad para la imagen \u2013puesto que consider\u00e1is que es importante en vuestro proyecto transmedia\u2013, pero usar [&hellip;]<\/p>\n","protected":false},"author":1,"featured_media":0,"parent":0,"menu_order":0,"comment_status":"closed","ping_status":"closed","template":"","meta":{"inline_featured_image":false},"acf":[],"_links":{"self":[{"href":"http:\/\/disseny-test.uoc.edu\/materials\/prod-digital\/es\/wp-json\/wp\/v2\/pages\/800"}],"collection":[{"href":"http:\/\/disseny-test.uoc.edu\/materials\/prod-digital\/es\/wp-json\/wp\/v2\/pages"}],"about":[{"href":"http:\/\/disseny-test.uoc.edu\/materials\/prod-digital\/es\/wp-json\/wp\/v2\/types\/page"}],"author":[{"embeddable":true,"href":"http:\/\/disseny-test.uoc.edu\/materials\/prod-digital\/es\/wp-json\/wp\/v2\/users\/1"}],"replies":[{"embeddable":true,"href":"http:\/\/disseny-test.uoc.edu\/materials\/prod-digital\/es\/wp-json\/wp\/v2\/comments?post=800"}],"version-history":[{"count":1,"href":"http:\/\/disseny-test.uoc.edu\/materials\/prod-digital\/es\/wp-json\/wp\/v2\/pages\/800\/revisions"}],"predecessor-version":[{"id":801,"href":"http:\/\/disseny-test.uoc.edu\/materials\/prod-digital\/es\/wp-json\/wp\/v2\/pages\/800\/revisions\/801"}],"wp:attachment":[{"href":"http:\/\/disseny-test.uoc.edu\/materials\/prod-digital\/es\/wp-json\/wp\/v2\/media?parent=800"}],"curies":[{"name":"wp","href":"https:\/\/api.w.org\/{rel}","templated":true}]}}