{"id":802,"date":"2018-01-30T11:44:39","date_gmt":"2018-01-30T11:44:39","guid":{"rendered":"http:\/\/disseny-test.uoc.edu\/materials\/prod-digital\/?page_id=802"},"modified":"2018-01-30T19:05:34","modified_gmt":"2018-01-30T19:05:34","slug":"6-3-2-contenidors-mes-comuns","status":"publish","type":"page","link":"http:\/\/disseny-test.uoc.edu\/materials\/prod-digital\/es\/6-3-2-contenidors-mes-comuns\/","title":{"rendered":"6.3.2. Contenedores m\u00e1s comunes"},"content":{"rendered":"<p>&nbsp;<\/p>\n<table>\n<tbody>\n<tr>\n<th width=\"20%\"><span style=\"font-weight: 400;\"><a href=\"javascript:void(0);\" class=\"tooltip\" data-toggle=\"popover\" data-placement=\"bottom\" data-content=\"AVI es la sigla de <em>Audio Video Interlaced<\/em>, o audio y v\u00eddeo entrelazados.\" data-placement=\"top\" data-html=\"true\" >AVI<\/a><a href=\"#_ftn1\" name=\"_ftnref1\"><br \/>\n<\/a><\/span><\/th>\n<td width=\"80%\">Creado por Microsoft, era el formato de v\u00eddeo por defecto en el siglo pasado, aunque en la actualidad est\u00e1 superado por otros contenedores m\u00e1s avanzados, que ofrecen una mayor compresi\u00f3n o la capacidad de incluir subt\u00edtulos. Ahora mismo, no tendr\u00eda ning\u00fan sentido que exportarais vuestros v\u00eddeos a AVI, puesto que es un formato en desuso, pero todav\u00eda se puede encontrar mucho material antiguo en la Red en este formato, as\u00ed que siempre es una buena idea tener herramientas para ver y editar AVI.<\/td>\n<\/tr>\n<tr>\n<th><span style=\"font-weight: 400;\"><a href=\"javascript:void(0);\" class=\"tooltip\" data-toggle=\"popover\" data-placement=\"bottom\" data-content=\"ASF es la sigla de <em>Advanced Systems Format<\/em>, o formato de sistemas avanzado.\" data-placement=\"top\" data-html=\"true\" >ASF<\/a><\/span><\/th>\n<td>Es el contenedor de Microsoft para su codificador WMV. Aunque ASF sea la sigla de referencia, la extensi\u00f3n que se refiere a este contenedor es habitualmente WMV. Se trata de un formato propietario y permite utilizar sistemas de control antipirater\u00eda, conocidos por la sigla DRM (digital rigths management, o gesti\u00f3n de derechos de autor digitales).<\/td>\n<\/tr>\n<tr>\n<th><span style=\"font-weight: 400;\">\u00a0QuickTime<\/span><\/th>\n<td>Este formato de empaquetado de v\u00eddeo y audio fue desarrollado por Apple, y era el sistema de codificar v\u00eddeo por defecto en las m\u00e1quinas creadas por esta empresa. Los usuarios de Windows disponen de una aplicaci\u00f3n que permite leer QuickTime en sus m\u00e1quinas.<\/p>\n<p>QuickTime permite combinar imagen en movimiento y est\u00e1tica con audio, e incluir acciones interactivas. Ofrece tambi\u00e9n un conector para poder a\u00f1adir m\u00e1s codificadores, como DivX.<\/p>\n<p>Para referirse a este contenedor, los ficheros pueden tener las extensiones .mov o .qt.<\/td>\n<\/tr>\n<tr>\n<th><span style=\"font-weight: 400;\">\u00a0Flash Video<\/span><\/th>\n<td>En los primeros a\u00f1os de expansi\u00f3n de la web, Flash era el contenedor por defecto para v\u00eddeo. Las conexiones no eran lo bastante r\u00e1pidas para nada m\u00e1s complejo, y la calidad de v\u00eddeo era claramente superable. Actualmente, hay versiones que permiten usar codificadores como H.264, pero Flash ya no tiene este estatus de formato por defecto y, por lo tanto, nuestra recomendaci\u00f3n es usarlo solo si por cuestiones t\u00e9cnicas es la \u00fanica opci\u00f3n accesible.<\/p>\n<p>El contenedor de v\u00eddeo de Flash aparece normalmente con las extensiones .flv o .swf. Actualmente, es propiedad de Adobe.<\/td>\n<\/tr>\n<tr>\n<th><span style=\"font-weight: 400;\"><a href=\"javascript:void(0);\" class=\"tooltip\" data-toggle=\"popover\" data-placement=\"bottom\" data-content=\"AVCHD es la sigla de <em>Advanced Video Coding High Definition<\/em>, o sistema de codificaci\u00f3n avanzada de v\u00eddeo con alta definici\u00f3n.\" data-placement=\"top\" data-html=\"true\" >AVCHD<\/a><\/span><\/th>\n<td>Este formato, al igual que MP4, permite usar el codificador H.264 y lo encontramos en buena parte de las c\u00e1maras de v\u00eddeo digitales. Permite incluir subt\u00edtulos, men\u00fas interactivos o presentaciones de diapositivas con audio, y ofrece grabar y distribuir en diferentes definiciones y ratios.<\/p>\n<p>AVCHD es un formato en t\u00e1ndem de Sony y Panasonic.<\/td>\n<\/tr>\n<tr>\n<th><span style=\"font-weight: 400;\">\u00a0<\/span><\/th>\n<td>Este formato puede considerarse una mejora y ampliaci\u00f3n de Quicktime, y es el formato por defecto que encontramos en los ordenadores Apple y en su servicio de venta y alquiler de v\u00eddeos v\u00eda iTunes, etc. Permite utilizar varios codificadores de compresi\u00f3n de v\u00eddeo y audio, aunque los m\u00e1s usados son H.263\/H.264 para v\u00eddeo y AAC para audio.<\/p>\n<p>Con la sigla M4V, se distribuye la versi\u00f3n propietaria de Apple, que incluye, como ASF, opciones antipirater\u00eda.<\/td>\n<\/tr>\n<tr>\n<th><span style=\"font-weight: 400;\"><a href=\"javascript:void(0);\" class=\"tooltip\" data-toggle=\"popover\" data-placement=\"bottom\" data-content=\"MKV son las iniciales de extensi\u00f3n para referirse al contenedor de v\u00eddeo <em>Matroska<\/em>. El nombre deriva de las mu\u00f1ecas rusas de madera anidadas una dentro de la otra.\" data-placement=\"top\" data-html=\"true\" >MKV<\/a><\/span><\/th>\n<td>A diferencia de los otros contenedores, es libre y abierto. Es un contenedor ideal, puesto que acepta una gran cantidad de formatos de audio y v\u00eddeo m\u00e1s subt\u00edtulos, divisi\u00f3n en cap\u00edtulos y men\u00fas interactivos, y por lo tanto se ha convertido en el formato m\u00e1s flexible. Desgraciadamente, no tiene todav\u00eda un apoyo universal.<\/td>\n<\/tr>\n<tr>\n<th><span style=\"font-weight: 400;\">\u00a0OGG<\/span><\/th>\n<td>Ya hablamos de este contenedor en el apartado referente al audio, <a href=\"http:\/\/disseny-test.uoc.edu\/materials\/prod-digital\/5-2-6-ogg-vorbis\/\">5.2.6 \u00abOgg Vorbis\u00bb<\/a>, cuando coment\u00e1bamos alternativas abiertas a MP3. Al tratarse de un contenedor, OGG puede almacenar v\u00eddeo adem\u00e1s de audio, as\u00ed como subt\u00edtulos y elementos interactivos.El v\u00eddeo aparece normalmente con la extensi\u00f3n .ogv.<\/td>\n<\/tr>\n<\/tbody>\n<\/table>\n","protected":false},"excerpt":{"rendered":"<p>&nbsp; Creado por Microsoft, era el formato de v\u00eddeo por defecto en el siglo pasado, aunque en la actualidad est\u00e1 superado por otros contenedores m\u00e1s avanzados, que ofrecen una mayor compresi\u00f3n o la capacidad de incluir subt\u00edtulos. Ahora mismo, no tendr\u00eda ning\u00fan sentido que exportarais vuestros v\u00eddeos a AVI, puesto que es un formato en [&hellip;]<\/p>\n","protected":false},"author":1,"featured_media":0,"parent":0,"menu_order":0,"comment_status":"closed","ping_status":"closed","template":"","meta":{"inline_featured_image":false},"acf":[],"_links":{"self":[{"href":"http:\/\/disseny-test.uoc.edu\/materials\/prod-digital\/es\/wp-json\/wp\/v2\/pages\/802"}],"collection":[{"href":"http:\/\/disseny-test.uoc.edu\/materials\/prod-digital\/es\/wp-json\/wp\/v2\/pages"}],"about":[{"href":"http:\/\/disseny-test.uoc.edu\/materials\/prod-digital\/es\/wp-json\/wp\/v2\/types\/page"}],"author":[{"embeddable":true,"href":"http:\/\/disseny-test.uoc.edu\/materials\/prod-digital\/es\/wp-json\/wp\/v2\/users\/1"}],"replies":[{"embeddable":true,"href":"http:\/\/disseny-test.uoc.edu\/materials\/prod-digital\/es\/wp-json\/wp\/v2\/comments?post=802"}],"version-history":[{"count":3,"href":"http:\/\/disseny-test.uoc.edu\/materials\/prod-digital\/es\/wp-json\/wp\/v2\/pages\/802\/revisions"}],"predecessor-version":[{"id":1121,"href":"http:\/\/disseny-test.uoc.edu\/materials\/prod-digital\/es\/wp-json\/wp\/v2\/pages\/802\/revisions\/1121"}],"wp:attachment":[{"href":"http:\/\/disseny-test.uoc.edu\/materials\/prod-digital\/es\/wp-json\/wp\/v2\/media?parent=802"}],"curies":[{"name":"wp","href":"https:\/\/api.w.org\/{rel}","templated":true}]}}