{"id":804,"date":"2018-01-30T11:47:22","date_gmt":"2018-01-30T11:47:22","guid":{"rendered":"http:\/\/disseny-test.uoc.edu\/materials\/prod-digital\/?page_id=804"},"modified":"2018-01-30T19:06:18","modified_gmt":"2018-01-30T19:06:18","slug":"6-3-3-codificadores-de-video-mas-comunes","status":"publish","type":"page","link":"http:\/\/disseny-test.uoc.edu\/materials\/prod-digital\/es\/6-3-3-codificadores-de-video-mas-comunes\/","title":{"rendered":"6.3.3. Codificadores de v\u00eddeo m\u00e1s comunes"},"content":{"rendered":"<p>Hay una gran cantidad de codificadores para elegir, y todav\u00eda estamos lejos de que se establezca un est\u00e1ndar. Podr\u00edamos llenar todas las p\u00e1ginas de este documento simplemente listando c\u00f3digos de v\u00eddeo, pero no tendr\u00eda mucho sentido, puesto que en el fondo los cuatro formatos que describiremos a continuaci\u00f3n cubren la inmensa mayor\u00eda de los v\u00eddeos que os pod\u00e1is encontrar, y os dan la seguridad de que vuestros usuarios podr\u00e1n verlos sin problemas.<\/p>\n<table>\n<tbody>\n<tr>\n<th width=\"20%\">\u00a0<a href=\"javascript:void(0);\" class=\"tooltip\" data-toggle=\"popover\" data-placement=\"bottom\" data-content=\"WMN son las iniciales de <em>Windows Media Video<\/em>.\" data-placement=\"top\" data-html=\"true\" >WMN<\/a><\/th>\n<td width=\"80%\">Tal y como su nombre indica, es un codificador creado por Microsoft. Forma parte del contenedor ASF, creado tambi\u00e9n por Microsoft, aunque tambi\u00e9n podemos encontrarlo en otros como AVI o MKV. Aunque fue eminentemente popular entre los usuarios del sistema operativo de Windows, ha ido perdiendo protagonismo poco a poco, sustituido por mejores formatos de compresi\u00f3n.<\/td>\n<\/tr>\n<tr>\n<th>\u00a0DivX<\/th>\n<td>DivX no es exactamente un formato de compresi\u00f3n, sino una marca de diferentes codificadores. De este modo, cuando hablemos de DivX, en realidad podr\u00edamos referirnos a los ya mencionados H.264 y H.265.<\/td>\n<\/tr>\n<tr>\n<th>X.Vid<\/th>\n<td>Ser\u00eda la alternativa en formato abierto a los codificadores asociados a DivX. Apareci\u00f3 a principios del 2000, y fue un gran \u00e9xito, al ofrecer la posibilidad de comprimir todo un DVD para que cupiese en un CD, sin perder mucha calidad de imagen. Actualmente, ofrece codificadores como X264, que ser\u00eda la alternativa abierta a H.264. De hecho, X264 ofrece v\u00eddeo de mejor calidad que H.264, y ocupa menos espacio.<\/td>\n<\/tr>\n<tr>\n<th>H.264<\/th>\n<td>Este formato asociado al contenedor MP4 es el codificador rey de compresi\u00f3n ahora mismo. Lo encontraremos en los discos Blue-ray, pero tambi\u00e9n en plataformas de distribuci\u00f3n de v\u00eddeo como YouTube o Vimeo.<\/td>\n<\/tr>\n<tr>\n<th>\u00a0H.265<\/th>\n<td>Este codificador, creado en el 2013, es mucho m\u00e1s reciente y es el sucesor natural de H.264, puesto que ofrece su misma calidad pero con ficheros que ocupan la mitad de espacio en el disco duro. Tambi\u00e9n dispone de un sucesor libre y abierto, X265.<\/td>\n<\/tr>\n<tr>\n<th>\u00a0WebM<\/th>\n<td>Se trata de formato de v\u00eddeo y multimedia para ser utilizado en la web, y m\u00e1s concretamente pensado para el entorno HTML 5. Es creado por Google, pero se trata de un proyecto de software libre, de forma que no hay que pagar c\u00e1nones a la empresa del buscador. No es propiamente un codificador, aunque a veces lo veremos descrito as\u00ed. El codificador que utiliza es el VP8, que describimos a continuaci\u00f3n.<\/td>\n<\/tr>\n<tr>\n<th>\u00a0VP8<\/th>\n<td>Este formato de compresi\u00f3n de v\u00eddeo fue creado originariamente por una compa\u00f1\u00eda llamada ON2, que despu\u00e9s fue adquirida por Google, y puede ser utilizado sin problemas en la web con HTML 5. Chrome, Chromium, Firefox y Opera lo leen sin problemas de origen, e Internet Explorer de Microsoft tambi\u00e9n, una vez le instalemos un codificador.<\/p>\n<p>Este codificador est\u00e1 pensado para sustituir los GIF animados a la hora de incluir peque\u00f1as animaciones en nuestras p\u00e1ginas web o redes sociales.<\/td>\n<\/tr>\n<\/tbody>\n<\/table>\n","protected":false},"excerpt":{"rendered":"<p>Hay una gran cantidad de codificadores para elegir, y todav\u00eda estamos lejos de que se establezca un est\u00e1ndar. Podr\u00edamos llenar todas las p\u00e1ginas de este documento simplemente listando c\u00f3digos de v\u00eddeo, pero no tendr\u00eda mucho sentido, puesto que en el fondo los cuatro formatos que describiremos a continuaci\u00f3n cubren la inmensa mayor\u00eda de los v\u00eddeos [&hellip;]<\/p>\n","protected":false},"author":1,"featured_media":0,"parent":0,"menu_order":0,"comment_status":"closed","ping_status":"closed","template":"","meta":{"inline_featured_image":false},"acf":[],"_links":{"self":[{"href":"http:\/\/disseny-test.uoc.edu\/materials\/prod-digital\/es\/wp-json\/wp\/v2\/pages\/804"}],"collection":[{"href":"http:\/\/disseny-test.uoc.edu\/materials\/prod-digital\/es\/wp-json\/wp\/v2\/pages"}],"about":[{"href":"http:\/\/disseny-test.uoc.edu\/materials\/prod-digital\/es\/wp-json\/wp\/v2\/types\/page"}],"author":[{"embeddable":true,"href":"http:\/\/disseny-test.uoc.edu\/materials\/prod-digital\/es\/wp-json\/wp\/v2\/users\/1"}],"replies":[{"embeddable":true,"href":"http:\/\/disseny-test.uoc.edu\/materials\/prod-digital\/es\/wp-json\/wp\/v2\/comments?post=804"}],"version-history":[{"count":2,"href":"http:\/\/disseny-test.uoc.edu\/materials\/prod-digital\/es\/wp-json\/wp\/v2\/pages\/804\/revisions"}],"predecessor-version":[{"id":1123,"href":"http:\/\/disseny-test.uoc.edu\/materials\/prod-digital\/es\/wp-json\/wp\/v2\/pages\/804\/revisions\/1123"}],"wp:attachment":[{"href":"http:\/\/disseny-test.uoc.edu\/materials\/prod-digital\/es\/wp-json\/wp\/v2\/media?parent=804"}],"curies":[{"name":"wp","href":"https:\/\/api.w.org\/{rel}","templated":true}]}}