{"id":807,"date":"2018-01-30T11:48:00","date_gmt":"2018-01-30T11:48:00","guid":{"rendered":"http:\/\/disseny-test.uoc.edu\/materials\/prod-digital\/?page_id=807"},"modified":"2018-01-30T11:48:00","modified_gmt":"2018-01-30T11:48:00","slug":"6-3-4-resumen-que-formato-tendria-que-usar","status":"publish","type":"page","link":"http:\/\/disseny-test.uoc.edu\/materials\/prod-digital\/es\/6-3-4-resumen-que-formato-tendria-que-usar\/","title":{"rendered":"6.3.4. Resumen: \u00bfqu\u00e9 formato tendr\u00eda que usar?"},"content":{"rendered":"<p>A diferencia de lo que se ha explicado hasta ahora, esta vez tenemos que llevar a cabo dos selecciones: de contenedor y de codificador.<\/p>\n<p>En cuanto al contenedor, podr\u00edamos decir que las opciones m\u00e1s relevantes son MP4 y MKV. MKV es abierto, mientras que MP4 es propietario, pero MP4 es una plataforma m\u00e1s universal que MKV, aunque cada vez m\u00e1s usuarios, por distintas razones, tienen sus ordenadores preparados para recibirlo.<\/p>\n<p>Por otro lado, visualizar MKV se hace muy complejo en hardware dise\u00f1ado para evitar productos piratas, como iPad, Apple TV o Xbox 360, as\u00ed que si pensamos que nuestro material tendr\u00eda que ser visualizable aqu\u00ed, es mejor utilizar MP4.<\/p>\n<p>Si ten\u00e9is en la cabeza una distribuci\u00f3n comercial y os preocupa que vuestra obra caiga en manos de piratas, pod\u00e9is optar por M4V (usuarios de Apple) o ASF (de Windows) para poder incluir as\u00ed alg\u00fan tipo de DRM, aunque recordad que todas estas protecciones pueden ser desactivadas finalmente.<\/p>\n<p>En cuanto al codificador, la opci\u00f3n m\u00e1s segura es H.264: ofrece una muy buena calidad, una gran capacidad de compresi\u00f3n, y la inmensa mayor\u00eda del hardware est\u00e1 preparado para leerlo. Si quer\u00e9is trabajar con una calidad superior, H.265 ser\u00e1 vuestra mejor opci\u00f3n, aunque pod\u00e9is perder usuarios que todav\u00eda no dispongan del codificador. X264 y X265, aunque no tan extendidas, son vuestras alternativas en abierto.<\/p>\n<p>Si est\u00e1is creando v\u00eddeo para ser incluido en una p\u00e1gina web en HTML 5, MP4 es la \u00fanica opci\u00f3n que todos los navegadores aceptan por defecto. WebM y Ogg son nativos en Chrome, Firefox y Opera, pero seguramente necesitar\u00e9is alg\u00fan tipo de conector para utilizarlos en Safari o Internet Explorer.<\/p>\n","protected":false},"excerpt":{"rendered":"<p>A diferencia de lo que se ha explicado hasta ahora, esta vez tenemos que llevar a cabo dos selecciones: de contenedor y de codificador. En cuanto al contenedor, podr\u00edamos decir que las opciones m\u00e1s relevantes son MP4 y MKV. MKV es abierto, mientras que MP4 es propietario, pero MP4 es una plataforma m\u00e1s universal que [&hellip;]<\/p>\n","protected":false},"author":1,"featured_media":0,"parent":0,"menu_order":0,"comment_status":"closed","ping_status":"closed","template":"","meta":{"inline_featured_image":false},"acf":[],"_links":{"self":[{"href":"http:\/\/disseny-test.uoc.edu\/materials\/prod-digital\/es\/wp-json\/wp\/v2\/pages\/807"}],"collection":[{"href":"http:\/\/disseny-test.uoc.edu\/materials\/prod-digital\/es\/wp-json\/wp\/v2\/pages"}],"about":[{"href":"http:\/\/disseny-test.uoc.edu\/materials\/prod-digital\/es\/wp-json\/wp\/v2\/types\/page"}],"author":[{"embeddable":true,"href":"http:\/\/disseny-test.uoc.edu\/materials\/prod-digital\/es\/wp-json\/wp\/v2\/users\/1"}],"replies":[{"embeddable":true,"href":"http:\/\/disseny-test.uoc.edu\/materials\/prod-digital\/es\/wp-json\/wp\/v2\/comments?post=807"}],"version-history":[{"count":1,"href":"http:\/\/disseny-test.uoc.edu\/materials\/prod-digital\/es\/wp-json\/wp\/v2\/pages\/807\/revisions"}],"predecessor-version":[{"id":808,"href":"http:\/\/disseny-test.uoc.edu\/materials\/prod-digital\/es\/wp-json\/wp\/v2\/pages\/807\/revisions\/808"}],"wp:attachment":[{"href":"http:\/\/disseny-test.uoc.edu\/materials\/prod-digital\/es\/wp-json\/wp\/v2\/media?parent=807"}],"curies":[{"name":"wp","href":"https:\/\/api.w.org\/{rel}","templated":true}]}}