{"id":809,"date":"2018-01-30T11:48:55","date_gmt":"2018-01-30T11:48:55","guid":{"rendered":"http:\/\/disseny-test.uoc.edu\/materials\/prod-digital\/?page_id=809"},"modified":"2018-01-30T11:48:55","modified_gmt":"2018-01-30T11:48:55","slug":"6-4-1-recursos-sobre-grabacion-de-video-digital","status":"publish","type":"page","link":"http:\/\/disseny-test.uoc.edu\/materials\/prod-digital\/es\/6-4-1-recursos-sobre-grabacion-de-video-digital\/","title":{"rendered":"6.4.1. Recursos sobre grabaci\u00f3n de v\u00eddeo digital"},"content":{"rendered":"<p>Grabar nuestros propios v\u00eddeos de una manera profesional es sin duda la mejor manera de experimentar, ver las capacidades que nos ofrecen, c\u00f3mo se transforman en funci\u00f3n del contenedor y el codificador usado, etc.<\/p>\n<p>No es una tarea f\u00e1cil, que podamos solucionar con un par de p\u00e1rrafos, y como creadores digitales os invitamos a que explor\u00e9is en paralelo la web para encontrar los recursos que necesit\u00e9is. Tampoco ser\u00eda una mala idea hacer un curso presencial para aprender bases y no crear malos h\u00e1bitos.<\/p>\n<p>Una visita r\u00e1pida a la web con vuestro buscador favorito os mostrar\u00e1 una cantidad considerable de tutoriales, cursos y presentaciones que cubren desde cuestiones gen\u00e9ricas sobre c\u00f3mo grabar como un profesional hasta cuestiones m\u00e1s concretas sobre c\u00f3mo utilizar una c\u00e1mara r\u00e9flex digital para hacer v\u00eddeos, c\u00f3mo grabar una entrevista, un videoclip, etc. Buscad en funci\u00f3n de vuestros proyectos e intereses. Aqu\u00ed os ofrecemos algunos recursos:<\/p>\n<ul>\n<li><a href=\"http:\/\/www.socialancer.com\/tecnicas-herramientas-videos-profesionales-low-cost\/\" target=\"_blank\" rel=\"noopener\"><strong>\u00ab15 t\u00e9cnicas y herramientas para crear v\u00eddeos profesionales <em>low cost<\/em>\u00bb<\/strong>.<\/a> No existe el recurso perfecto para un tema tan abierto que finalmente depende tanto de conocimiento como de habilidades. Sin embargo, esta breve selecci\u00f3n de tutoriales es muy \u00fatil, ya que compila varios v\u00eddeos sobre diferentes tem\u00e1ticas que cubren las bases de manera satisfactoria.<\/li>\n<li><a href=\"https:\/\/www.youtube.com\/watch?v=6km7hclm6s8\" target=\"_blank\" rel=\"noopener\"><strong>\u00abTutorial: iniciaci\u00f3n al video profesional\u00bb<\/strong>.<\/a> Este tutorial de YouTube tiene muy buenas cr\u00edticas, y es bastante claro y sistem\u00e1tico.<\/li>\n<\/ul>\n<p><a href=\"https:\/\/www.coursera.org\/learn\/digital\" target=\"_blank\" rel=\"noopener\"><strong>\u00abFundamentos del procesamiento de video e imagen digital\u00bb<\/strong>.<\/a> Este MOOC de Coursera es un curso en l\u00ednea t\u00e9cnico muy detallado, que analiza c\u00f3mo se genera el v\u00eddeo digital, c\u00f3mo se edita, distribuye, comprime, etc. Empieza con los temas b\u00e1sicos y llega a analizar cuestiones muy avanzadas. En idioma ingl\u00e9s.<\/p>\n","protected":false},"excerpt":{"rendered":"<p>Grabar nuestros propios v\u00eddeos de una manera profesional es sin duda la mejor manera de experimentar, ver las capacidades que nos ofrecen, c\u00f3mo se transforman en funci\u00f3n del contenedor y el codificador usado, etc. No es una tarea f\u00e1cil, que podamos solucionar con un par de p\u00e1rrafos, y como creadores digitales os invitamos a que [&hellip;]<\/p>\n","protected":false},"author":1,"featured_media":0,"parent":0,"menu_order":0,"comment_status":"closed","ping_status":"closed","template":"","meta":{"inline_featured_image":false},"acf":[],"_links":{"self":[{"href":"http:\/\/disseny-test.uoc.edu\/materials\/prod-digital\/es\/wp-json\/wp\/v2\/pages\/809"}],"collection":[{"href":"http:\/\/disseny-test.uoc.edu\/materials\/prod-digital\/es\/wp-json\/wp\/v2\/pages"}],"about":[{"href":"http:\/\/disseny-test.uoc.edu\/materials\/prod-digital\/es\/wp-json\/wp\/v2\/types\/page"}],"author":[{"embeddable":true,"href":"http:\/\/disseny-test.uoc.edu\/materials\/prod-digital\/es\/wp-json\/wp\/v2\/users\/1"}],"replies":[{"embeddable":true,"href":"http:\/\/disseny-test.uoc.edu\/materials\/prod-digital\/es\/wp-json\/wp\/v2\/comments?post=809"}],"version-history":[{"count":1,"href":"http:\/\/disseny-test.uoc.edu\/materials\/prod-digital\/es\/wp-json\/wp\/v2\/pages\/809\/revisions"}],"predecessor-version":[{"id":811,"href":"http:\/\/disseny-test.uoc.edu\/materials\/prod-digital\/es\/wp-json\/wp\/v2\/pages\/809\/revisions\/811"}],"wp:attachment":[{"href":"http:\/\/disseny-test.uoc.edu\/materials\/prod-digital\/es\/wp-json\/wp\/v2\/media?parent=809"}],"curies":[{"name":"wp","href":"https:\/\/api.w.org\/{rel}","templated":true}]}}