{"id":810,"date":"2018-01-30T11:50:38","date_gmt":"2018-01-30T11:50:38","guid":{"rendered":"http:\/\/disseny-test.uoc.edu\/materials\/prod-digital\/?page_id=810"},"modified":"2018-01-30T11:50:38","modified_gmt":"2018-01-30T11:50:38","slug":"6-4-2-imagenes-generadas-via-ia","status":"publish","type":"page","link":"http:\/\/disseny-test.uoc.edu\/materials\/prod-digital\/es\/6-4-2-imagenes-generadas-via-ia\/","title":{"rendered":"6.4.2. Im\u00e1genes generadas v\u00eda IA"},"content":{"rendered":"<p>Ya vimos <strong>Deep Dream<\/strong> en el apartado <a href=\"http:\/\/disseny-test.uoc.edu\/materials\/prod-digital\/es\/4-4-3-imatges-generades-via-ia\/\" target=\"_blank\" rel=\"noopener\">4.4.3 \u00abIm\u00e1genes generadas v\u00eda IA\u00bb<\/a>, dedicado a im\u00e1genes. Si os result\u00f3 interesante jugar con esta aplicaci\u00f3n, y ten\u00e9is algunos conocimientos de programaci\u00f3n, existe la posibilidad de recrear v\u00eddeos al estilo de Deep Dream para convertirlos en pesadillas misteriosas.<\/p>\n<p>Ten\u00e9is toda la informaci\u00f3n en este repositorio de <a href=\"https:\/\/github.com\/graphific\/deepdreamvideo\" target=\"_blank\" rel=\"noopener\"><strong>Github<\/strong><\/a>.<\/p>\n<p>En otro repositorio de Github ten\u00e9is una aplicaci\u00f3n ya construida, <a href=\"https:\/\/github.com\/samim23\/deepdreamanim\" target=\"_blank\" rel=\"noopener\"><strong>DeepDreamAnim<\/strong><\/a>. Se basa en Python y, por lo tanto, deber\u00e9is tener este entorno de programaci\u00f3n instalado en vuestro ordenador (los Mac lo tienen por defecto, as\u00ed que no os tendr\u00e9is que preocupar).<\/p>\n<div class=\"featured featured-grey\"><\/p>\n<p>Si os quer\u00e9is hacer una idea de lo fantasmag\u00f3rico y psicod\u00e9lico que puede ser un v\u00eddeo pasado por Deep Dream, hace clic en <a href=\"https:\/\/www.youtube.com\/watch?v=oyxSerkkP4o\" target=\"_blank\" rel=\"noopener\"><em>Fear and loathing in Las Vegas<\/em><\/a>, fragmento de la pel\u00edcula pasado por este filtro.<\/p>\n<p>Otro ejemplo es el <a href=\"https:\/\/www.youtube.com\/watch?v=gzn1kuw-u6s\" target=\"_blank\" rel=\"noopener\">videoclip<\/a> creado en Deep Dream por Calista and The Crashroots.<\/p>\n<p>\n<\/div>\n<p>&nbsp;<\/p>\n","protected":false},"excerpt":{"rendered":"<p>Ya vimos Deep Dream en el apartado 4.4.3 \u00abIm\u00e1genes generadas v\u00eda IA\u00bb, dedicado a im\u00e1genes. Si os result\u00f3 interesante jugar con esta aplicaci\u00f3n, y ten\u00e9is algunos conocimientos de programaci\u00f3n, existe la posibilidad de recrear v\u00eddeos al estilo de Deep Dream para convertirlos en pesadillas misteriosas. Ten\u00e9is toda la informaci\u00f3n en este repositorio de Github. En [&hellip;]<\/p>\n","protected":false},"author":1,"featured_media":0,"parent":0,"menu_order":0,"comment_status":"closed","ping_status":"closed","template":"","meta":{"inline_featured_image":false},"acf":[],"_links":{"self":[{"href":"http:\/\/disseny-test.uoc.edu\/materials\/prod-digital\/es\/wp-json\/wp\/v2\/pages\/810"}],"collection":[{"href":"http:\/\/disseny-test.uoc.edu\/materials\/prod-digital\/es\/wp-json\/wp\/v2\/pages"}],"about":[{"href":"http:\/\/disseny-test.uoc.edu\/materials\/prod-digital\/es\/wp-json\/wp\/v2\/types\/page"}],"author":[{"embeddable":true,"href":"http:\/\/disseny-test.uoc.edu\/materials\/prod-digital\/es\/wp-json\/wp\/v2\/users\/1"}],"replies":[{"embeddable":true,"href":"http:\/\/disseny-test.uoc.edu\/materials\/prod-digital\/es\/wp-json\/wp\/v2\/comments?post=810"}],"version-history":[{"count":1,"href":"http:\/\/disseny-test.uoc.edu\/materials\/prod-digital\/es\/wp-json\/wp\/v2\/pages\/810\/revisions"}],"predecessor-version":[{"id":812,"href":"http:\/\/disseny-test.uoc.edu\/materials\/prod-digital\/es\/wp-json\/wp\/v2\/pages\/810\/revisions\/812"}],"wp:attachment":[{"href":"http:\/\/disseny-test.uoc.edu\/materials\/prod-digital\/es\/wp-json\/wp\/v2\/media?parent=810"}],"curies":[{"name":"wp","href":"https:\/\/api.w.org\/{rel}","templated":true}]}}