{"id":813,"date":"2018-01-30T11:51:22","date_gmt":"2018-01-30T11:51:22","guid":{"rendered":"http:\/\/disseny-test.uoc.edu\/materials\/prod-digital\/?page_id=813"},"modified":"2018-01-30T19:07:19","modified_gmt":"2018-01-30T19:07:19","slug":"6-4-3-el-glitch","status":"publish","type":"page","link":"http:\/\/disseny-test.uoc.edu\/materials\/prod-digital\/es\/6-4-3-el-glitch\/","title":{"rendered":"6.4.3. El <em>glitch<\/em>"},"content":{"rendered":"<p>Cualquier fichero digital es finalmente ceros y unos. Las t\u00e9cnicas de <em>glitch<\/em> sirven para transformar un archivo mediante un editor de texto.<\/p>\n<p>M\u00e1s informaci\u00f3n: <a href=\"http:\/\/disseny-test.uoc.edu\/materials\/prod-digital\/es\/4-4-2-glitch\/\" target=\"_blank\" rel=\"noopener\">4.4.2 \u00ab<em>Glitch<\/em>\u00bb<\/a><\/p>\n<p>Un v\u00eddeo es algo bastante m\u00e1s complejo que una imagen. No solo ocupa mucho m\u00e1s espacio, sino que es una combinaci\u00f3n de diferentes componentes, un fichero de v\u00eddeo, uno de audio, informaci\u00f3n para sincronizarlo, adem\u00e1s de posibles subt\u00edtulos, men\u00fas interactivos, etc.<\/p>\n<p>Sin embargo, el mecanismo es el mismo: abrimos el fichero con un editor de textos que nos permita ver el documento en formato hexadecimal y vamos cambiando n\u00fameros y posiciones a nuestro gusto. Los expertos dicen que para \u00abglitchar\u00bb un MP4 o un MOV hay que modificar cerca del 10 % del fichero original.<\/p>\n<p>La web <a href=\"http:\/\/datamoshing.com\/\" target=\"_blank\" rel=\"noopener\">Datamoshing<\/a> ofrece mucha informaci\u00f3n sobre c\u00f3mo hacer <em>glitches<\/em>, incluyendo tutoriales para distorsionar peque\u00f1os v\u00eddeos con esta est\u00e9tica peculiar.<\/p>\n","protected":false},"excerpt":{"rendered":"<p>Cualquier fichero digital es finalmente ceros y unos. Las t\u00e9cnicas de glitch sirven para transformar un archivo mediante un editor de texto. M\u00e1s informaci\u00f3n: 4.4.2 \u00abGlitch\u00bb Un v\u00eddeo es algo bastante m\u00e1s complejo que una imagen. No solo ocupa mucho m\u00e1s espacio, sino que es una combinaci\u00f3n de diferentes componentes, un fichero de v\u00eddeo, uno [&hellip;]<\/p>\n","protected":false},"author":1,"featured_media":0,"parent":0,"menu_order":0,"comment_status":"closed","ping_status":"closed","template":"","meta":{"inline_featured_image":false},"acf":[],"_links":{"self":[{"href":"http:\/\/disseny-test.uoc.edu\/materials\/prod-digital\/es\/wp-json\/wp\/v2\/pages\/813"}],"collection":[{"href":"http:\/\/disseny-test.uoc.edu\/materials\/prod-digital\/es\/wp-json\/wp\/v2\/pages"}],"about":[{"href":"http:\/\/disseny-test.uoc.edu\/materials\/prod-digital\/es\/wp-json\/wp\/v2\/types\/page"}],"author":[{"embeddable":true,"href":"http:\/\/disseny-test.uoc.edu\/materials\/prod-digital\/es\/wp-json\/wp\/v2\/users\/1"}],"replies":[{"embeddable":true,"href":"http:\/\/disseny-test.uoc.edu\/materials\/prod-digital\/es\/wp-json\/wp\/v2\/comments?post=813"}],"version-history":[{"count":2,"href":"http:\/\/disseny-test.uoc.edu\/materials\/prod-digital\/es\/wp-json\/wp\/v2\/pages\/813\/revisions"}],"predecessor-version":[{"id":1125,"href":"http:\/\/disseny-test.uoc.edu\/materials\/prod-digital\/es\/wp-json\/wp\/v2\/pages\/813\/revisions\/1125"}],"wp:attachment":[{"href":"http:\/\/disseny-test.uoc.edu\/materials\/prod-digital\/es\/wp-json\/wp\/v2\/media?parent=813"}],"curies":[{"name":"wp","href":"https:\/\/api.w.org\/{rel}","templated":true}]}}