{"id":815,"date":"2018-01-30T11:52:16","date_gmt":"2018-01-30T11:52:16","guid":{"rendered":"http:\/\/disseny-test.uoc.edu\/materials\/prod-digital\/?page_id=815"},"modified":"2018-01-30T19:08:06","modified_gmt":"2018-01-30T19:08:06","slug":"6-5-herramientas-para-editar-video","status":"publish","type":"page","link":"http:\/\/disseny-test.uoc.edu\/materials\/prod-digital\/es\/6-5-herramientas-para-editar-video\/","title":{"rendered":"6.5. Herramientas para editar v\u00eddeo"},"content":{"rendered":"<p>Tal y como hemos comentado con anterioridad, en internet es posible encontrar todo tipo de tutoriales, desde uno gen\u00e9rico sobre la instalaci\u00f3n de un programa hasta uno m\u00e1s espec\u00edfico sobre un truco para mejorar la iluminaci\u00f3n en una escena nocturna, para introducirse en los diferentes programas, incluidas referencias a los tutoriales oficiales, que siempre son un buen punto de partida.<\/p>\n<ul>\n<li><a href=\"https:\/\/helpx.adobe.com\/es\/premiere-pro\/premiere-pro-cs6-tutorials.html\" target=\"_blank\" rel=\"noopener\"><strong>Tutoriales oficiales Premiere<\/strong><\/a><strong>.<\/strong> Estos tutoriales creados por Adobe son muy \u00fatiles y cubren todas las fases, como la instalaci\u00f3n, cuestiones avanzadas o una gu\u00eda sobre c\u00f3mo pasar a Premiere si est\u00e1is acostumbrados a usar Final Cut. Ofrecen tutoriales tanto en texto como en v\u00eddeo, e incluso fragmentos de un libro para aprender Premiere. Todo el material est\u00e1 en espa\u00f1ol.<\/li>\n<li><a href=\"http:\/\/www.avs4you.com\/es\/guides\/index.aspx\" target=\"_blank\" rel=\"noopener\"><strong>Tutorial oficial de v\u00eddeo AVS<\/strong><\/a><strong>.<\/strong> Aqu\u00ed ten\u00e9is una serie de gu\u00edas oficiales muy sencillas, que combinan explicaciones en texto y capturas de pantalla de los diferentes programas que ofrece AVS: <strong>AVS<\/strong> <strong>Video Converter<\/strong>, para pasar vuestros v\u00eddeos a otros formatos; <strong>AVS<\/strong> <strong>Video Editor<\/strong>, para modificar y mejorar vuestros v\u00eddeos; y <strong>AVS ReMaker<\/strong>, pensado para poder editar v\u00eddeos sin recomprimir, eliminando escenas no deseadas, etc. Son tutoriales breves en los que se van detallando diferentes operaciones que pod\u00e9is hacer con este software paso a paso: c\u00f3mo convertir a diferentes formatos, c\u00f3mo editar vuestro v\u00eddeo casero en DVD, c\u00f3mo iluminar un v\u00eddeo que aparece demasiado oscuro, etc.<\/li>\n<li><a href=\"https:\/\/www.apple.com\/es\/final-cut-pro\/resources\/\" target=\"_blank\" rel=\"noopener\"><strong>Tutorial oficial Final Cut<\/strong><\/a><strong>.<\/strong> Final Cut Pro es el editor de v\u00eddeo profesional para usuarios de Apple que, al ser bastante intuitivo, permite hacer las tareas b\u00e1sicas casi sin mirar las instrucciones. Sin embargo, unos tutoriales nunca vienen mal. De los recursos que aparecen en la web oficial de Apple destacar\u00edamos <strong>Ripple Training<\/strong>, ocho v\u00eddeos (en ingl\u00e9s) muy detallados que nos muestran desde el principio todas las cosas que podemos hacer con Final Cut.<\/li>\n<\/ul>\n<h4><strong>Otros editores<\/strong><\/h4>\n<p><strong>Premiere<\/strong>, <strong>AVS<\/strong> y <strong>Final Cut<\/strong> son los editores de v\u00eddeo m\u00e1s reconocidos, pero evidentemente no son los \u00fanicos. Veamos algunos otros:<\/p>\n<table>\n<tbody>\n<tr>\n<th width=\"20%\"><a href=\"https:\/\/www.techsmith.com\/video-editor.html\" target=\"_blank\" rel=\"noopener\">Camtasia<\/a><\/th>\n<td width=\"80%\">Este programa es especialmente popular por la facilidad con la que permite sincronizar voz e imagen con una presentaci\u00f3n en PowerPoint, y por lo tanto es una herramienta muy utilizada para crear conferencias y proyectos educativos en l\u00ednea. Una buena parte de los cursos que uno puede ver en MOOC como Coursera est\u00e1n hechos con Camtasia. Lo pod\u00e9is descargar gratis y utilizarlo durante un mes para comprobar si es lo que necesit\u00e1is.<\/td>\n<\/tr>\n<tr>\n<th>\u00a0<a href=\"https:\/\/cinelerra-cv.org\/\" target=\"_blank\" rel=\"noopener\">Cinelerra<\/a><\/th>\n<td>Es el programa m\u00e1s veterano y referenciado de la comunidad Linux. Es muy potente y vers\u00e1til, pero seguramente ser\u00e1 complicado de utilizar por alguien que no sea profesional. Los expertos del mundo Linux indican que, si se est\u00e1 empezando en el mundo de la edici\u00f3n en v\u00eddeo, es mejor utilizar editores m\u00e1s sencillos como OpenShot o Kdenlive.<\/p>\n<p>Si os anim\u00e1is con Cinelerra, os puede ser muy \u00fatil la \u00ab<a href=\"http:\/\/www.jesusda.com\/docs\/ebooks\/ebook-guia-supervivencia-cinelerra.pdf\" target=\"_blank\" rel=\"noopener\">Gui\u0301a de supervivencia con Cinelerra 2.0<\/a>\u00bb, creada por el mencionado Jes\u00fas David.<\/td>\n<\/tr>\n<tr>\n<th><a href=\"http:\/\/www.openshot.org\/\" target=\"_blank\" rel=\"noopener\">OpenShot<\/a><\/th>\n<td>Este programa es de c\u00f3digo abierto y gratuito. Est\u00e1 disponible para Linux, Windows y OS X. Permite trabajar en la mayor\u00eda de los formatos y codificadores que hemos descrito anteriormente, y tambi\u00e9n desarrollar animaciones, y est\u00e1 concebido en un sistema de arrastrar, seleccionar y mover que hace que utilizarlo sea muy intuitivo.<\/p>\n<p>En \u00ab<a href=\"http:\/\/www.openshot.org\/user-guide\/\" target=\"_blank\" rel=\"noopener\">OpenShot user guide<\/a>\u00bb ten\u00e9is la gu\u00eda oficial de usuario (en ingl\u00e9s).<\/p>\n<p><a href=\"http:\/\/www.openshotusers.com\/help\/1.3\/es\/ar01s03.html\" target=\"_blank\" rel=\"noopener\">\u00ab\u00a1Aprenda a manejar OpenShot en 5 minutos!\u00bb<\/a> est\u00e1 en espa\u00f1ol y explica muy bien los pasos b\u00e1sicos que necesitamos para editar v\u00eddeo con este software.<\/td>\n<\/tr>\n<tr>\n<th>\u00a0<a href=\"https:\/\/kdenlive.org\/\" target=\"_blank\" rel=\"noopener\">Kdenlive<\/a><\/th>\n<td>El nombre completo es KDE Non-Linear Video Editor. Es un programa libre y de c\u00f3digo abierto, pensado para Linux. Permite trabajar con la mayor\u00eda de los formatos de v\u00eddeo, y tambi\u00e9n con propietarios como MOV, AVI, MPEG, etc. Es muy visual, del tipo de arrastrar y soltar, permite trabajar con multipistas sin problemas, crear t\u00edtulos para vuestros v\u00eddeos, y es tan f\u00e1cil e intuitivo de utilizar como los programas de c\u00f3digo cerrado Final Cut o Premier.<\/p>\n<p>En \u00ab<a href=\"https:\/\/userbase.kde.org\/kdenlive\/manual\" target=\"_blank\" rel=\"noopener\">Kdenlive\/Manual<\/a>\u00bb ten\u00e9is el manual oficial sobre c\u00f3mo utilizarlo, pero en internet tambi\u00e9n pod\u00e9is encontrar una multitud de tutoriales de terceros, como el wiki \u00ab<a href=\"https:\/\/es.wikibooks.org\/wiki\/kdenlive\/gu%C3%ADa_r%C3%A1demani\" target=\"_blank\" rel=\"noopener\">Kdenlive\/Gu\u00eda r\u00e1pida<\/a>\u00bb, que detalla paso a paso las diferentes acciones que pod\u00e9is hacer con este software.<\/p>\n<p>Tambi\u00e9n es posible disponer de Kdenlive para Windows (hay una versi\u00f3n beta) y para Mac, ya que Kdenlive se puede compilar en OS X.<\/td>\n<\/tr>\n<\/tbody>\n<\/table>\n","protected":false},"excerpt":{"rendered":"<p>Tal y como hemos comentado con anterioridad, en internet es posible encontrar todo tipo de tutoriales, desde uno gen\u00e9rico sobre la instalaci\u00f3n de un programa hasta uno m\u00e1s espec\u00edfico sobre un truco para mejorar la iluminaci\u00f3n en una escena nocturna, para introducirse en los diferentes programas, incluidas referencias a los tutoriales oficiales, que siempre son [&hellip;]<\/p>\n","protected":false},"author":1,"featured_media":0,"parent":0,"menu_order":0,"comment_status":"closed","ping_status":"closed","template":"","meta":{"inline_featured_image":false},"acf":[],"_links":{"self":[{"href":"http:\/\/disseny-test.uoc.edu\/materials\/prod-digital\/es\/wp-json\/wp\/v2\/pages\/815"}],"collection":[{"href":"http:\/\/disseny-test.uoc.edu\/materials\/prod-digital\/es\/wp-json\/wp\/v2\/pages"}],"about":[{"href":"http:\/\/disseny-test.uoc.edu\/materials\/prod-digital\/es\/wp-json\/wp\/v2\/types\/page"}],"author":[{"embeddable":true,"href":"http:\/\/disseny-test.uoc.edu\/materials\/prod-digital\/es\/wp-json\/wp\/v2\/users\/1"}],"replies":[{"embeddable":true,"href":"http:\/\/disseny-test.uoc.edu\/materials\/prod-digital\/es\/wp-json\/wp\/v2\/comments?post=815"}],"version-history":[{"count":4,"href":"http:\/\/disseny-test.uoc.edu\/materials\/prod-digital\/es\/wp-json\/wp\/v2\/pages\/815\/revisions"}],"predecessor-version":[{"id":1126,"href":"http:\/\/disseny-test.uoc.edu\/materials\/prod-digital\/es\/wp-json\/wp\/v2\/pages\/815\/revisions\/1126"}],"wp:attachment":[{"href":"http:\/\/disseny-test.uoc.edu\/materials\/prod-digital\/es\/wp-json\/wp\/v2\/media?parent=815"}],"curies":[{"name":"wp","href":"https:\/\/api.w.org\/{rel}","templated":true}]}}