{"id":820,"date":"2018-01-30T11:55:42","date_gmt":"2018-01-30T11:55:42","guid":{"rendered":"http:\/\/disseny-test.uoc.edu\/materials\/prod-digital\/?page_id=820"},"modified":"2018-01-30T11:55:42","modified_gmt":"2018-01-30T11:55:42","slug":"6-6-1-introduccion","status":"publish","type":"page","link":"http:\/\/disseny-test.uoc.edu\/materials\/prod-digital\/es\/6-6-1-introduccion\/","title":{"rendered":"6.6.1. Introducci\u00f3n"},"content":{"rendered":"<p>Sin duda, ya conoc\u00e9is YouTube y Vimeo. Sin embargo, hay much\u00edsimas m\u00e1s opciones para distribuir v\u00eddeos. De nuevo, una b\u00fasqueda exhaustiva es la mejor manera de encontrar lo que busc\u00e1is, pero aqu\u00ed os apuntamos algunos recursos que os pueden ser \u00fatiles.<\/p>\n","protected":false},"excerpt":{"rendered":"<p>Sin duda, ya conoc\u00e9is YouTube y Vimeo. Sin embargo, hay much\u00edsimas m\u00e1s opciones para distribuir v\u00eddeos. De nuevo, una b\u00fasqueda exhaustiva es la mejor manera de encontrar lo que busc\u00e1is, pero aqu\u00ed os apuntamos algunos recursos que os pueden ser \u00fatiles.<\/p>\n","protected":false},"author":1,"featured_media":0,"parent":0,"menu_order":0,"comment_status":"closed","ping_status":"closed","template":"","meta":{"inline_featured_image":false},"acf":[],"_links":{"self":[{"href":"http:\/\/disseny-test.uoc.edu\/materials\/prod-digital\/es\/wp-json\/wp\/v2\/pages\/820"}],"collection":[{"href":"http:\/\/disseny-test.uoc.edu\/materials\/prod-digital\/es\/wp-json\/wp\/v2\/pages"}],"about":[{"href":"http:\/\/disseny-test.uoc.edu\/materials\/prod-digital\/es\/wp-json\/wp\/v2\/types\/page"}],"author":[{"embeddable":true,"href":"http:\/\/disseny-test.uoc.edu\/materials\/prod-digital\/es\/wp-json\/wp\/v2\/users\/1"}],"replies":[{"embeddable":true,"href":"http:\/\/disseny-test.uoc.edu\/materials\/prod-digital\/es\/wp-json\/wp\/v2\/comments?post=820"}],"version-history":[{"count":1,"href":"http:\/\/disseny-test.uoc.edu\/materials\/prod-digital\/es\/wp-json\/wp\/v2\/pages\/820\/revisions"}],"predecessor-version":[{"id":821,"href":"http:\/\/disseny-test.uoc.edu\/materials\/prod-digital\/es\/wp-json\/wp\/v2\/pages\/820\/revisions\/821"}],"wp:attachment":[{"href":"http:\/\/disseny-test.uoc.edu\/materials\/prod-digital\/es\/wp-json\/wp\/v2\/media?parent=820"}],"curies":[{"name":"wp","href":"https:\/\/api.w.org\/{rel}","templated":true}]}}