{"id":822,"date":"2018-01-30T11:56:42","date_gmt":"2018-01-30T11:56:42","guid":{"rendered":"http:\/\/disseny-test.uoc.edu\/materials\/prod-digital\/?page_id=822"},"modified":"2018-01-30T19:09:14","modified_gmt":"2018-01-30T19:09:14","slug":"6-6-2-repositorios","status":"publish","type":"page","link":"http:\/\/disseny-test.uoc.edu\/materials\/prod-digital\/es\/6-6-2-repositorios\/","title":{"rendered":"6.6.2. Repositorios"},"content":{"rendered":"<table>\n<tbody>\n<tr>\n<th width=\"20%\"><a href=\"https:\/\/archive.org\/details\/movies\" target=\"_blank\" rel=\"noopener\"><u>Archive<\/u><\/a><\/th>\n<td width=\"80%\">Ya hablamos de Archive en el apartado de imagen, pero para v\u00eddeo la oferta de Archive es m\u00e1s impactante. De manera totalmente gratuita, ten\u00e9is acceso literalmente a millones de v\u00eddeos, todos libres de derechos, incluidas noticias de TV, documentales, pel\u00edculas, canales tem\u00e1ticos dedicados a los atentados del 11 de septiembre del 2001, la guerra de Irak, el movimiento Ocupa Wall Street o videobucles breves para videojockeys.<\/td>\n<\/tr>\n<tr>\n<th>\u00a0<a href=\"http:\/\/www.ubu.com\/film\/\" target=\"_blank\" rel=\"noopener\"><u>Ubu<\/u><\/a><\/th>\n<td>Ubu es un excelente repositorio de videoarte de acceso gratuito, que ofrece el visionado de las obras m\u00e1s representativas de centenares de artistas contempor\u00e1neos, desde Marina Abramovic hasta Nam June Paik, Andy Warhol o Wim Wenders, pasando por pensadores como Jacques Lacan o Slavoj \u017dy\u017eek y m\u00fasicos como Terry Riley o John Zorn.<\/td>\n<\/tr>\n<tr>\n<th><a href=\"https:\/\/videos.pexels.com\/\" target=\"_blank\" rel=\"noopener\"><u>Pexel<\/u><\/a><\/th>\n<td>Este repositorio de v\u00eddeos no es tan impresionante o completo como los comentados hasta ahora, pero tiene la ventaja de ofrecer muchos v\u00eddeos breves en stock, organizados tem\u00e1ticamente para utilizar en nuestros proyectos.<\/td>\n<\/tr>\n<tr>\n<th><a href=\"http:\/\/zkm.de\/en\/av\" target=\"_blank\" rel=\"noopener\"><u>Archivo de v\u00eddeo del ZKM<\/u><\/a><\/th>\n<td>El ZKM es un centro cultural dedicado al arte y las tecnolog\u00edas digitales, situado en Karlsruhe (Alemania). En esta web, podr\u00e9is encontrar v\u00eddeos de los distintos proyectos que han tenido lugar en este espacio.<\/td>\n<\/tr>\n<\/tbody>\n<\/table>\n","protected":false},"excerpt":{"rendered":"<p>Archive Ya hablamos de Archive en el apartado de imagen, pero para v\u00eddeo la oferta de Archive es m\u00e1s impactante. De manera totalmente gratuita, ten\u00e9is acceso literalmente a millones de v\u00eddeos, todos libres de derechos, incluidas noticias de TV, documentales, pel\u00edculas, canales tem\u00e1ticos dedicados a los atentados del 11 de septiembre del 2001, la guerra [&hellip;]<\/p>\n","protected":false},"author":1,"featured_media":0,"parent":0,"menu_order":0,"comment_status":"closed","ping_status":"closed","template":"","meta":{"inline_featured_image":false},"acf":[],"_links":{"self":[{"href":"http:\/\/disseny-test.uoc.edu\/materials\/prod-digital\/es\/wp-json\/wp\/v2\/pages\/822"}],"collection":[{"href":"http:\/\/disseny-test.uoc.edu\/materials\/prod-digital\/es\/wp-json\/wp\/v2\/pages"}],"about":[{"href":"http:\/\/disseny-test.uoc.edu\/materials\/prod-digital\/es\/wp-json\/wp\/v2\/types\/page"}],"author":[{"embeddable":true,"href":"http:\/\/disseny-test.uoc.edu\/materials\/prod-digital\/es\/wp-json\/wp\/v2\/users\/1"}],"replies":[{"embeddable":true,"href":"http:\/\/disseny-test.uoc.edu\/materials\/prod-digital\/es\/wp-json\/wp\/v2\/comments?post=822"}],"version-history":[{"count":2,"href":"http:\/\/disseny-test.uoc.edu\/materials\/prod-digital\/es\/wp-json\/wp\/v2\/pages\/822\/revisions"}],"predecessor-version":[{"id":1128,"href":"http:\/\/disseny-test.uoc.edu\/materials\/prod-digital\/es\/wp-json\/wp\/v2\/pages\/822\/revisions\/1128"}],"wp:attachment":[{"href":"http:\/\/disseny-test.uoc.edu\/materials\/prod-digital\/es\/wp-json\/wp\/v2\/media?parent=822"}],"curies":[{"name":"wp","href":"https:\/\/api.w.org\/{rel}","templated":true}]}}