{"id":824,"date":"2018-01-30T11:57:49","date_gmt":"2018-01-30T11:57:49","guid":{"rendered":"http:\/\/disseny-test.uoc.edu\/materials\/prod-digital\/?page_id=824"},"modified":"2018-01-30T11:57:49","modified_gmt":"2018-01-30T11:57:49","slug":"6-6-3-redes-sociales","status":"publish","type":"page","link":"http:\/\/disseny-test.uoc.edu\/materials\/prod-digital\/es\/6-6-3-redes-sociales\/","title":{"rendered":"6.6.3. Redes sociales"},"content":{"rendered":"<p>Seguramente, la red social con m\u00e1s v\u00eddeos es <strong>Facebook<\/strong>, y ser\u00eda rid\u00edculo no utilizar este recurso para mover nuestro proyecto transmedia, ya sea ofreciendo fragmentos del mismo o moviendo un v\u00eddeo viral para dar a conocer nuestro proyecto.<\/p>\n<p>Adem\u00e1s de espacios espec\u00edficos para mover v\u00eddeos en la Red, como <strong>YouTube<\/strong> y <strong>Vimeo<\/strong>, tenemos <a href=\"http:\/\/www.dailymotion.com\/es\" target=\"_blank\" rel=\"noopener\"><strong>Dailymotion<\/strong><\/a>, <a href=\"http:\/\/www.ustream.tv\/\" target=\"_blank\" rel=\"noopener\"><strong>Ustream<\/strong><\/a> y <a href=\"http:\/\/www.veoh.com\/\" target=\"_blank\" rel=\"noopener\"><strong>Veoh<\/strong><\/a>, por ejemplo.<\/p>\n<p>M\u00e1s especializados son <a href=\"https:\/\/www.viddler.com\/\" target=\"_blank\" rel=\"noopener\"><strong>Vidler<\/strong><\/a> o <a href=\"https:\/\/www.instructables.com\/\" target=\"_blank\" rel=\"noopener\"><strong>Instructables<\/strong><\/a>, que est\u00e1n pensados para alojar v\u00eddeos formativos donde explicamos t\u00e9cnicas y trucos para conseguir hacer ciertas cosas, desde c\u00f3mo editar un v\u00eddeo hasta c\u00f3mo hacer papiroflexia.<\/p>\n<p>Igualmente, encontramos <strong>Twich.tv<\/strong>, pensado especialmente para grabar y difundir nuestras partidas de videojuegos, o <a href=\"https:\/\/www.snapchat.com\/l\/es\/\" target=\"_blank\" rel=\"noopener\"><strong>Snapchat<\/strong><\/a>, para difundir v\u00eddeos breves (especialmente las autofotos animadas, en las que ponemos todo tipo de efectos), que desaparecer\u00e1n cuando lo indiquemos.<\/p>\n","protected":false},"excerpt":{"rendered":"<p>Seguramente, la red social con m\u00e1s v\u00eddeos es Facebook, y ser\u00eda rid\u00edculo no utilizar este recurso para mover nuestro proyecto transmedia, ya sea ofreciendo fragmentos del mismo o moviendo un v\u00eddeo viral para dar a conocer nuestro proyecto. Adem\u00e1s de espacios espec\u00edficos para mover v\u00eddeos en la Red, como YouTube y Vimeo, tenemos Dailymotion, Ustream [&hellip;]<\/p>\n","protected":false},"author":1,"featured_media":0,"parent":0,"menu_order":0,"comment_status":"closed","ping_status":"closed","template":"","meta":{"inline_featured_image":false},"acf":[],"_links":{"self":[{"href":"http:\/\/disseny-test.uoc.edu\/materials\/prod-digital\/es\/wp-json\/wp\/v2\/pages\/824"}],"collection":[{"href":"http:\/\/disseny-test.uoc.edu\/materials\/prod-digital\/es\/wp-json\/wp\/v2\/pages"}],"about":[{"href":"http:\/\/disseny-test.uoc.edu\/materials\/prod-digital\/es\/wp-json\/wp\/v2\/types\/page"}],"author":[{"embeddable":true,"href":"http:\/\/disseny-test.uoc.edu\/materials\/prod-digital\/es\/wp-json\/wp\/v2\/users\/1"}],"replies":[{"embeddable":true,"href":"http:\/\/disseny-test.uoc.edu\/materials\/prod-digital\/es\/wp-json\/wp\/v2\/comments?post=824"}],"version-history":[{"count":1,"href":"http:\/\/disseny-test.uoc.edu\/materials\/prod-digital\/es\/wp-json\/wp\/v2\/pages\/824\/revisions"}],"predecessor-version":[{"id":825,"href":"http:\/\/disseny-test.uoc.edu\/materials\/prod-digital\/es\/wp-json\/wp\/v2\/pages\/824\/revisions\/825"}],"wp:attachment":[{"href":"http:\/\/disseny-test.uoc.edu\/materials\/prod-digital\/es\/wp-json\/wp\/v2\/media?parent=824"}],"curies":[{"name":"wp","href":"https:\/\/api.w.org\/{rel}","templated":true}]}}