{"id":826,"date":"2018-01-30T11:58:20","date_gmt":"2018-01-30T11:58:20","guid":{"rendered":"http:\/\/disseny-test.uoc.edu\/materials\/prod-digital\/?page_id=826"},"modified":"2018-01-30T11:58:20","modified_gmt":"2018-01-30T11:58:20","slug":"6-7-1-introduccion","status":"publish","type":"page","link":"http:\/\/disseny-test.uoc.edu\/materials\/prod-digital\/es\/6-7-1-introduccion\/","title":{"rendered":"6.7.1. Introducci\u00f3n"},"content":{"rendered":"<p>La manera m\u00e1s com\u00fan de utilizar actualmente un v\u00eddeo en un proyecto transmedia es incrust\u00e1ndolo en otro medio, como un libro electr\u00f3nico, un PDF o una presentaci\u00f3n PowerPoint. De este modo, dedicaremos las p\u00e1ginas siguientes a dar algunos detalles t\u00e9cnicos sobre c\u00f3mo hacerlo en diferentes plataformas.<\/p>\n","protected":false},"excerpt":{"rendered":"<p>La manera m\u00e1s com\u00fan de utilizar actualmente un v\u00eddeo en un proyecto transmedia es incrust\u00e1ndolo en otro medio, como un libro electr\u00f3nico, un PDF o una presentaci\u00f3n PowerPoint. De este modo, dedicaremos las p\u00e1ginas siguientes a dar algunos detalles t\u00e9cnicos sobre c\u00f3mo hacerlo en diferentes plataformas.<\/p>\n","protected":false},"author":1,"featured_media":0,"parent":0,"menu_order":0,"comment_status":"closed","ping_status":"closed","template":"","meta":{"inline_featured_image":false},"acf":[],"_links":{"self":[{"href":"http:\/\/disseny-test.uoc.edu\/materials\/prod-digital\/es\/wp-json\/wp\/v2\/pages\/826"}],"collection":[{"href":"http:\/\/disseny-test.uoc.edu\/materials\/prod-digital\/es\/wp-json\/wp\/v2\/pages"}],"about":[{"href":"http:\/\/disseny-test.uoc.edu\/materials\/prod-digital\/es\/wp-json\/wp\/v2\/types\/page"}],"author":[{"embeddable":true,"href":"http:\/\/disseny-test.uoc.edu\/materials\/prod-digital\/es\/wp-json\/wp\/v2\/users\/1"}],"replies":[{"embeddable":true,"href":"http:\/\/disseny-test.uoc.edu\/materials\/prod-digital\/es\/wp-json\/wp\/v2\/comments?post=826"}],"version-history":[{"count":1,"href":"http:\/\/disseny-test.uoc.edu\/materials\/prod-digital\/es\/wp-json\/wp\/v2\/pages\/826\/revisions"}],"predecessor-version":[{"id":827,"href":"http:\/\/disseny-test.uoc.edu\/materials\/prod-digital\/es\/wp-json\/wp\/v2\/pages\/826\/revisions\/827"}],"wp:attachment":[{"href":"http:\/\/disseny-test.uoc.edu\/materials\/prod-digital\/es\/wp-json\/wp\/v2\/media?parent=826"}],"curies":[{"name":"wp","href":"https:\/\/api.w.org\/{rel}","templated":true}]}}