{"id":832,"date":"2018-01-30T12:21:03","date_gmt":"2018-01-30T12:21:03","guid":{"rendered":"http:\/\/disseny-test.uoc.edu\/materials\/prod-digital\/?page_id=832"},"modified":"2018-01-30T12:21:03","modified_gmt":"2018-01-30T12:21:03","slug":"6-7-4-elementos-retoricos","status":"publish","type":"page","link":"http:\/\/disseny-test.uoc.edu\/materials\/prod-digital\/es\/6-7-4-elementos-retoricos\/","title":{"rendered":"6.7.4. Elementos ret\u00f3ricos"},"content":{"rendered":"<p>En el apartado <a href=\"http:\/\/disseny-test.uoc.edu\/materials\/prod-digital\/es\/4-7-3-questions-retoriques\/\" target=\"_blank\" rel=\"noopener\">4.7.3 \u00abCuestiones ret\u00f3ricas\u00bb<\/a>, explicamos c\u00f3mo las im\u00e1genes est\u00e1ticas pueden reforzar nuestro mensaje ret\u00f3ricamente, a\u00f1adiendo emociones y personificaciones.<\/p>\n<p>Un v\u00eddeo puede cumplir las mismas funciones, y de hecho lo har\u00e1 mejor, puesto que incluye movimiento, voz y la capacidad de explicar una historia, pero tambi\u00e9n tenemos que ser cuidadosos.<\/p>\n<p>Si la intenci\u00f3n es asociar simplemente una emoci\u00f3n a un fragmento de texto, una fotograf\u00eda lo har\u00e1 de manera mucho m\u00e1s r\u00e1pida. Un v\u00eddeo de un minuto para transmitir alegr\u00eda perder\u00e1 la inmediatez que tendr\u00eda una foto de una cara sonriente.<\/p>\n<p>Si queremos incluir movimiento, ser\u00e1 mucho mejor poner un GIF animado. Seguro que ya hab\u00e9is visto miles de ejemplos en las redes sociales en los que se usa un GIF animado para dar fuerza a la expresi\u00f3n de una emoci\u00f3n.<\/p>\n<p>Si queremos incluir movimiento m\u00e1s all\u00e1 del GIF animado, ser\u00e1 porque buscamos alg\u00fan tipo de narraci\u00f3n, algo mejor que simplemente un alzamiento de cejas o un gesto obsceno con la mano, que no es suficiente.<\/p>\n","protected":false},"excerpt":{"rendered":"<p>En el apartado 4.7.3 \u00abCuestiones ret\u00f3ricas\u00bb, explicamos c\u00f3mo las im\u00e1genes est\u00e1ticas pueden reforzar nuestro mensaje ret\u00f3ricamente, a\u00f1adiendo emociones y personificaciones. Un v\u00eddeo puede cumplir las mismas funciones, y de hecho lo har\u00e1 mejor, puesto que incluye movimiento, voz y la capacidad de explicar una historia, pero tambi\u00e9n tenemos que ser cuidadosos. Si la intenci\u00f3n es [&hellip;]<\/p>\n","protected":false},"author":1,"featured_media":0,"parent":0,"menu_order":0,"comment_status":"closed","ping_status":"closed","template":"","meta":{"inline_featured_image":false},"acf":[],"_links":{"self":[{"href":"http:\/\/disseny-test.uoc.edu\/materials\/prod-digital\/es\/wp-json\/wp\/v2\/pages\/832"}],"collection":[{"href":"http:\/\/disseny-test.uoc.edu\/materials\/prod-digital\/es\/wp-json\/wp\/v2\/pages"}],"about":[{"href":"http:\/\/disseny-test.uoc.edu\/materials\/prod-digital\/es\/wp-json\/wp\/v2\/types\/page"}],"author":[{"embeddable":true,"href":"http:\/\/disseny-test.uoc.edu\/materials\/prod-digital\/es\/wp-json\/wp\/v2\/users\/1"}],"replies":[{"embeddable":true,"href":"http:\/\/disseny-test.uoc.edu\/materials\/prod-digital\/es\/wp-json\/wp\/v2\/comments?post=832"}],"version-history":[{"count":1,"href":"http:\/\/disseny-test.uoc.edu\/materials\/prod-digital\/es\/wp-json\/wp\/v2\/pages\/832\/revisions"}],"predecessor-version":[{"id":833,"href":"http:\/\/disseny-test.uoc.edu\/materials\/prod-digital\/es\/wp-json\/wp\/v2\/pages\/832\/revisions\/833"}],"wp:attachment":[{"href":"http:\/\/disseny-test.uoc.edu\/materials\/prod-digital\/es\/wp-json\/wp\/v2\/media?parent=832"}],"curies":[{"name":"wp","href":"https:\/\/api.w.org\/{rel}","templated":true}]}}