{"id":834,"date":"2018-01-30T12:22:35","date_gmt":"2018-01-30T12:22:35","guid":{"rendered":"http:\/\/disseny-test.uoc.edu\/materials\/prod-digital\/?page_id=834"},"modified":"2018-01-30T12:22:35","modified_gmt":"2018-01-30T12:22:35","slug":"6-7-5-videos-virales","status":"publish","type":"page","link":"http:\/\/disseny-test.uoc.edu\/materials\/prod-digital\/es\/6-7-5-videos-virales\/","title":{"rendered":"6.7.5. V\u00eddeos virales"},"content":{"rendered":"<p>Hacer un v\u00eddeo viral es arte, y tambi\u00e9n implica un gran elemento de suerte, no nos enga\u00f1emos. Si tuvi\u00e9ramos la f\u00f3rmula infalible para crear v\u00eddeos virales, no estar\u00edamos aqu\u00ed, sino en alguna playa caribe\u00f1a, viviendo de los anuncios de YouTube.<\/p>\n<p>Aun as\u00ed, algunas nociones sobre c\u00f3mo planear un v\u00eddeo viral para dar a conocer nuestro proyecto transmedia s\u00ed que las podemos presentar para que las utilic\u00e9is como quer\u00e1is en vuestro propio proyecto.<\/p>\n<div class=\"featured featured-blue\"><p>Un v\u00eddeo viral tiene que ser llamativo, original, etc. Sin embargo, todav\u00eda m\u00e1s importante es que toda esta originalidad y diversi\u00f3n est\u00e9n dirigidas a responder a una necesidad o deseo b\u00e1sico de nuestra audiencia.<\/p>\n<\/div>\n<div class=\"featured featured-grey\"><p>Un ejemplo formidable son los v\u00eddeos de Jason Silva en su canal <a href=\"https:\/\/www.youtube.com\/user\/shotsofawe\" target=\"_blank\" rel=\"noopener\"><em>Shots of Awe<\/em><\/a>. Estos v\u00eddeos tienden a ser muy sencillos, muchas veces aparece solo \u00e9l hablando a la c\u00e1mara, gesticulando y sonriente, pero su canal tiene m\u00e1s de medio mill\u00f3n de suscriptores porque habla de necesidades concretas de una buena parte de los humanos, por ejemplo, nuestra necesidad de trascendencia, de espiritualidad, sin tener que pasar por ninguna religi\u00f3n en particular.<\/p>\n<\/div>\n<p>Estas necesidades y deseos b\u00e1sicos los tocamos mediante las emociones, y de aqu\u00ed la importancia de transmitir emociones m\u00e1s que conceptos y datos. De hecho, lo mejor es mantener los m\u00ednimos datos e informaciones necesarios para entender el mensaje, y dejar que sean las emociones las que finalmente atraigan a nuestros posibles usuarios\/clientes.<\/p>\n<p>Nuestro proyecto est\u00e1 probablemente pensado para llegar a una comunidad espec\u00edfica. Es importante que esto est\u00e9 reflejado tambi\u00e9n en nuestro v\u00eddeo viral. Dicho de otro modo, no se trata de hacer un v\u00eddeo viral de aquellos que tienen millones de vistos en YouTube (aunque, bueno, si lo consegu\u00eds, genial). Queremos conseguir un v\u00eddeo que se haga viral en una comunidad. Esto quiere decir utilizar los recursos visuales, narrativos y tem\u00e1ticos que funcionen mejor en esta comunidad. Necesitamos, as\u00ed, estudiar sus intereses, man\u00edas, frases hechas, celebridades, tem\u00e1ticas queridas y odiadas, y conseguirlos tanto como sea posible para nuestro v\u00eddeo. Igualmente, todos los giros, conceptos, posiciones que sean de dominio p\u00fablico para esta comunidad no necesitamos hacerlos expl\u00edcitos. Ellos ya entender\u00e1n qu\u00e9 queremos decir.<\/p>\n<div class=\"featured featured-blue\"><p>Los expertos en v\u00eddeos virales para el marketing insisten en que un v\u00eddeo as\u00ed debe responder sobre todo al porqu\u00e9 m\u00e1s que al qu\u00e9 o al c\u00f3mo.<\/p>\n<\/div>\n<p class=\"Normalesp\">Explicar el qu\u00e9 o el c\u00f3mo es dar informaci\u00f3n, datos. En cambio, si contestamos al porqu\u00e9 de nuestro proyecto, es mucho m\u00e1s f\u00e1cil explicar una historia. Nuestro p\u00fablico no est\u00e1 interesado en conocer la resoluci\u00f3n de nuestras fotograf\u00edas o el algoritmo de compresi\u00f3n que hemos usado para el audio; b\u00e1sicamente, quiere saber por qu\u00e9 hemos organizado este proyecto y d\u00f3nde queremos llegar con \u00e9l.<\/p>\n","protected":false},"excerpt":{"rendered":"<p>Hacer un v\u00eddeo viral es arte, y tambi\u00e9n implica un gran elemento de suerte, no nos enga\u00f1emos. Si tuvi\u00e9ramos la f\u00f3rmula infalible para crear v\u00eddeos virales, no estar\u00edamos aqu\u00ed, sino en alguna playa caribe\u00f1a, viviendo de los anuncios de YouTube. Aun as\u00ed, algunas nociones sobre c\u00f3mo planear un v\u00eddeo viral para dar a conocer nuestro [&hellip;]<\/p>\n","protected":false},"author":1,"featured_media":0,"parent":0,"menu_order":0,"comment_status":"closed","ping_status":"closed","template":"","meta":{"inline_featured_image":false},"acf":[],"_links":{"self":[{"href":"http:\/\/disseny-test.uoc.edu\/materials\/prod-digital\/es\/wp-json\/wp\/v2\/pages\/834"}],"collection":[{"href":"http:\/\/disseny-test.uoc.edu\/materials\/prod-digital\/es\/wp-json\/wp\/v2\/pages"}],"about":[{"href":"http:\/\/disseny-test.uoc.edu\/materials\/prod-digital\/es\/wp-json\/wp\/v2\/types\/page"}],"author":[{"embeddable":true,"href":"http:\/\/disseny-test.uoc.edu\/materials\/prod-digital\/es\/wp-json\/wp\/v2\/users\/1"}],"replies":[{"embeddable":true,"href":"http:\/\/disseny-test.uoc.edu\/materials\/prod-digital\/es\/wp-json\/wp\/v2\/comments?post=834"}],"version-history":[{"count":1,"href":"http:\/\/disseny-test.uoc.edu\/materials\/prod-digital\/es\/wp-json\/wp\/v2\/pages\/834\/revisions"}],"predecessor-version":[{"id":835,"href":"http:\/\/disseny-test.uoc.edu\/materials\/prod-digital\/es\/wp-json\/wp\/v2\/pages\/834\/revisions\/835"}],"wp:attachment":[{"href":"http:\/\/disseny-test.uoc.edu\/materials\/prod-digital\/es\/wp-json\/wp\/v2\/media?parent=834"}],"curies":[{"name":"wp","href":"https:\/\/api.w.org\/{rel}","templated":true}]}}