{"id":842,"date":"2018-01-30T12:29:59","date_gmt":"2018-01-30T12:29:59","guid":{"rendered":"http:\/\/disseny-test.uoc.edu\/materials\/prod-digital\/?page_id=842"},"modified":"2018-01-30T19:11:14","modified_gmt":"2018-01-30T19:11:14","slug":"6-8-3-las-licencias-creative-commons","status":"publish","type":"page","link":"http:\/\/disseny-test.uoc.edu\/materials\/prod-digital\/es\/6-8-3-las-licencias-creative-commons\/","title":{"rendered":"6.8.3. Las licencias Creative Commons"},"content":{"rendered":"<div class=\"featured featured-blue\"><p>Las licencias Creative Commons son una alternativa al sistema de propiedad tradicional de los medios de comunicaci\u00f3n comerciales, y dan mucha m\u00e1s libertad al autor de los contenidos a la hora de decidir qui\u00e9n puede descargar el material y qu\u00e9 puede hacer con el mismo una vez descargado.<\/p>\n<\/div>\n<p>No es necesario tener ning\u00fan acuerdo especial con Creative Commons para incluir alguna de sus licencias en los proyectos. Simplemente, asociamos el tipo de licencia a nuestro producto y lo enviamos a distribuci\u00f3n.<\/p>\n<p>Estas son las licencias t\u00edpicas de Creative Commons:<\/p>\n<table>\n<tbody>\n<tr>\n<th width=\"20%\">No copyright (CC0)<\/th>\n<td width=\"80%\">El autor ofrece su v\u00eddeo de manera libre a quien lo quiera, sin ning\u00fan coste, con la posibilidad de modificarlo y editarlo sin problemas. No hay tampoco necesidad de citar al autor original. Es la licencia de alguien muy generoso, sin duda.<\/td>\n<\/tr>\n<tr>\n<th>\u00a0Atribuci\u00f3n (CC BY)<\/th>\n<td>El autor ofrece su v\u00eddeo de manera libre para ser distribuido, copiado, editado, etc., pero hay que incluir el nombre del autor originario en el resultado final. Si alguien crea una nueva versi\u00f3n, si quiere, puede licenciar su nuevo proyecto de manera diferente (incluso desde un esquema cl\u00e1sico de propiedad intelectual), pero siempre que cite al autor originario.<\/td>\n<\/tr>\n<tr>\n<th>Atribuci\u00f3n &#8211; Compartir<br \/>\nde la misma manera<br \/>\n(CC BY-SA)<\/th>\n<td>Como en el caso anterior, podemos copiar, distribuir y modificar el v\u00eddeo originario, pero tenemos que respetar la licencia original. Es decir, el proyecto que desarrollemos a partir del v\u00eddeo originario tendr\u00e1 que ser tambi\u00e9n copiable, distribuible, modificable, etc., o lo que hayamos especificado en la licencia.<\/td>\n<\/tr>\n<tr>\n<th>\u00a0Atribuci\u00f3n &#8211; No derivs<br \/>\n(CC BY-ND)<\/th>\n<td><em>No-derivs<\/em> aqu\u00ed significa que no est\u00e1 permitida la obra derivada. As\u00ed, podemos copiar y distribuir el material pero no podemos crear nueva obra a partir del mismo. Por ejemplo, si fuera m\u00fasica, no podr\u00edamos ponerla de fondo en el v\u00eddeo que estamos creando.<\/td>\n<\/tr>\n<tr>\n<th>\u00a0Atribuci\u00f3n &#8211; No comercial (CC BY-NC)<\/th>\n<td>Podemos crear nueva obra a partir del elemento originario siempre que citemos al autor y que los resultados sean para un uso comercial. As\u00ed, podemos incluir el fichero de m\u00fasica en nuestro v\u00eddeo siempre que no pensemos cobrar por el mismo.<\/td>\n<\/tr>\n<tr>\n<th>Atribuci\u00f3n &#8211; No comercial &#8211; Compartir de la misma manera (CC BY-NC-SA)<\/th>\n<td>Podemos crear nueva obra siempre que citemos al autor originario, que sea con finalidades no comerciales y que el resultado final se distribuya en las mismas condiciones que hemos indicado en la licencia original.<\/td>\n<\/tr>\n<tr>\n<th>Atribuci\u00f3n &#8211; No comercial &#8211; No derivs (CC BY-NC-ND)<\/th>\n<td>Es la licencia m\u00e1s restrictiva de Creative Commons. No podemos usar el material para crear nueva obra (hay que mencionar al autor), y no se pueden crear proyectos comerciales con el mismo.<\/td>\n<\/tr>\n<\/tbody>\n<\/table>\n<p>Licenciar nuestra propuesta con Creative Commons no es una garant\u00eda de que alguien no se apropie del material que hemos distribuido. Pero es una manera eficaz de especificar legalmente en qu\u00e9 condiciones estamos ofreciendo un producto. Revisad vuestros objetivos y cu\u00e1l es vuestra visi\u00f3n de la propiedad intelectual, y procurad liberar vuestras propuestas y proyectos en alguna de estas licencias.<\/p>\n","protected":false},"excerpt":{"rendered":"<p>No es necesario tener ning\u00fan acuerdo especial con Creative Commons para incluir alguna de sus licencias en los proyectos. Simplemente, asociamos el tipo de licencia a nuestro producto y lo enviamos a distribuci\u00f3n. Estas son las licencias t\u00edpicas de Creative Commons: No copyright (CC0) El autor ofrece su v\u00eddeo de manera libre a quien lo [&hellip;]<\/p>\n","protected":false},"author":1,"featured_media":0,"parent":0,"menu_order":0,"comment_status":"closed","ping_status":"closed","template":"","meta":{"inline_featured_image":false},"acf":[],"_links":{"self":[{"href":"http:\/\/disseny-test.uoc.edu\/materials\/prod-digital\/es\/wp-json\/wp\/v2\/pages\/842"}],"collection":[{"href":"http:\/\/disseny-test.uoc.edu\/materials\/prod-digital\/es\/wp-json\/wp\/v2\/pages"}],"about":[{"href":"http:\/\/disseny-test.uoc.edu\/materials\/prod-digital\/es\/wp-json\/wp\/v2\/types\/page"}],"author":[{"embeddable":true,"href":"http:\/\/disseny-test.uoc.edu\/materials\/prod-digital\/es\/wp-json\/wp\/v2\/users\/1"}],"replies":[{"embeddable":true,"href":"http:\/\/disseny-test.uoc.edu\/materials\/prod-digital\/es\/wp-json\/wp\/v2\/comments?post=842"}],"version-history":[{"count":2,"href":"http:\/\/disseny-test.uoc.edu\/materials\/prod-digital\/es\/wp-json\/wp\/v2\/pages\/842\/revisions"}],"predecessor-version":[{"id":1130,"href":"http:\/\/disseny-test.uoc.edu\/materials\/prod-digital\/es\/wp-json\/wp\/v2\/pages\/842\/revisions\/1130"}],"wp:attachment":[{"href":"http:\/\/disseny-test.uoc.edu\/materials\/prod-digital\/es\/wp-json\/wp\/v2\/media?parent=842"}],"curies":[{"name":"wp","href":"https:\/\/api.w.org\/{rel}","templated":true}]}}