{"id":843,"date":"2018-01-30T12:30:21","date_gmt":"2018-01-30T12:30:21","guid":{"rendered":"http:\/\/disseny-test.uoc.edu\/materials\/prod-digital\/?page_id=843"},"modified":"2018-01-30T12:30:21","modified_gmt":"2018-01-30T12:30:21","slug":"6-8-4-la-propiedad-intelectual-en-las-redes-sociales","status":"publish","type":"page","link":"http:\/\/disseny-test.uoc.edu\/materials\/prod-digital\/es\/6-8-4-la-propiedad-intelectual-en-las-redes-sociales\/","title":{"rendered":"6.8.4. La propiedad intelectual en las redes sociales"},"content":{"rendered":"<p>Hay muchas leyendas sobre la maldad intr\u00ednseca de grandes empresas como Facebook, Twitter o Google (esto no significa que no sean intr\u00ednsecamente malvadas, pero ser\u00eda otro tema que no forma parte de este texto). Una muy extendida es la idea de que las redes sociales son propietarias de todo el material multimedia que subimos. Si uno busca por internet, es f\u00e1cil que encuentre declaraciones terror\u00edficas sobre Facebook, Twitter o Google en las que se otorga la propiedad intelectual de las im\u00e1genes, sonidos y v\u00eddeos que subimos a sus plataformas.<\/p>\n<p>La realidad es t\u00e9cnicamente m\u00e1s compleja: el derecho que se autoadjudican empresas como Facebook relacionadas con las im\u00e1genes y v\u00eddeos que subimos es a poder mostrarse dentro de la aplicaci\u00f3n. En ning\u00fan momento les da derecho a ofrecer estas im\u00e1genes a terceros para que las usen en sus propios proyectos. La \u00fanica manera en que un tercero puede acceder legalmente a nuestras im\u00e1genes es si nosotros le damos un permiso expl\u00edcito desde la aplicaci\u00f3n de Facebook.<\/p>\n<p>Otro aspecto importante de estos tecnicismos legales es que Facebook puede ceder a un tribunal im\u00e1genes que hemos subido a su plataforma, si hay una orden judicial que obligue a Facebook a hacerlo.<\/p>\n<p>De todos modos, antes de subir cualquier proyecto transmedia vuestro a una plataforma de un tercero, os ten\u00e9is que asegurar de leer los t\u00e9rminos y condiciones en letra peque\u00f1a y que no est\u00e1n cediendo derechos vuestros por un plato de lentejas o unos pocos seguidores que os den <em>me gusta<\/em>.<\/p>\n<p>Evidentemente, el hecho de que nadie pueda acceder legalmente sin vuestro permiso a las im\u00e1genes que sub\u00eds a una red social no significa que no pueda hacerlo ilegalmente. De aqu\u00ed la necesidad de tomar algunas precauciones.<\/p>\n<p>La m\u00e1s b\u00e1sica es no subir una imagen, un audio o un v\u00eddeo con m\u00e1s resoluci\u00f3n de la estrictamente necesaria. Esto, adem\u00e1s de hacer que todo vaya m\u00e1s r\u00e1pido y fluido, har\u00e1 m\u00e1s dif\u00edcil que se reutilice, puesto que no tendr\u00e1 la calidad suficiente. Esta es otra raz\u00f3n para cuidar los formatos en los que subimos nuestros proyectos a la Red.<\/p>\n<p>Si no consider\u00e1is suficiente esta medida, no hay nada m\u00e1s sencillo que crear una marca de agua para proteger vuestras im\u00e1genes y v\u00eddeos. Para a\u00f1adir una marca de agua en una imagen, entrad a Photoshop, Gimp o vuestro editor de im\u00e1genes favorito y marcad la imagen con un par de l\u00edneas diagonales haciendo una X. Usad un tama\u00f1o de pincel fino para no estropear la imagen. En internet hay programas para eliminar estas marcas, pero un pirata casual seguramente dejar\u00e1 vuestras fotos tranquilas e ir\u00e1 a buscar otras v\u00edctimas. Para a\u00f1adir una marca de agua en un v\u00eddeo, utilizad la opci\u00f3n de a\u00f1adir texto o una imagen, arrastradlo sobre la pista de v\u00eddeo que quer\u00e9is proteger, id a \u00abEfectos\u00bb y reducid la opacidad al 40 %.<\/p>\n","protected":false},"excerpt":{"rendered":"<p>Hay muchas leyendas sobre la maldad intr\u00ednseca de grandes empresas como Facebook, Twitter o Google (esto no significa que no sean intr\u00ednsecamente malvadas, pero ser\u00eda otro tema que no forma parte de este texto). Una muy extendida es la idea de que las redes sociales son propietarias de todo el material multimedia que subimos. Si [&hellip;]<\/p>\n","protected":false},"author":1,"featured_media":0,"parent":0,"menu_order":0,"comment_status":"closed","ping_status":"closed","template":"","meta":{"inline_featured_image":false},"acf":[],"_links":{"self":[{"href":"http:\/\/disseny-test.uoc.edu\/materials\/prod-digital\/es\/wp-json\/wp\/v2\/pages\/843"}],"collection":[{"href":"http:\/\/disseny-test.uoc.edu\/materials\/prod-digital\/es\/wp-json\/wp\/v2\/pages"}],"about":[{"href":"http:\/\/disseny-test.uoc.edu\/materials\/prod-digital\/es\/wp-json\/wp\/v2\/types\/page"}],"author":[{"embeddable":true,"href":"http:\/\/disseny-test.uoc.edu\/materials\/prod-digital\/es\/wp-json\/wp\/v2\/users\/1"}],"replies":[{"embeddable":true,"href":"http:\/\/disseny-test.uoc.edu\/materials\/prod-digital\/es\/wp-json\/wp\/v2\/comments?post=843"}],"version-history":[{"count":1,"href":"http:\/\/disseny-test.uoc.edu\/materials\/prod-digital\/es\/wp-json\/wp\/v2\/pages\/843\/revisions"}],"predecessor-version":[{"id":845,"href":"http:\/\/disseny-test.uoc.edu\/materials\/prod-digital\/es\/wp-json\/wp\/v2\/pages\/843\/revisions\/845"}],"wp:attachment":[{"href":"http:\/\/disseny-test.uoc.edu\/materials\/prod-digital\/es\/wp-json\/wp\/v2\/media?parent=843"}],"curies":[{"name":"wp","href":"https:\/\/api.w.org\/{rel}","templated":true}]}}