{"id":846,"date":"2018-01-30T12:30:46","date_gmt":"2018-01-30T12:30:46","guid":{"rendered":"http:\/\/disseny-test.uoc.edu\/materials\/prod-digital\/?page_id=846"},"modified":"2018-01-30T12:30:46","modified_gmt":"2018-01-30T12:30:46","slug":"6-9-conclusion","status":"publish","type":"page","link":"http:\/\/disseny-test.uoc.edu\/materials\/prod-digital\/es\/6-9-conclusion\/","title":{"rendered":"6.9. Conclusi\u00f3n"},"content":{"rendered":"<p>Podemos denominarlo proyecto transmedia, creaci\u00f3n digital, producto multimedia, curso en l\u00ednea masivo abierto, o como queramos, pero finalmente todo este tipo de materiales, si es relevante, nos explica una historia.<\/p>\n<p>Por eso es tan importante que en vuestras actuaciones como creadores digitales, m\u00e1s all\u00e1 de demostrar vuestra habilidad t\u00e9cnica, vuestro conocimiento de los diferentes formatos o vuestro dominio de HTML 5, pens\u00e9is siempre en qu\u00e9 quer\u00e9is transmitir, a qui\u00e9n quer\u00e9is llegar y c\u00f3mo pod\u00e9is ofrecer todo esto en una buena historia.<\/p>\n<p>Esperamos que todas las indicaciones que hemos ido recogiendo aqu\u00ed sirvan para que os empoder\u00e9is como creadores digitales, y os animamos a que no os qued\u00e9is aqu\u00ed y, ahora que ten\u00e9is las bases, las explor\u00e9is para dominar m\u00e1s registros y t\u00e9cnicas de creaci\u00f3n digital y desarroll\u00e9is proyectos transmedia, innovadores e impactantes, sin duda, pero tambi\u00e9n sinceros y transformadores.<\/p>\n","protected":false},"excerpt":{"rendered":"<p>Podemos denominarlo proyecto transmedia, creaci\u00f3n digital, producto multimedia, curso en l\u00ednea masivo abierto, o como queramos, pero finalmente todo este tipo de materiales, si es relevante, nos explica una historia. Por eso es tan importante que en vuestras actuaciones como creadores digitales, m\u00e1s all\u00e1 de demostrar vuestra habilidad t\u00e9cnica, vuestro conocimiento de los diferentes formatos [&hellip;]<\/p>\n","protected":false},"author":1,"featured_media":0,"parent":0,"menu_order":0,"comment_status":"closed","ping_status":"closed","template":"","meta":{"inline_featured_image":false},"acf":[],"_links":{"self":[{"href":"http:\/\/disseny-test.uoc.edu\/materials\/prod-digital\/es\/wp-json\/wp\/v2\/pages\/846"}],"collection":[{"href":"http:\/\/disseny-test.uoc.edu\/materials\/prod-digital\/es\/wp-json\/wp\/v2\/pages"}],"about":[{"href":"http:\/\/disseny-test.uoc.edu\/materials\/prod-digital\/es\/wp-json\/wp\/v2\/types\/page"}],"author":[{"embeddable":true,"href":"http:\/\/disseny-test.uoc.edu\/materials\/prod-digital\/es\/wp-json\/wp\/v2\/users\/1"}],"replies":[{"embeddable":true,"href":"http:\/\/disseny-test.uoc.edu\/materials\/prod-digital\/es\/wp-json\/wp\/v2\/comments?post=846"}],"version-history":[{"count":1,"href":"http:\/\/disseny-test.uoc.edu\/materials\/prod-digital\/es\/wp-json\/wp\/v2\/pages\/846\/revisions"}],"predecessor-version":[{"id":847,"href":"http:\/\/disseny-test.uoc.edu\/materials\/prod-digital\/es\/wp-json\/wp\/v2\/pages\/846\/revisions\/847"}],"wp:attachment":[{"href":"http:\/\/disseny-test.uoc.edu\/materials\/prod-digital\/es\/wp-json\/wp\/v2\/media?parent=846"}],"curies":[{"name":"wp","href":"https:\/\/api.w.org\/{rel}","templated":true}]}}