{"id":850,"date":"2018-01-30T12:35:11","date_gmt":"2018-01-30T12:35:11","guid":{"rendered":"http:\/\/disseny-test.uoc.edu\/materials\/prod-digital\/?page_id=850"},"modified":"2018-01-30T12:35:11","modified_gmt":"2018-01-30T12:35:11","slug":"7-2-1-introduccion","status":"publish","type":"page","link":"http:\/\/disseny-test.uoc.edu\/materials\/prod-digital\/es\/7-2-1-introduccion\/","title":{"rendered":"7.2.1. Introducci\u00f3n"},"content":{"rendered":"<p>Los modelos cl\u00e1sicos son los primeros que se producen en los nuevos entornos. Es decir, si analizamos el origen del entorno digital, nos daremos cuenta de que las primeras acciones comerciales que se hicieron fueron reproducciones de los modelos cl\u00e1sicos adaptados a las herramientas digitales. Desde la compra de comida a domicilio hasta la venta de productos f\u00edsicos v\u00eda internet, el origen del comercio digital gir\u00f3 en torno a la reinterpretaci\u00f3n de los modelos cl\u00e1sicos, teniendo en cuenta las nuevas herramientas digitales. En el caso de la comida a domicilio, se cambi\u00f3 el tel\u00e9fono por la p\u00e1gina web; en el caso de la venta de productos, la tienda f\u00edsica por la p\u00e1gina web y el transporte a domicilio, etc.<\/p>\n<div class=\"featured featured-blue\"><p>Los modelos cl\u00e1sicos de venta se digitalizaron ofreciendo los mismos productos, pero con canales de promoci\u00f3n y venta diferentes.<\/p>\n<\/div>\n<p class=\"Normalesp\">En el caso de la producci\u00f3n editorial digital, pas\u00f3 exactamente lo mismo. En los primeros estadios del comercio digital, con la creaci\u00f3n de Amazon a finales de los a\u00f1os noventa, por ejemplo, la venta de libros en papel se desplaz\u00f3 despacio hacia los medios digitales que, a pesar de que vend\u00edan productos f\u00edsicos, lo hac\u00edan en entornos diferentes. Cuando aparecen nuevos objetos digitales, nuevas relecturas de los modelos cl\u00e1sicos, es posible implementar nuevos modelos de negocio basados en caracter\u00edsticas y potencialidades t\u00e9cnicas antes inexistentes.<\/p>\n","protected":false},"excerpt":{"rendered":"<p>Los modelos cl\u00e1sicos son los primeros que se producen en los nuevos entornos. Es decir, si analizamos el origen del entorno digital, nos daremos cuenta de que las primeras acciones comerciales que se hicieron fueron reproducciones de los modelos cl\u00e1sicos adaptados a las herramientas digitales. Desde la compra de comida a domicilio hasta la venta [&hellip;]<\/p>\n","protected":false},"author":1,"featured_media":0,"parent":0,"menu_order":0,"comment_status":"closed","ping_status":"closed","template":"","meta":{"inline_featured_image":false},"acf":[],"_links":{"self":[{"href":"http:\/\/disseny-test.uoc.edu\/materials\/prod-digital\/es\/wp-json\/wp\/v2\/pages\/850"}],"collection":[{"href":"http:\/\/disseny-test.uoc.edu\/materials\/prod-digital\/es\/wp-json\/wp\/v2\/pages"}],"about":[{"href":"http:\/\/disseny-test.uoc.edu\/materials\/prod-digital\/es\/wp-json\/wp\/v2\/types\/page"}],"author":[{"embeddable":true,"href":"http:\/\/disseny-test.uoc.edu\/materials\/prod-digital\/es\/wp-json\/wp\/v2\/users\/1"}],"replies":[{"embeddable":true,"href":"http:\/\/disseny-test.uoc.edu\/materials\/prod-digital\/es\/wp-json\/wp\/v2\/comments?post=850"}],"version-history":[{"count":1,"href":"http:\/\/disseny-test.uoc.edu\/materials\/prod-digital\/es\/wp-json\/wp\/v2\/pages\/850\/revisions"}],"predecessor-version":[{"id":851,"href":"http:\/\/disseny-test.uoc.edu\/materials\/prod-digital\/es\/wp-json\/wp\/v2\/pages\/850\/revisions\/851"}],"wp:attachment":[{"href":"http:\/\/disseny-test.uoc.edu\/materials\/prod-digital\/es\/wp-json\/wp\/v2\/media?parent=850"}],"curies":[{"name":"wp","href":"https:\/\/api.w.org\/{rel}","templated":true}]}}