{"id":852,"date":"2018-01-30T12:37:00","date_gmt":"2018-01-30T12:37:00","guid":{"rendered":"http:\/\/disseny-test.uoc.edu\/materials\/prod-digital\/?page_id=852"},"modified":"2018-01-30T12:37:00","modified_gmt":"2018-01-30T12:37:00","slug":"7-2-2-venta-directa-de-ejemplares-individuales","status":"publish","type":"page","link":"http:\/\/disseny-test.uoc.edu\/materials\/prod-digital\/es\/7-2-2-venta-directa-de-ejemplares-individuales\/","title":{"rendered":"7.2.2. Venta directa de ejemplares individuales"},"content":{"rendered":"<p>La venta directa de ejemplares individuales es todav\u00eda el modelo protagonista para las publicaciones editoriales digitales. Pese a la aparici\u00f3n de nuevos objetos como los libros y las revistas digitales, estos conservan una gran parte de las caracter\u00edsticas formales anal\u00f3gicas, de forma que mantienen vivo el modelo de venta por ejemplar.<\/p>\n<div class=\"featured featured-blue\"><p>El <strong>ejemplar<\/strong> contin\u00faa siendo una referencia para producir contenidos y, si bien en algunos sectores o \u00e1mbitos es f\u00e1cil que evolucione hacia un nuevo medio, parece muy dif\u00edcil imaginar la desaparici\u00f3n del concepto ejemplar del panorama editorial.<\/p>\n<\/div>\n<p>Esto es as\u00ed porque, por definici\u00f3n, la mayor\u00eda de los g\u00e9neros literarios, por ejemplo, necesitan el formato ejemplar para mantener su sentido. Otra cosa son los modelos de venta o de acceso a estos ejemplares que, con toda seguridad, evolucionar\u00e1n.<\/p>\n<p>Este modelo es una reproducci\u00f3n digital del proceso comercial de compra de un producto en una tienda, un modelo que es est\u00e1ndar para todo tipo de productos, no solo los editoriales. Accedemos a un portal que nos ofrece un cat\u00e1logo digital de sus productos, hacemos una selecci\u00f3n virtual y pagamos a continuaci\u00f3n con alg\u00fan medio de pago digital (por ejemplo, PayPal). En el caso de los libros, por ejemplo, compramos un ejemplar a un precio concreto, que obtendremos inmediatamente en el caso de los ejemplares digitales, o recibiremos en casa v\u00eda mensajer\u00eda, en el caso de los libros en papel.<\/p>\n<figure id=\"attachment_48\" aria-describedby=\"caption-attachment-48\" style=\"width: 928px\" class=\"wp-caption aligncenter\"><img loading=\"lazy\" class=\"alignnone size-full wp-image-603\" src=\"http:\/\/disseny-test.uoc.edu\/materials\/prod-digital\/wp-content\/uploads\/sites\/6\/2018\/01\/20015_029-1.png\" alt=\"\" width=\"928\" height=\"666\" srcset=\"http:\/\/disseny-test.uoc.edu\/materials\/prod-digital\/wp-content\/uploads\/sites\/6\/2018\/01\/20015_029-1.png 928w, http:\/\/disseny-test.uoc.edu\/materials\/prod-digital\/wp-content\/uploads\/sites\/6\/2018\/01\/20015_029-1-300x215.png 300w, http:\/\/disseny-test.uoc.edu\/materials\/prod-digital\/wp-content\/uploads\/sites\/6\/2018\/01\/20015_029-1-768x551.png 768w\" sizes=\"(max-width: 928px) 100vw, 928px\" \/><figcaption id=\"caption-attachment-48\" class=\"wp-caption-text\"><strong>Figura 29.<\/strong> Circuito de venta de ejemplares<\/figcaption><\/figure>\n<div class=\"featured featured-blue\"><p>En la <strong>venta por ejemplar<\/strong>, el modelo digital es una reproducci\u00f3n directa del modelo comercial habitual del entorno anal\u00f3gico utilizado todav\u00eda en todo el tejido comercial (f\u00edsico).<\/p>\n<\/div>\n<p>El ejemplo por excelencia de este modelo es el portal Amazon, que encabeza las ventas a escala internacional y que ofrece productos con el modelo \u00abventa por ejemplar\u00bb. eBay o Ali Express son otros ejemplos de macroportales que usan este modelo de negocio para distribuir productos de todo tipo; y, en el caso de los libros digitales o las revistas, las alternativas de Google (Google Books y Google Kiosco) o de Apple (iBooks) son las m\u00e1s habituales. Lo veremos con m\u00e1s detalle en el apartado sobre plataformas de publicaci\u00f3n digitales.<\/p>\n","protected":false},"excerpt":{"rendered":"<p>La venta directa de ejemplares individuales es todav\u00eda el modelo protagonista para las publicaciones editoriales digitales. Pese a la aparici\u00f3n de nuevos objetos como los libros y las revistas digitales, estos conservan una gran parte de las caracter\u00edsticas formales anal\u00f3gicas, de forma que mantienen vivo el modelo de venta por ejemplar. Esto es as\u00ed porque, [&hellip;]<\/p>\n","protected":false},"author":1,"featured_media":0,"parent":0,"menu_order":0,"comment_status":"closed","ping_status":"closed","template":"","meta":{"inline_featured_image":false},"acf":[],"_links":{"self":[{"href":"http:\/\/disseny-test.uoc.edu\/materials\/prod-digital\/es\/wp-json\/wp\/v2\/pages\/852"}],"collection":[{"href":"http:\/\/disseny-test.uoc.edu\/materials\/prod-digital\/es\/wp-json\/wp\/v2\/pages"}],"about":[{"href":"http:\/\/disseny-test.uoc.edu\/materials\/prod-digital\/es\/wp-json\/wp\/v2\/types\/page"}],"author":[{"embeddable":true,"href":"http:\/\/disseny-test.uoc.edu\/materials\/prod-digital\/es\/wp-json\/wp\/v2\/users\/1"}],"replies":[{"embeddable":true,"href":"http:\/\/disseny-test.uoc.edu\/materials\/prod-digital\/es\/wp-json\/wp\/v2\/comments?post=852"}],"version-history":[{"count":1,"href":"http:\/\/disseny-test.uoc.edu\/materials\/prod-digital\/es\/wp-json\/wp\/v2\/pages\/852\/revisions"}],"predecessor-version":[{"id":853,"href":"http:\/\/disseny-test.uoc.edu\/materials\/prod-digital\/es\/wp-json\/wp\/v2\/pages\/852\/revisions\/853"}],"wp:attachment":[{"href":"http:\/\/disseny-test.uoc.edu\/materials\/prod-digital\/es\/wp-json\/wp\/v2\/media?parent=852"}],"curies":[{"name":"wp","href":"https:\/\/api.w.org\/{rel}","templated":true}]}}