{"id":854,"date":"2018-01-30T12:38:40","date_gmt":"2018-01-30T12:38:40","guid":{"rendered":"http:\/\/disseny-test.uoc.edu\/materials\/prod-digital\/?page_id=854"},"modified":"2018-01-30T12:38:40","modified_gmt":"2018-01-30T12:38:40","slug":"7-2-3-contenidos-por-suscripcion","status":"publish","type":"page","link":"http:\/\/disseny-test.uoc.edu\/materials\/prod-digital\/es\/7-2-3-contenidos-por-suscripcion\/","title":{"rendered":"7.2.3. Contenidos por suscripci\u00f3n"},"content":{"rendered":"<p>Otro de los modelos actuales que podemos denominar cl\u00e1sico es el modelo por suscripci\u00f3n. Es cierto que era un modelo anal\u00f3gico menos habitual que el de la venta por ejemplar, pero no es menos cierto que podemos encontrar diferentes ejemplos en los que el lector paga una cantidad fija mensualmente a cambio del acceso a un conjunto de ejemplares o de contenidos editoriales. As\u00ed, desde los clubes de compra de libros, como en su momento el famoso C\u00edrculo de Lectores, hasta las suscripciones mensuales a revistas en papel, el modelo por suscripci\u00f3n no es un modelo de origen digital.<\/p>\n<div class=\"featured featured-blue\"><p>Sin embargo, con la aparici\u00f3n de internet y la posibilidad de acceder digitalmente al contenido, este tipo de modelos han tomado mucho m\u00e1s sentido y se est\u00e1n convirtiendo en un est\u00e1ndar comercial tanto respecto a los contenidos editoriales como al mundo de la m\u00fasica o el audiovisual.<\/p>\n<\/div>\n<p>En el caso del audiovisual, a nadie se le escapa el \u00e9xito de plataformas como Netflix o HBO, en las cuales el usuario paga una tasa fija mensual a cambio de un acceso ilimitado a los contenidos del portal.<\/p>\n<p>En el sector de las publicaciones digitales, el modelo por suscripci\u00f3n se ha transformado en un modelo flexible en el que encontramos casos en los que un pago mensual nos da un acceso ilimitado a un cat\u00e1logo editorial (figura 30), y otros en los que esta suscripci\u00f3n nos permite acceder, adem\u00e1s, a un conjunto de servicios asociados (redes sociales relacionadas, cr\u00edticas de libros, valoraciones de los lectores, recomendaciones, etc.).<\/p>\n<div class=\"featured featured-blue\"><p>De cualquier manera, este modelo se basa en el hecho de que el usuario, el lector en este caso, paga un importe fijo pero continuado para acceder a unos contenidos digitales.<\/p>\n<\/div>\n<p>Este modelo tiene la ventaja de garantizar unos ingresos continuados a la empresa responsable del servicio, y depende menos del \u00e9xito concreto de un ejemplar. Sin embargo, si no ofrecemos contenido de calidad y facilidades para cancelar la suscripci\u00f3n, es un modelo dif\u00edcil de sostener.<\/p>\n<p>Algunos ejemplos interesantes sobre el acceso por suscripci\u00f3n a contenidos editoriales son 24symbols, Safari de O\u2019Reilly o Nubico.<\/p>\n<figure id=\"attachment_49\" aria-describedby=\"caption-attachment-49\" style=\"width: 800px\" class=\"wp-caption aligncenter\"><img loading=\"lazy\" class=\"alignnone size-full wp-image-49\" src=\"http:\/\/disseny-test.uoc.edu\/materials\/prod-digital\/wp-content\/uploads\/sites\/6\/2018\/01\/20015_030.jpg\" alt=\"24symbols ens ofereix acc\u00e9s multidispositiu al seu cat\u00e0leg digital\" width=\"800\" height=\"404\" srcset=\"http:\/\/disseny-test.uoc.edu\/materials\/prod-digital\/wp-content\/uploads\/sites\/6\/2018\/01\/20015_030.jpg 800w, http:\/\/disseny-test.uoc.edu\/materials\/prod-digital\/wp-content\/uploads\/sites\/6\/2018\/01\/20015_030-300x152.jpg 300w, http:\/\/disseny-test.uoc.edu\/materials\/prod-digital\/wp-content\/uploads\/sites\/6\/2018\/01\/20015_030-768x388.jpg 768w\" sizes=\"(max-width: 800px) 100vw, 800px\" \/><figcaption id=\"caption-attachment-49\" class=\"wp-caption-text\"><strong>Figura 30.<\/strong> 24symbols nos ofrece acceso multidispositivo a su cat\u00e1logo digital<\/figcaption><\/figure>\n<figure id=\"attachment_50\" aria-describedby=\"caption-attachment-50\" style=\"width: 800px\" class=\"wp-caption aligncenter\"><img loading=\"lazy\" class=\"alignnone size-full wp-image-50\" src=\"http:\/\/disseny-test.uoc.edu\/materials\/prod-digital\/wp-content\/uploads\/sites\/6\/2018\/01\/20015_031.jpg\" alt=\"Nubico ofereix un servei similar amb acc\u00e9s al cat\u00e0leg amb una tarifa plana\" width=\"800\" height=\"459\" srcset=\"http:\/\/disseny-test.uoc.edu\/materials\/prod-digital\/wp-content\/uploads\/sites\/6\/2018\/01\/20015_031.jpg 800w, http:\/\/disseny-test.uoc.edu\/materials\/prod-digital\/wp-content\/uploads\/sites\/6\/2018\/01\/20015_031-300x172.jpg 300w, http:\/\/disseny-test.uoc.edu\/materials\/prod-digital\/wp-content\/uploads\/sites\/6\/2018\/01\/20015_031-768x441.jpg 768w\" sizes=\"(max-width: 800px) 100vw, 800px\" \/><figcaption id=\"caption-attachment-50\" class=\"wp-caption-text\"><strong>Figura 31.<\/strong> Nubico ofrece un servicio similar con acceso al cat\u00e1logo con una tarifa plana<\/figcaption><\/figure>\n<p>&nbsp;<\/p>\n","protected":false},"excerpt":{"rendered":"<p>Otro de los modelos actuales que podemos denominar cl\u00e1sico es el modelo por suscripci\u00f3n. Es cierto que era un modelo anal\u00f3gico menos habitual que el de la venta por ejemplar, pero no es menos cierto que podemos encontrar diferentes ejemplos en los que el lector paga una cantidad fija mensualmente a cambio del acceso a [&hellip;]<\/p>\n","protected":false},"author":1,"featured_media":0,"parent":0,"menu_order":0,"comment_status":"closed","ping_status":"closed","template":"","meta":{"inline_featured_image":false},"acf":[],"_links":{"self":[{"href":"http:\/\/disseny-test.uoc.edu\/materials\/prod-digital\/es\/wp-json\/wp\/v2\/pages\/854"}],"collection":[{"href":"http:\/\/disseny-test.uoc.edu\/materials\/prod-digital\/es\/wp-json\/wp\/v2\/pages"}],"about":[{"href":"http:\/\/disseny-test.uoc.edu\/materials\/prod-digital\/es\/wp-json\/wp\/v2\/types\/page"}],"author":[{"embeddable":true,"href":"http:\/\/disseny-test.uoc.edu\/materials\/prod-digital\/es\/wp-json\/wp\/v2\/users\/1"}],"replies":[{"embeddable":true,"href":"http:\/\/disseny-test.uoc.edu\/materials\/prod-digital\/es\/wp-json\/wp\/v2\/comments?post=854"}],"version-history":[{"count":1,"href":"http:\/\/disseny-test.uoc.edu\/materials\/prod-digital\/es\/wp-json\/wp\/v2\/pages\/854\/revisions"}],"predecessor-version":[{"id":855,"href":"http:\/\/disseny-test.uoc.edu\/materials\/prod-digital\/es\/wp-json\/wp\/v2\/pages\/854\/revisions\/855"}],"wp:attachment":[{"href":"http:\/\/disseny-test.uoc.edu\/materials\/prod-digital\/es\/wp-json\/wp\/v2\/media?parent=854"}],"curies":[{"name":"wp","href":"https:\/\/api.w.org\/{rel}","templated":true}]}}