{"id":858,"date":"2018-01-30T12:40:37","date_gmt":"2018-01-30T12:40:37","guid":{"rendered":"http:\/\/disseny-test.uoc.edu\/materials\/prod-digital\/?page_id=858"},"modified":"2018-01-30T12:40:37","modified_gmt":"2018-01-30T12:40:37","slug":"7-3-1-introduccion","status":"publish","type":"page","link":"http:\/\/disseny-test.uoc.edu\/materials\/prod-digital\/es\/7-3-1-introduccion\/","title":{"rendered":"7.3.1. Introducci\u00f3n"},"content":{"rendered":"<p>En cuanto a este segundo gran grupo, los <strong>nuevos modelos digitales<\/strong>, tenemos que comentar que, si bien usamos el t\u00e9rmino <em>nuevo<\/em>, este no implica que en muchos casos las nuevas propuestas tambi\u00e9n sean relecturas de modelos de negocio antiguos.<\/p>\n<p>Lo que ocurre en este caso es que la transformaci\u00f3n es m\u00e1s profunda, y las nuevas propuestas se crean en funci\u00f3n de unas condiciones de posibilidad digitales, unas capacidades tecnol\u00f3gicas, antes inexistentes, y dan lugar a nuevos modelos en los que entran en juego conceptos digitales de implantaci\u00f3n reciente.<\/p>\n","protected":false},"excerpt":{"rendered":"<p>En cuanto a este segundo gran grupo, los nuevos modelos digitales, tenemos que comentar que, si bien usamos el t\u00e9rmino nuevo, este no implica que en muchos casos las nuevas propuestas tambi\u00e9n sean relecturas de modelos de negocio antiguos. Lo que ocurre en este caso es que la transformaci\u00f3n es m\u00e1s profunda, y las nuevas [&hellip;]<\/p>\n","protected":false},"author":1,"featured_media":0,"parent":0,"menu_order":0,"comment_status":"closed","ping_status":"closed","template":"","meta":{"inline_featured_image":false},"acf":[],"_links":{"self":[{"href":"http:\/\/disseny-test.uoc.edu\/materials\/prod-digital\/es\/wp-json\/wp\/v2\/pages\/858"}],"collection":[{"href":"http:\/\/disseny-test.uoc.edu\/materials\/prod-digital\/es\/wp-json\/wp\/v2\/pages"}],"about":[{"href":"http:\/\/disseny-test.uoc.edu\/materials\/prod-digital\/es\/wp-json\/wp\/v2\/types\/page"}],"author":[{"embeddable":true,"href":"http:\/\/disseny-test.uoc.edu\/materials\/prod-digital\/es\/wp-json\/wp\/v2\/users\/1"}],"replies":[{"embeddable":true,"href":"http:\/\/disseny-test.uoc.edu\/materials\/prod-digital\/es\/wp-json\/wp\/v2\/comments?post=858"}],"version-history":[{"count":1,"href":"http:\/\/disseny-test.uoc.edu\/materials\/prod-digital\/es\/wp-json\/wp\/v2\/pages\/858\/revisions"}],"predecessor-version":[{"id":859,"href":"http:\/\/disseny-test.uoc.edu\/materials\/prod-digital\/es\/wp-json\/wp\/v2\/pages\/858\/revisions\/859"}],"wp:attachment":[{"href":"http:\/\/disseny-test.uoc.edu\/materials\/prod-digital\/es\/wp-json\/wp\/v2\/media?parent=858"}],"curies":[{"name":"wp","href":"https:\/\/api.w.org\/{rel}","templated":true}]}}