{"id":862,"date":"2018-01-30T12:42:45","date_gmt":"2018-01-30T12:42:45","guid":{"rendered":"http:\/\/disseny-test.uoc.edu\/materials\/prod-digital\/?page_id=862"},"modified":"2018-01-30T12:42:45","modified_gmt":"2018-01-30T12:42:45","slug":"7-3-3-crowdfunding","status":"publish","type":"page","link":"http:\/\/disseny-test.uoc.edu\/materials\/prod-digital\/es\/7-3-3-crowdfunding\/","title":{"rendered":"7.3.3. <em>Crowdfunding<\/em>"},"content":{"rendered":"<p>Se elimina la intervenci\u00f3n de los agentes financieros en el desarrollo de un producto y, a cambio de alg\u00fan retorno (el producto producido, contenidos extra, etc.), el usuario financia el desarrollo del proyecto con peque\u00f1as aportaciones.<\/p>\n<p>Evidentemente, hay diferentes grados de participaci\u00f3n econ\u00f3mica que determinan el valor del retorno obtenido y condicionan la relaci\u00f3n del usuario con el proyecto. Este tipo de iniciativas se usan tanto para proyectos art\u00edsticos como para la fabricaci\u00f3n de productos digitales o para el desarrollo de iniciativas culturales. Por lo tanto, encontraremos opciones de <em>crowdfunding<\/em> m\u00e1s enfocadas a proyectos sociales, como <a href=\"https:\/\/ca.goteo.org\/about\" target=\"_blank\" rel=\"noopener\">Goteo<\/a>, y otras que simplemente se presentan como alternativas comerciales para potenciar proyectos de creaci\u00f3n cultural, como <a href=\"https:\/\/www.verkami.com\/\" target=\"_blank\" rel=\"noopener\">Verkami<\/a>. Una b\u00fasqueda en Google con el t\u00e9rmino <em>crowdfunding<\/em> nos retornar\u00e1 un gran volumen de iniciativas que nos permiten usar este tipo de estrategias comerciales.<\/p>\n<p>Hay que decir que, en este caso, este modelo est\u00e1 pensado para ofrecer soluciones a productos que, por su tipolog\u00eda o p\u00fablico potencial, encuentran dificultades para desarrollar un proyecto cultural o art\u00edstico de dudoso \u00e9xito comercial, hecho que aleja a los inversores tradicionales.<\/p>\n<p>El funcionamiento de este modelo se basa en presentar el producto en la plataforma de <em>crowdfunding<\/em> elegida y en determinar un objetivo econ\u00f3mico para conseguir mediante las donaciones de los usuarios (micromecenas) y el retorno que recibir\u00e1 cada usuario en funci\u00f3n de su aportaci\u00f3n al proyecto. Es una estrategia pensada para ser usada antes de crear un producto, y no tanto para distribuirlo o venderlo posteriormente.<\/p>\n","protected":false},"excerpt":{"rendered":"<p>Se elimina la intervenci\u00f3n de los agentes financieros en el desarrollo de un producto y, a cambio de alg\u00fan retorno (el producto producido, contenidos extra, etc.), el usuario financia el desarrollo del proyecto con peque\u00f1as aportaciones. Evidentemente, hay diferentes grados de participaci\u00f3n econ\u00f3mica que determinan el valor del retorno obtenido y condicionan la relaci\u00f3n del [&hellip;]<\/p>\n","protected":false},"author":1,"featured_media":0,"parent":0,"menu_order":0,"comment_status":"closed","ping_status":"closed","template":"","meta":{"inline_featured_image":false},"acf":[],"_links":{"self":[{"href":"http:\/\/disseny-test.uoc.edu\/materials\/prod-digital\/es\/wp-json\/wp\/v2\/pages\/862"}],"collection":[{"href":"http:\/\/disseny-test.uoc.edu\/materials\/prod-digital\/es\/wp-json\/wp\/v2\/pages"}],"about":[{"href":"http:\/\/disseny-test.uoc.edu\/materials\/prod-digital\/es\/wp-json\/wp\/v2\/types\/page"}],"author":[{"embeddable":true,"href":"http:\/\/disseny-test.uoc.edu\/materials\/prod-digital\/es\/wp-json\/wp\/v2\/users\/1"}],"replies":[{"embeddable":true,"href":"http:\/\/disseny-test.uoc.edu\/materials\/prod-digital\/es\/wp-json\/wp\/v2\/comments?post=862"}],"version-history":[{"count":1,"href":"http:\/\/disseny-test.uoc.edu\/materials\/prod-digital\/es\/wp-json\/wp\/v2\/pages\/862\/revisions"}],"predecessor-version":[{"id":863,"href":"http:\/\/disseny-test.uoc.edu\/materials\/prod-digital\/es\/wp-json\/wp\/v2\/pages\/862\/revisions\/863"}],"wp:attachment":[{"href":"http:\/\/disseny-test.uoc.edu\/materials\/prod-digital\/es\/wp-json\/wp\/v2\/media?parent=862"}],"curies":[{"name":"wp","href":"https:\/\/api.w.org\/{rel}","templated":true}]}}