{"id":864,"date":"2018-01-30T12:44:00","date_gmt":"2018-01-30T12:44:00","guid":{"rendered":"http:\/\/disseny-test.uoc.edu\/materials\/prod-digital\/?page_id=864"},"modified":"2018-01-30T12:44:00","modified_gmt":"2018-01-30T12:44:00","slug":"7-3-4-modelo-de-acceso-libre-open-access","status":"publish","type":"page","link":"http:\/\/disseny-test.uoc.edu\/materials\/prod-digital\/es\/7-3-4-modelo-de-acceso-libre-open-access\/","title":{"rendered":"7.3.4. Modelo de acceso libre (<em>Open Access<\/em>)"},"content":{"rendered":"<p>El modelo de acceso libre es probablemente el m\u00e1s dif\u00edcil de entender como modelo comercial. Es cierto que ofrecer el acceso de manera libre y gratuita a un producto nos aleja de las estrategias de negocio convencionales: no cobraremos un precio por un producto, ni una suscripci\u00f3n mensual ni micropagos a los usuarios para acceder a funcionalidades o contenido extra.<\/p>\n<p>Wikipedia nos dice que el acceso abierto, u <em>open Access<\/em>, se basa en el hecho de que el usuario puede leer, descargar, copiar, manipular y distribuir el contenido sin ninguna restricci\u00f3n. Es un concepto muy habitual en la tecnolog\u00eda digital (por ejemplo, en software de c\u00f3digo abierto u <em>open-source software<\/em>), muy usado en el sector de los sistemas operativos, el acceso a grandes conjuntos de datos, la literatura cient\u00edfica y el software. De este modo, grandes protagonistas del sector inform\u00e1tico como las distribuciones del sistema operativo Linux se basan en esta filosof\u00eda. En el caso del acceso a contenidos, tambi\u00e9n lo denominamos <strong><em>open access<\/em><\/strong> y los principios en los que se basa son los mismos.<\/p>\n<p>Es dif\u00edcil encontrar agentes del sector editorial que ofrezcan acceso libre a sus contenidos sin restricciones ni limitaciones, y este modelo acostumbra a formar parte de la estrategia de semipago, es decir, ofrecemos al lector el acceso libre a una parte reducida del cat\u00e1logo mientras que mantenemos el resto en opciones de pago, ya sea por ejemplar o por suscripci\u00f3n.<\/p>\n<p>Hay diferentes iniciativas relacionadas con el acceso libre que pretenden desarrollar modelos mixtos en los que es el autor quien determina qu\u00e9 se puede hacer y qu\u00e9 no con un producto, y cu\u00e1les son los derechos que quiere mantener y que son cedidos a la comunidad.<\/p>\n<p>La m\u00e1s conocida es <a href=\"https:\/\/creativecommons.org\/\" target=\"_blank\" rel=\"noopener\"><strong>Creative Commons<\/strong><\/a>, que propone licencias de uso libre en las que el autor define el alcance del <em>copyright<\/em> al que se tiene que someter un producto o una obra. En este caso, el autor puede decidir mantener determinados derechos, por ejemplo, no comercializar el producto, o abrir totalmente el contenido para que sea usado, manipulado y distribuido sin restricciones.<\/p>\n<figure id=\"attachment_51\" aria-describedby=\"caption-attachment-51\" style=\"width: 800px\" class=\"wp-caption aligncenter\"><img loading=\"lazy\" class=\"alignnone size-full wp-image-51\" src=\"http:\/\/disseny-test.uoc.edu\/materials\/prod-digital\/wp-content\/uploads\/sites\/6\/2018\/01\/20015_032.jpg\" alt=\"Selecci\u00f3 del tipus de llic\u00e8ncia en funci\u00f3 dels drets de copyright que volem cedir\" width=\"800\" height=\"436\" srcset=\"http:\/\/disseny-test.uoc.edu\/materials\/prod-digital\/wp-content\/uploads\/sites\/6\/2018\/01\/20015_032.jpg 800w, http:\/\/disseny-test.uoc.edu\/materials\/prod-digital\/wp-content\/uploads\/sites\/6\/2018\/01\/20015_032-300x164.jpg 300w, http:\/\/disseny-test.uoc.edu\/materials\/prod-digital\/wp-content\/uploads\/sites\/6\/2018\/01\/20015_032-768x419.jpg 768w\" sizes=\"(max-width: 800px) 100vw, 800px\" \/><figcaption id=\"caption-attachment-51\" class=\"wp-caption-text\"><strong>Figura 32.\u00a0<\/strong>Selecci\u00f3n del tipo de licencia en funci\u00f3n de los derechos de <em>copyright<\/em> que queremos ceder<\/figcaption><\/figure>\n<p>Este tipo de acceso libre al contenido dificulta las formas de obtenci\u00f3n de beneficios por la venta directa de un producto, y se acostumbra a complementar con otras opciones de <strong>participaci\u00f3n<\/strong> <strong>de los usuarios que colaboran desinteresadamente a promocionar un producto o que hacen donaciones para asegurar su continuidad<\/strong>.<\/p>\n<p>Las <strong>donaciones<\/strong> (tambi\u00e9n conocidas como <em>pay-what-you-want<\/em>) se han convertido en un complemento bastante habitual para garantizar un cierto retorno econ\u00f3mico en productos o iniciativas que se ofrecen gratuitamente. El usuario decide, una vez que ha accedido a un contenido, cu\u00e1l es el precio que le quiere dar, y paga en consecuencia. Algunas entidades del mundo del arte han tenido iniciativas similares abriendo las puertas de los museos de manera gratuita a todo el mundo, y esperando que el usuario, <em>a posteriori<\/em>, pague en funci\u00f3n de su nivel en conformidad con la experiencia vivida. Son modelos de resultados muy heterog\u00e9neos y que acostumbran a funcionar mejor en proyectos sociales o que tienen alg\u00fan componente de actuaci\u00f3n desinteresada.<\/p>\n<p>Otras opciones para poder rentabilizar un acceso abierto pasan por<strong> hacer pagar a los autores<\/strong> que escriben en una determinada publicaci\u00f3n y ofrecerles, a cambio, un gran p\u00fablico lector o la posibilidad de dar a conocer su trabajo. Este modelo funciona en publicaciones de un cierto renombre en las que los autores tienen inter\u00e9s en publicar para que esto les abra despu\u00e9s otras puertas.<\/p>\n","protected":false},"excerpt":{"rendered":"<p>El modelo de acceso libre es probablemente el m\u00e1s dif\u00edcil de entender como modelo comercial. Es cierto que ofrecer el acceso de manera libre y gratuita a un producto nos aleja de las estrategias de negocio convencionales: no cobraremos un precio por un producto, ni una suscripci\u00f3n mensual ni micropagos a los usuarios para acceder [&hellip;]<\/p>\n","protected":false},"author":1,"featured_media":0,"parent":0,"menu_order":0,"comment_status":"closed","ping_status":"closed","template":"","meta":{"inline_featured_image":false},"acf":[],"_links":{"self":[{"href":"http:\/\/disseny-test.uoc.edu\/materials\/prod-digital\/es\/wp-json\/wp\/v2\/pages\/864"}],"collection":[{"href":"http:\/\/disseny-test.uoc.edu\/materials\/prod-digital\/es\/wp-json\/wp\/v2\/pages"}],"about":[{"href":"http:\/\/disseny-test.uoc.edu\/materials\/prod-digital\/es\/wp-json\/wp\/v2\/types\/page"}],"author":[{"embeddable":true,"href":"http:\/\/disseny-test.uoc.edu\/materials\/prod-digital\/es\/wp-json\/wp\/v2\/users\/1"}],"replies":[{"embeddable":true,"href":"http:\/\/disseny-test.uoc.edu\/materials\/prod-digital\/es\/wp-json\/wp\/v2\/comments?post=864"}],"version-history":[{"count":1,"href":"http:\/\/disseny-test.uoc.edu\/materials\/prod-digital\/es\/wp-json\/wp\/v2\/pages\/864\/revisions"}],"predecessor-version":[{"id":865,"href":"http:\/\/disseny-test.uoc.edu\/materials\/prod-digital\/es\/wp-json\/wp\/v2\/pages\/864\/revisions\/865"}],"wp:attachment":[{"href":"http:\/\/disseny-test.uoc.edu\/materials\/prod-digital\/es\/wp-json\/wp\/v2\/media?parent=864"}],"curies":[{"name":"wp","href":"https:\/\/api.w.org\/{rel}","templated":true}]}}